{"id":258845,"date":"2024-10-18T07:05:31","date_gmt":"2024-10-18T06:05:31","guid":{"rendered":"https:\/\/www.cavedegeneve.ch\/?post_type=product&#038;p=258845"},"modified":"2025-09-04T15:19:50","modified_gmt":"2025-09-04T14:19:50","slug":"coffret-kir-local","status":"publish","type":"product","link":"https:\/\/www.cavedegeneve.ch\/en\/boutique\/coffret-kir-local\/","title":{"rendered":"Coffret Kir Local"},"content":{"rendered":"<p>Con\u00e7u pour pr\u00e9parer des kirs exquis \u00e0 la maison, ce Coffret Kir Local fera p\u00e9tiller les ap\u00e9ritifs les plus raffin\u00e9s. La bouteille de Baccarat Brut Blanc de Blancs Chardonnay, un vin effervescent d\u00e9licat et \u00e9l\u00e9gant, ainsi que la liqueur de cassis Morand, riche en ar\u00f4mes fruit\u00e9s et profonds, sont toutes deux \u00e9l\u00e9gamment emball\u00e9es dans un portatif kraft. Ces nectars seront vos meilleurs alli\u00e9s pour r\u00e9aliser chez vous de savoureux kirs \u00e0 partir d\u2019ingr\u00e9dients de la r\u00e9gion.<\/p>\n","protected":false},"excerpt":{"rendered":"<p>Con\u00e7u pour pr\u00e9parer des kirs exquis \u00e0 la maison, ce Coffret Kir Local fera p\u00e9tiller les ap\u00e9ritifs les plus raffin\u00e9s. La bouteille de Baccarat Brut Blanc de Blancs Chardonnay, un vin effervescent d\u00e9licat et \u00e9l\u00e9gant, ainsi que la liqueur de cassis Morand, riche en ar\u00f4mes fruit\u00e9s et profonds, sont toutes deux \u00e9l\u00e9gamment emball\u00e9es dans un [&hellip;]<\/p>\n","protected":false},"featured_media":258847,"comment_status":"closed","ping_status":"closed","template":"","meta":{"notes-boisees":[]},"product_brand":[],"product_cat":[358,285,209,286],"product_tag":[942],"class_list":{"0":"post-258845","1":"product","2":"type-product","3":"status-publish","4":"has-post-thumbnail","6":"product_cat-gift-boxes","7":"product_cat-baccarat-en","8":"product_cat-chardonnay-en","9":"product_cat-mousseux-en","10":"product_tag-gift-box","11":"product_shipping_class-coffret-en-2","12":"pa_couleurs-sparkling","14":"first","15":"instock","16":"taxable","17":"shipping-taxable","18":"purchasable","19":"product-type-simple"},"_links":{"self":[{"href":"https:\/\/www.cavedegeneve.ch\/en\/wp-json\/wp\/v2\/product\/258845","targetHints":{"allow":["GET"]}}],"collection":[{"href":"https:\/\/www.cavedegeneve.ch\/en\/wp-json\/wp\/v2\/product"}],"about":[{"href":"https:\/\/www.cavedegeneve.ch\/en\/wp-json\/wp\/v2\/types\/product"}],"replies":[{"embeddable":true,"href":"https:\/\/www.cavedegeneve.ch\/en\/wp-json\/wp\/v2\/comments?post=258845"}],"wp:featuredmedia":[{"embeddable":true,"href":"https:\/\/www.cavedegeneve.ch\/en\/wp-json\/wp\/v2\/media\/258847"}],"wp:attachment":[{"href":"https:\/\/www.cavedegeneve.ch\/en\/wp-json\/wp\/v2\/media?parent=258845"}],"wp:term":[{"taxonomy":"product_brand","embeddable":true,"href":"https:\/\/www.cavedegeneve.ch\/en\/wp-json\/wp\/v2\/product_brand?post=258845"},{"taxonomy":"product_cat","embeddable":true,"href":"https:\/\/www.cavedegeneve.ch\/en\/wp-json\/wp\/v2\/product_cat?post=258845"},{"taxonomy":"product_tag","embeddable":true,"href":"https:\/\/www.cavedegeneve.ch\/en\/wp-json\/wp\/v2\/product_tag?post=258845"}],"curies":[{"name":"wp","href":"https:\/\/api.w.org\/{rel}","templated":true}]}}