{"id":258809,"date":"2024-10-16T13:45:02","date_gmt":"2024-10-16T12:45:02","guid":{"rendered":"https:\/\/www.cavedegeneve.ch\/?post_type=product&#038;p=258809"},"modified":"2025-12-01T09:22:45","modified_gmt":"2025-12-01T08:22:45","slug":"coffret-patrimoine","status":"publish","type":"product","link":"https:\/\/www.cavedegeneve.ch\/en\/boutique\/coffret-patrimoine\/","title":{"rendered":"Coffret Patrimoine"},"content":{"rendered":"<p>Plongez au coeur d\u2019une \u00e9l\u00e9gante combinaison de savoir-faire et de raffinement genevois avec le Coffret Patrimoine. Cet \u00e9crin renferme une bouteille d\u2019Esprit de Gen\u00e8ve AOC, un vin riche en ar\u00f4mes de fruits noirs et r\u00e9glisse, \u00e9labor\u00e9 par notre oenologue Florian Barthassat, qui c\u00e9l\u00e8bre la tradition viticole de la r\u00e9gion. Mais aussi un stylo bille Totally Swiss unique de La Maison Caran d\u2019Ache aux d\u00e9licats motifs helv\u00e9tiques.<\/p>\n<p>Ce coffret unique, v\u00e9ritable invitation \u00e0 savourer et \u00e0 admirer l\u2019h\u00e9ritage genevois sous toutes ses formes, est pr\u00e9sent\u00e9 dans un carton classique. C\u2019est l\u2019attention id\u00e9ale pour marquer une occasion sp\u00e9ciale ou simplement pour se faire plaisir et d\u00e9couvrir le meilleur du terroir.<\/p>\n","protected":false},"excerpt":{"rendered":"<p>Plongez au coeur d\u2019une \u00e9l\u00e9gante combinaison de savoir-faire et de raffinement genevois avec le Coffret Patrimoine. Cet \u00e9crin renferme une bouteille d\u2019Esprit de Gen\u00e8ve AOC, un vin riche en ar\u00f4mes de fruits noirs et r\u00e9glisse, \u00e9labor\u00e9 par notre oenologue Florian Barthassat, qui c\u00e9l\u00e8bre la tradition viticole de la r\u00e9gion. Mais aussi un stylo bille Totally [&hellip;]<\/p>\n","protected":false},"featured_media":261078,"comment_status":"closed","ping_status":"closed","template":"","meta":{"notes-boisees":[]},"product_brand":[],"product_cat":[934,564,358,211,237,212,286],"product_tag":[942],"class_list":{"0":"post-258809","1":"product","2":"type-product","3":"status-publish","4":"has-post-thumbnail","6":"product_cat-cuvees-speciales-en","7":"product_cat-lesprit-de-geneve-en","8":"product_cat-gift-boxes","9":"product_cat-gamaret-en","10":"product_cat-gamay-en","11":"product_cat-merlot-en","12":"product_cat-mousseux-en","13":"product_tag-gift-box","14":"product_shipping_class-coffret-en-2","15":"pa_couleurs-sparkling","17":"first","18":"instock","19":"taxable","20":"shipping-taxable","21":"purchasable","22":"product-type-simple"},"_links":{"self":[{"href":"https:\/\/www.cavedegeneve.ch\/en\/wp-json\/wp\/v2\/product\/258809","targetHints":{"allow":["GET"]}}],"collection":[{"href":"https:\/\/www.cavedegeneve.ch\/en\/wp-json\/wp\/v2\/product"}],"about":[{"href":"https:\/\/www.cavedegeneve.ch\/en\/wp-json\/wp\/v2\/types\/product"}],"replies":[{"embeddable":true,"href":"https:\/\/www.cavedegeneve.ch\/en\/wp-json\/wp\/v2\/comments?post=258809"}],"wp:featuredmedia":[{"embeddable":true,"href":"https:\/\/www.cavedegeneve.ch\/en\/wp-json\/wp\/v2\/media\/261078"}],"wp:attachment":[{"href":"https:\/\/www.cavedegeneve.ch\/en\/wp-json\/wp\/v2\/media?parent=258809"}],"wp:term":[{"taxonomy":"product_brand","embeddable":true,"href":"https:\/\/www.cavedegeneve.ch\/en\/wp-json\/wp\/v2\/product_brand?post=258809"},{"taxonomy":"product_cat","embeddable":true,"href":"https:\/\/www.cavedegeneve.ch\/en\/wp-json\/wp\/v2\/product_cat?post=258809"},{"taxonomy":"product_tag","embeddable":true,"href":"https:\/\/www.cavedegeneve.ch\/en\/wp-json\/wp\/v2\/product_tag?post=258809"}],"curies":[{"name":"wp","href":"https:\/\/api.w.org\/{rel}","templated":true}]}}