{"id":257858,"date":"2024-06-26T10:26:16","date_gmt":"2024-06-26T09:26:16","guid":{"rendered":"https:\/\/www.cavedegeneve.ch\/?post_type=product&#038;p=257858"},"modified":"2026-02-04T14:29:45","modified_gmt":"2026-02-04T13:29:45","slug":"cuvee-1602-blanche-aoc-geneve","status":"publish","type":"product","link":"https:\/\/www.cavedegeneve.ch\/en\/boutique\/cuvee-1602-blanche-aoc-geneve\/","title":{"rendered":"Cuv\u00e9e 1602 Blanche AOC Gen\u00e8ve"},"content":{"rendered":"<h4><em>C\u00e9 qu\u2019\u00e8 lain\u00f4, le Maitre d\u00e9 bataille&#8230;<\/em><br \/>\nTo remember our history and to support the actions of La Compagnie de 1602, we\u2019ve created a special cuv\u00e9e: the Cuv\u00e9e 1602 Blanche, from the thousand-year-old Geneva vineyard.<\/h4>\n<p>This subtle blend combines the elegance of tradition with the exuberance of novelty. An ideal aperitif companion.<\/p>\n","protected":false},"excerpt":{"rendered":"<p>75cl Bottle<\/p>\n","protected":false},"featured_media":258172,"comment_status":"closed","ping_status":"closed","template":"","meta":{"notes-boisees":[]},"product_brand":[],"product_cat":[729,934,207],"product_tag":[837],"class_list":{"0":"post-257858","1":"product","2":"type-product","3":"status-publish","4":"has-post-thumbnail","6":"product_cat-cuvee-1602-en","7":"product_cat-cuvees-speciales-en","8":"product_cat-blanc-en","9":"product_tag-new","10":"product_shipping_class-livraison-en-suisse","11":"pa_couleurs-white","13":"first","14":"instock","15":"taxable","16":"shipping-taxable","17":"purchasable","18":"product-type-simple"},"_links":{"self":[{"href":"https:\/\/www.cavedegeneve.ch\/en\/wp-json\/wp\/v2\/product\/257858","targetHints":{"allow":["GET"]}}],"collection":[{"href":"https:\/\/www.cavedegeneve.ch\/en\/wp-json\/wp\/v2\/product"}],"about":[{"href":"https:\/\/www.cavedegeneve.ch\/en\/wp-json\/wp\/v2\/types\/product"}],"replies":[{"embeddable":true,"href":"https:\/\/www.cavedegeneve.ch\/en\/wp-json\/wp\/v2\/comments?post=257858"}],"wp:featuredmedia":[{"embeddable":true,"href":"https:\/\/www.cavedegeneve.ch\/en\/wp-json\/wp\/v2\/media\/258172"}],"wp:attachment":[{"href":"https:\/\/www.cavedegeneve.ch\/en\/wp-json\/wp\/v2\/media?parent=257858"}],"wp:term":[{"taxonomy":"product_brand","embeddable":true,"href":"https:\/\/www.cavedegeneve.ch\/en\/wp-json\/wp\/v2\/product_brand?post=257858"},{"taxonomy":"product_cat","embeddable":true,"href":"https:\/\/www.cavedegeneve.ch\/en\/wp-json\/wp\/v2\/product_cat?post=257858"},{"taxonomy":"product_tag","embeddable":true,"href":"https:\/\/www.cavedegeneve.ch\/en\/wp-json\/wp\/v2\/product_tag?post=257858"}],"curies":[{"name":"wp","href":"https:\/\/api.w.org\/{rel}","templated":true}]}}