{"id":252092,"date":"2023-08-09T23:02:47","date_gmt":"2023-08-09T22:02:47","guid":{"rendered":"https:\/\/dev.cavedegeneve.ch\/product\/clemence-chasselas-vieilles-vignes-aoc-geneve\/"},"modified":"2026-01-23T11:22:40","modified_gmt":"2026-01-23T10:22:40","slug":"clemence-chasselas-vieilles-vignes-aoc-geneve","status":"publish","type":"product","link":"https:\/\/www.cavedegeneve.ch\/en\/boutique\/clemence-chasselas-vieilles-vignes-aoc-geneve\/","title":{"rendered":"Cl\u00e9mence Chasselas Vieilles Vignes AOC Gen\u00e8ve"},"content":{"rendered":"<p>You are met with the pale gold and crystalline robe of this Cl\u00e9mence Chasselas Vieilles Vignes, which is both fruity and floral. It develops very delicate linden flower (lime blossom) aromas. The grapes are from vines that are more than 25 years old, which are deeply rooted. It is an elegant yet pleasant and easy to drink Chasselas. With its aromatic delicacy and lovely freshness it makes a good aperitif wine but it also pairs beautifully with lake fish, chicken, and white meat.<\/p>\n<p><strong>A little tip:<\/strong> This Cl\u00e9mence Chasselas Vieilles Vignes is perfect with fondue or raclette.<\/p>\n<p>&nbsp;<\/p>\n","protected":false},"excerpt":{"rendered":"<p>75cl Bottle<\/p>\n","protected":false},"featured_media":252428,"comment_status":"closed","ping_status":"closed","template":"","meta":{"notes-boisees":[]},"product_brand":[],"product_cat":[210,254,207],"product_tag":[837],"class_list":{"0":"post-252092","1":"product","2":"type-product","3":"status-publish","4":"has-post-thumbnail","6":"product_cat-clemence-en","7":"product_cat-chasselas-en","8":"product_cat-blanc-en","9":"product_tag-new","10":"product_shipping_class-livraison-en-suisse","12":"first","13":"instock","14":"taxable","15":"shipping-taxable","16":"purchasable","17":"product-type-simple"},"_links":{"self":[{"href":"https:\/\/www.cavedegeneve.ch\/en\/wp-json\/wp\/v2\/product\/252092","targetHints":{"allow":["GET"]}}],"collection":[{"href":"https:\/\/www.cavedegeneve.ch\/en\/wp-json\/wp\/v2\/product"}],"about":[{"href":"https:\/\/www.cavedegeneve.ch\/en\/wp-json\/wp\/v2\/types\/product"}],"replies":[{"embeddable":true,"href":"https:\/\/www.cavedegeneve.ch\/en\/wp-json\/wp\/v2\/comments?post=252092"}],"wp:featuredmedia":[{"embeddable":true,"href":"https:\/\/www.cavedegeneve.ch\/en\/wp-json\/wp\/v2\/media\/252428"}],"wp:attachment":[{"href":"https:\/\/www.cavedegeneve.ch\/en\/wp-json\/wp\/v2\/media?parent=252092"}],"wp:term":[{"taxonomy":"product_brand","embeddable":true,"href":"https:\/\/www.cavedegeneve.ch\/en\/wp-json\/wp\/v2\/product_brand?post=252092"},{"taxonomy":"product_cat","embeddable":true,"href":"https:\/\/www.cavedegeneve.ch\/en\/wp-json\/wp\/v2\/product_cat?post=252092"},{"taxonomy":"product_tag","embeddable":true,"href":"https:\/\/www.cavedegeneve.ch\/en\/wp-json\/wp\/v2\/product_tag?post=252092"}],"curies":[{"name":"wp","href":"https:\/\/api.w.org\/{rel}","templated":true}]}}