{"id":241395,"date":"2016-05-11T10:47:20","date_gmt":"2016-05-11T09:47:20","guid":{"rendered":"https:\/\/cave2023.prz.online\/product\/clemence-cabernet-franc\/"},"modified":"2025-06-26T07:17:15","modified_gmt":"2025-06-26T06:17:15","slug":"clemence-cabernet-franc","status":"publish","type":"product","link":"https:\/\/www.cavedegeneve.ch\/en\/boutique\/clemence-cabernet-franc\/","title":{"rendered":"Cl\u00e9mence Cabernet Franc AOC Gen\u00e8ve"},"content":{"rendered":"<p>Cl\u00e9mence Cabernet Franc has an irresistibly complex personality. Let yourself be charmed by its deep, dark red robe that shows violet highlights when held to the light. The nose offers a mix of black and red fruit aromas with spices and a touch of tobacco. In mouth, this wine, matured in barrels for 10 to 12 months, gives us a sensible balance and a persistent finish. You will appreciate it more fully if you let it breathe before serving it.<\/p>\n","protected":false},"excerpt":{"rendered":"<p>75cl Bottle<\/p>\n","protected":false},"featured_media":10575,"comment_status":"closed","ping_status":"closed","template":"","meta":{"notes-boisees":[]},"product_brand":[],"product_cat":[732,210,208,215],"product_tag":[],"class_list":{"0":"post-241395","1":"product","2":"type-product","3":"status-publish","4":"has-post-thumbnail","6":"product_cat-award-winning-wines","7":"product_cat-clemence-en","8":"product_cat-cabernet-franc-en","9":"product_cat-rouge-en","10":"product_shipping_class-livraison-en-suisse","11":"pa_couleurs-red","12":"pa_volume-75cl-bottle","14":"first","15":"instock","16":"taxable","17":"shipping-taxable","18":"purchasable","19":"product-type-simple"},"_links":{"self":[{"href":"https:\/\/www.cavedegeneve.ch\/en\/wp-json\/wp\/v2\/product\/241395","targetHints":{"allow":["GET"]}}],"collection":[{"href":"https:\/\/www.cavedegeneve.ch\/en\/wp-json\/wp\/v2\/product"}],"about":[{"href":"https:\/\/www.cavedegeneve.ch\/en\/wp-json\/wp\/v2\/types\/product"}],"replies":[{"embeddable":true,"href":"https:\/\/www.cavedegeneve.ch\/en\/wp-json\/wp\/v2\/comments?post=241395"}],"wp:featuredmedia":[{"embeddable":true,"href":"https:\/\/www.cavedegeneve.ch\/en\/wp-json\/wp\/v2\/media\/10575"}],"wp:attachment":[{"href":"https:\/\/www.cavedegeneve.ch\/en\/wp-json\/wp\/v2\/media?parent=241395"}],"wp:term":[{"taxonomy":"product_brand","embeddable":true,"href":"https:\/\/www.cavedegeneve.ch\/en\/wp-json\/wp\/v2\/product_brand?post=241395"},{"taxonomy":"product_cat","embeddable":true,"href":"https:\/\/www.cavedegeneve.ch\/en\/wp-json\/wp\/v2\/product_cat?post=241395"},{"taxonomy":"product_tag","embeddable":true,"href":"https:\/\/www.cavedegeneve.ch\/en\/wp-json\/wp\/v2\/product_tag?post=241395"}],"curies":[{"name":"wp","href":"https:\/\/api.w.org\/{rel}","templated":true}]}}