{"id":241388,"date":"2016-05-11T16:12:02","date_gmt":"2016-05-11T15:12:02","guid":{"rendered":"https:\/\/cave2023.prz.online\/product\/clemence-merlot\/"},"modified":"2026-04-01T07:10:07","modified_gmt":"2026-04-01T06:10:07","slug":"clemence-merlot","status":"publish","type":"product","link":"https:\/\/www.cavedegeneve.ch\/en\/boutique\/clemence-merlot\/","title":{"rendered":"Cl\u00e9mence Merlot AOC Gen\u00e8ve"},"content":{"rendered":"<p>With suppleness and distinguished elegance, this Cl\u00e9mence Merlot displays a strong character, enhanced by ageing for 10 to 12 months in oak barrels. At first glance, it is the intense garnet red colour that seduces you and evokes passion. Then, on the nose, ripe and powerful aromas appear in a crescendo. In addition to its frank and velvety tannins, you will detect aromas of liquorice supported by nuances of black fruits, sweet spices and roasted beans. To appreciate all of its rare flavours, we recommend that you open the bottle in advance, to allow it to breathe to take full advantage of its power.<\/p>\n<p><strong>A gourmet touch<\/strong>: round, ample, full-bodied, this wine is the perfect accompaniment for braised meats, pasta dishes or mushroom fricassees.<\/p>\n","protected":false},"excerpt":{"rendered":"<p>With suppleness and distinguished elegance, this Cl\u00e9mence Merlot displays a strong character, enhanced by ageing for 10 to 12 months in oak barrels. At first glance, it is the intense garnet red colour that seduces you and evokes passion. Then, on the nose, ripe and powerful aromas appear in a crescendo. In addition to its [&hellip;]<\/p>\n","protected":false},"featured_media":10569,"comment_status":"closed","ping_status":"closed","template":"","meta":{"notes-boisees":["notes-boisees"]},"product_brand":[],"product_cat":[955,732,210,212,215],"product_tag":[838],"class_list":{"0":"post-241388","1":"product","2":"type-product","3":"status-publish","4":"has-post-thumbnail","6":"product_cat-promotions-en","7":"product_cat-award-winning-wines","8":"product_cat-clemence-en","9":"product_cat-merlot-en","10":"product_cat-rouge-en","11":"product_tag-promo-en","12":"product_shipping_class-livraison-en-suisse","13":"pa_couleurs-red","14":"pa_volume-75cl-bottle","15":"pa_volume-150cl-bottle","17":"first","18":"instock","19":"sale","20":"taxable","21":"shipping-taxable","22":"purchasable","23":"product-type-variable","24":"has-default-attributes"},"_links":{"self":[{"href":"https:\/\/www.cavedegeneve.ch\/en\/wp-json\/wp\/v2\/product\/241388","targetHints":{"allow":["GET"]}}],"collection":[{"href":"https:\/\/www.cavedegeneve.ch\/en\/wp-json\/wp\/v2\/product"}],"about":[{"href":"https:\/\/www.cavedegeneve.ch\/en\/wp-json\/wp\/v2\/types\/product"}],"replies":[{"embeddable":true,"href":"https:\/\/www.cavedegeneve.ch\/en\/wp-json\/wp\/v2\/comments?post=241388"}],"wp:featuredmedia":[{"embeddable":true,"href":"https:\/\/www.cavedegeneve.ch\/en\/wp-json\/wp\/v2\/media\/10569"}],"wp:attachment":[{"href":"https:\/\/www.cavedegeneve.ch\/en\/wp-json\/wp\/v2\/media?parent=241388"}],"wp:term":[{"taxonomy":"product_brand","embeddable":true,"href":"https:\/\/www.cavedegeneve.ch\/en\/wp-json\/wp\/v2\/product_brand?post=241388"},{"taxonomy":"product_cat","embeddable":true,"href":"https:\/\/www.cavedegeneve.ch\/en\/wp-json\/wp\/v2\/product_cat?post=241388"},{"taxonomy":"product_tag","embeddable":true,"href":"https:\/\/www.cavedegeneve.ch\/en\/wp-json\/wp\/v2\/product_tag?post=241388"}],"curies":[{"name":"wp","href":"https:\/\/api.w.org\/{rel}","templated":true}]}}