{"id":241387,"date":"2016-05-12T07:58:31","date_gmt":"2016-05-12T06:58:31","guid":{"rendered":"https:\/\/cave2023.prz.online\/product\/clemence-viognier\/"},"modified":"2025-12-19T14:37:33","modified_gmt":"2025-12-19T13:37:33","slug":"clemence-viognier","status":"publish","type":"product","link":"https:\/\/www.cavedegeneve.ch\/en\/boutique\/clemence-viognier\/","title":{"rendered":"Cl\u00e9mence Viognier AOC Gen\u00e8ve"},"content":{"rendered":"<p><strong>Cl\u00e9mence Viognier was awarded the special Swiss prize (the best score among all the country&#8217;s wines), during the Citadelles du Vin \u00e0 Bourg 2020 competition.<\/strong><\/p>\n<p>Cl\u00e9mence Viognier, from a thousand-year-old vineyard, is defined by summer fruit aromas. Under a dominant white peach, we can sense apricot, pear and citrus fruits. Little by little, subtle floral notes enhance this wine of marvellous complexity, with a brilliant and clear colour that the pale yellow entices you to taste. Its supple, creamy and fresh attack continues on the palate with an elegant woody note, characteristic of ageing in French oak barrels.<\/p>\n<p><strong>A gourmet touch<\/strong>: the ideal accompaniment for your meals, it will also pair wonderfully with sea fish, shellfish and goat cheeses.<\/p>\n<p>&nbsp;<\/p>\n","protected":false},"excerpt":{"rendered":"<p>75cl Bottle<\/p>\n","protected":false},"featured_media":10563,"comment_status":"closed","ping_status":"closed","template":"","meta":{"notes-boisees":["notes-boisees"]},"product_brand":[],"product_cat":[955,732,210,304,207],"product_tag":[838],"class_list":{"0":"post-241387","1":"product","2":"type-product","3":"status-publish","4":"has-post-thumbnail","6":"product_cat-promotions-en","7":"product_cat-award-winning-wines","8":"product_cat-clemence-en","9":"product_cat-viognier-en","10":"product_cat-blanc-en","11":"product_tag-promo-en","12":"product_shipping_class-livraison-en-suisse","13":"pa_couleurs-white","15":"first","16":"instock","17":"sale","18":"taxable","19":"shipping-taxable","20":"purchasable","21":"product-type-simple"},"_links":{"self":[{"href":"https:\/\/www.cavedegeneve.ch\/en\/wp-json\/wp\/v2\/product\/241387","targetHints":{"allow":["GET"]}}],"collection":[{"href":"https:\/\/www.cavedegeneve.ch\/en\/wp-json\/wp\/v2\/product"}],"about":[{"href":"https:\/\/www.cavedegeneve.ch\/en\/wp-json\/wp\/v2\/types\/product"}],"replies":[{"embeddable":true,"href":"https:\/\/www.cavedegeneve.ch\/en\/wp-json\/wp\/v2\/comments?post=241387"}],"wp:featuredmedia":[{"embeddable":true,"href":"https:\/\/www.cavedegeneve.ch\/en\/wp-json\/wp\/v2\/media\/10563"}],"wp:attachment":[{"href":"https:\/\/www.cavedegeneve.ch\/en\/wp-json\/wp\/v2\/media?parent=241387"}],"wp:term":[{"taxonomy":"product_brand","embeddable":true,"href":"https:\/\/www.cavedegeneve.ch\/en\/wp-json\/wp\/v2\/product_brand?post=241387"},{"taxonomy":"product_cat","embeddable":true,"href":"https:\/\/www.cavedegeneve.ch\/en\/wp-json\/wp\/v2\/product_cat?post=241387"},{"taxonomy":"product_tag","embeddable":true,"href":"https:\/\/www.cavedegeneve.ch\/en\/wp-json\/wp\/v2\/product_tag?post=241387"}],"curies":[{"name":"wp","href":"https:\/\/api.w.org\/{rel}","templated":true}]}}