{"id":241368,"date":"2016-05-18T12:40:46","date_gmt":"2016-05-18T11:40:46","guid":{"rendered":"https:\/\/cave2023.prz.online\/product\/les-vins-de-philippe-chevrier-gamaret\/"},"modified":"2024-11-25T00:25:07","modified_gmt":"2024-11-24T23:25:07","slug":"les-vins-de-philippe-chevrier-gamaret","status":"publish","type":"product","link":"https:\/\/www.cavedegeneve.ch\/en\/boutique\/les-vins-de-philippe-chevrier-gamaret\/","title":{"rendered":"Les vins de Philippe Chevrier Gamaret AOC Gen\u00e8ve"},"content":{"rendered":"<p>\u00c9lev\u00e9 pendant 12 mois en f\u00fbts de ch\u00eane fran\u00e7ais, ce Gamaret \u00e0 la belle robe rouge intense teint\u00e9e de nuances violettes exprime \u00e0 merveille le mariage entre le fruit et le bois. Au nez, ce sont d\u2019abord des notes fum\u00e9es qui apparaissent, puis, ce sont les ar\u00f4mes de fruits noirs qui prennent le relai pour finalement laisser des notes \u00e9pic\u00e9es, florales et fruit\u00e9es se d\u00e9ployer. En bouche, c\u2019est un vin souple et ample qui propose une finale \u00e9l\u00e9gante et \u00e9quilibr\u00e9e.<\/p>\n<p><strong>Le petit plus<\/strong> : pour appr\u00e9cier toute sa palette aromatique, veillez \u00e0 bien le laisser respirer avant de le servir.<\/p>\n","protected":false},"excerpt":{"rendered":"<p>75cl Bottle<\/p>\n","protected":false},"featured_media":10581,"comment_status":"closed","ping_status":"closed","template":"","meta":{"notes-boisees":["notes-boisees"]},"product_brand":[],"product_cat":[732,271,211,215],"product_tag":[],"class_list":{"0":"post-241368","1":"product","2":"type-product","3":"status-publish","4":"has-post-thumbnail","6":"product_cat-award-winning-wines","7":"product_cat-vins-philippe-chevrier-en","8":"product_cat-gamaret-en","9":"product_cat-rouge-en","10":"product_shipping_class-livraison-en-suisse","11":"pa_couleurs-red","12":"pa_volume-75cl-bottle","14":"first","15":"instock","16":"taxable","17":"shipping-taxable","18":"purchasable","19":"product-type-simple"},"_links":{"self":[{"href":"https:\/\/www.cavedegeneve.ch\/en\/wp-json\/wp\/v2\/product\/241368","targetHints":{"allow":["GET"]}}],"collection":[{"href":"https:\/\/www.cavedegeneve.ch\/en\/wp-json\/wp\/v2\/product"}],"about":[{"href":"https:\/\/www.cavedegeneve.ch\/en\/wp-json\/wp\/v2\/types\/product"}],"replies":[{"embeddable":true,"href":"https:\/\/www.cavedegeneve.ch\/en\/wp-json\/wp\/v2\/comments?post=241368"}],"wp:featuredmedia":[{"embeddable":true,"href":"https:\/\/www.cavedegeneve.ch\/en\/wp-json\/wp\/v2\/media\/10581"}],"wp:attachment":[{"href":"https:\/\/www.cavedegeneve.ch\/en\/wp-json\/wp\/v2\/media?parent=241368"}],"wp:term":[{"taxonomy":"product_brand","embeddable":true,"href":"https:\/\/www.cavedegeneve.ch\/en\/wp-json\/wp\/v2\/product_brand?post=241368"},{"taxonomy":"product_cat","embeddable":true,"href":"https:\/\/www.cavedegeneve.ch\/en\/wp-json\/wp\/v2\/product_cat?post=241368"},{"taxonomy":"product_tag","embeddable":true,"href":"https:\/\/www.cavedegeneve.ch\/en\/wp-json\/wp\/v2\/product_tag?post=241368"}],"curies":[{"name":"wp","href":"https:\/\/api.w.org\/{rel}","templated":true}]}}