{"id":241333,"date":"2016-05-18T15:53:41","date_gmt":"2016-05-18T14:53:41","guid":{"rendered":"https:\/\/cave2023.prz.online\/product\/belles-filles-oeil-de-perdrix\/"},"modified":"2026-02-27T16:39:11","modified_gmt":"2026-02-27T15:39:11","slug":"belles-filles-oeil-de-perdrix","status":"publish","type":"product","link":"https:\/\/www.cavedegeneve.ch\/en\/boutique\/belles-filles-oeil-de-perdrix\/","title":{"rendered":"Belles Filles Oeil-de-Perdrix AOC Gen\u00e8ve"},"content":{"rendered":"<p>Pinot Noir made as a ros\u00e9 wine under the name \u0152il-de-Perdrix, a wine that is beautifully round with a powerful nose. It has a large range of intense notes, from peach to strawberry jam. Its sumptuous robe with salmon highlights introduces a classy and captivating wine that seduces you from its rich and supple attack to a mouth that is sensual, unctuous and fruit-filled, then persistent, fresh and incredibly long in mouth. Let it show all its aromas and flavour by serving it either as an aperitif or, better yet, pair it with meat dishes or gently cooked fish. It\u2019s also beautiful with Asian cuisine, whose varied and subtle range is underscored by the wine.<\/p>\n","protected":false},"excerpt":{"rendered":"<p>Pinot Noir made as a ros\u00e9 wine under the name \u0152il-de-Perdrix, a wine that is beautifully round with a powerful nose. It has a large range of intense notes, from peach to strawberry jam. Its sumptuous robe with salmon highlights introduces a classy and captivating wine that seduces you from its rich and supple attack [&hellip;]<\/p>\n","protected":false},"featured_media":10530,"comment_status":"closed","ping_status":"closed","template":"","meta":{"notes-boisees":[]},"product_brand":[],"product_cat":[229,493,231,233],"product_tag":[],"class_list":{"0":"post-241333","1":"product","2":"type-product","3":"status-publish","4":"has-post-thumbnail","6":"product_cat-belles-filles-en","7":"product_cat-oeil-de-perdrix-en","8":"product_cat-pinot-noir-en","9":"product_cat-rose-en","10":"product_shipping_class-livraison-en-suisse","11":"pa_couleurs-rose-en","12":"pa_volume-75cl-bottle","13":"pa_volume-bottle-50cl","15":"first","16":"instock","17":"taxable","18":"shipping-taxable","19":"purchasable","20":"product-type-variable","21":"has-default-attributes"},"_links":{"self":[{"href":"https:\/\/www.cavedegeneve.ch\/en\/wp-json\/wp\/v2\/product\/241333","targetHints":{"allow":["GET"]}}],"collection":[{"href":"https:\/\/www.cavedegeneve.ch\/en\/wp-json\/wp\/v2\/product"}],"about":[{"href":"https:\/\/www.cavedegeneve.ch\/en\/wp-json\/wp\/v2\/types\/product"}],"replies":[{"embeddable":true,"href":"https:\/\/www.cavedegeneve.ch\/en\/wp-json\/wp\/v2\/comments?post=241333"}],"wp:featuredmedia":[{"embeddable":true,"href":"https:\/\/www.cavedegeneve.ch\/en\/wp-json\/wp\/v2\/media\/10530"}],"wp:attachment":[{"href":"https:\/\/www.cavedegeneve.ch\/en\/wp-json\/wp\/v2\/media?parent=241333"}],"wp:term":[{"taxonomy":"product_brand","embeddable":true,"href":"https:\/\/www.cavedegeneve.ch\/en\/wp-json\/wp\/v2\/product_brand?post=241333"},{"taxonomy":"product_cat","embeddable":true,"href":"https:\/\/www.cavedegeneve.ch\/en\/wp-json\/wp\/v2\/product_cat?post=241333"},{"taxonomy":"product_tag","embeddable":true,"href":"https:\/\/www.cavedegeneve.ch\/en\/wp-json\/wp\/v2\/product_tag?post=241333"}],"curies":[{"name":"wp","href":"https:\/\/api.w.org\/{rel}","templated":true}]}}