{"id":241240,"date":"2020-11-27T10:33:53","date_gmt":"2020-11-27T09:33:53","guid":{"rendered":"https:\/\/cave2023.prz.online\/product\/cuvee-1602-landing\/"},"modified":"2025-11-19T10:39:37","modified_gmt":"2025-11-19T09:39:37","slug":"cuvee-1602","status":"publish","type":"product","link":"https:\/\/www.cavedegeneve.ch\/en\/boutique\/cuvee-1602\/","title":{"rendered":"Cuv\u00e9e 1602 Assemblage Rouge AOC Gen\u00e8ve"},"content":{"rendered":"<p><strong>C\u00e9 qu\u2019\u00e8 lain\u00f4, le Maitre d\u00e9 bataille&#8230;<\/strong><\/p>\n<p><strong>To remember our history, and to support the work of La Compagnie de 1602, we&#8217;ve created a special cuv\u00e9e: Cuv\u00e9e 1602, from a thousand-year-old vineyard in Geneva.<\/strong><\/p>\n<p>This blend of Gamaret and Gamay is classically aged in vats to enhance its fruity expression. Its color is an intense red with purplish highlights. The nose expresses a palette of black fruit and spice aromas. On the palate, Cuv\u00e9e 1602 begins with a supple attack, then ripe fruit aromas evolve towards spicy notes, accompanied by elegant tannins.<\/p>\n","protected":false},"excerpt":{"rendered":"<p>Bouteille 75cl<\/p>\n","protected":false},"featured_media":222863,"comment_status":"closed","ping_status":"closed","template":"","meta":{"notes-boisees":[]},"product_brand":[],"product_cat":[729,934,211,237,215],"product_tag":[],"class_list":{"0":"post-241240","1":"product","2":"type-product","3":"status-publish","4":"has-post-thumbnail","6":"product_cat-cuvee-1602-en","7":"product_cat-cuvees-speciales-en","8":"product_cat-gamaret-en","9":"product_cat-gamay-en","10":"product_cat-rouge-en","11":"product_shipping_class-livraison-en-suisse","13":"first","14":"instock","15":"taxable","16":"shipping-taxable","17":"purchasable","18":"product-type-simple"},"_links":{"self":[{"href":"https:\/\/www.cavedegeneve.ch\/en\/wp-json\/wp\/v2\/product\/241240","targetHints":{"allow":["GET"]}}],"collection":[{"href":"https:\/\/www.cavedegeneve.ch\/en\/wp-json\/wp\/v2\/product"}],"about":[{"href":"https:\/\/www.cavedegeneve.ch\/en\/wp-json\/wp\/v2\/types\/product"}],"replies":[{"embeddable":true,"href":"https:\/\/www.cavedegeneve.ch\/en\/wp-json\/wp\/v2\/comments?post=241240"}],"wp:featuredmedia":[{"embeddable":true,"href":"https:\/\/www.cavedegeneve.ch\/en\/wp-json\/wp\/v2\/media\/222863"}],"wp:attachment":[{"href":"https:\/\/www.cavedegeneve.ch\/en\/wp-json\/wp\/v2\/media?parent=241240"}],"wp:term":[{"taxonomy":"product_brand","embeddable":true,"href":"https:\/\/www.cavedegeneve.ch\/en\/wp-json\/wp\/v2\/product_brand?post=241240"},{"taxonomy":"product_cat","embeddable":true,"href":"https:\/\/www.cavedegeneve.ch\/en\/wp-json\/wp\/v2\/product_cat?post=241240"},{"taxonomy":"product_tag","embeddable":true,"href":"https:\/\/www.cavedegeneve.ch\/en\/wp-json\/wp\/v2\/product_tag?post=241240"}],"curies":[{"name":"wp","href":"https:\/\/api.w.org\/{rel}","templated":true}]}}