{"id":241983,"date":"2023-02-21T08:59:10","date_gmt":"2023-02-21T07:59:10","guid":{"rendered":"https:\/\/cave2023.prz.online\/cellar-and-winery\/"},"modified":"2023-10-26T10:16:56","modified_gmt":"2023-10-26T09:16:56","slug":"cellar-and-winery","status":"publish","type":"page","link":"https:\/\/www.cavedegeneve.ch\/en\/cellar-and-winery\/","title":{"rendered":"Cellar and winery"},"content":{"rendered":"\t\t<div data-elementor-type=\"wp-page\" data-elementor-id=\"241983\" class=\"elementor elementor-241983 elementor-233224\" data-elementor-post-type=\"page\">\n\t\t\t\t<div class=\"elementor-element elementor-element-60f0207 e-con-full e-flex elementor-invisible e-con e-parent\" data-id=\"60f0207\" data-element_type=\"container\" data-settings=\"{&quot;jet_parallax_layout_list&quot;:[],&quot;background_background&quot;:&quot;classic&quot;,&quot;animation&quot;:&quot;fadeIn&quot;}\">\n\t\t<div class=\"elementor-element elementor-element-2e90a3d e-con-full e-flex e-con e-child\" data-id=\"2e90a3d\" data-element_type=\"container\" data-settings=\"{&quot;jet_parallax_layout_list&quot;:[]}\">\n\t\t\t\t<\/div>\n\t\t\t\t<\/div>\n\t\t<div class=\"elementor-element elementor-element-fc3a516 e-flex e-con-boxed elementor-invisible e-con e-parent\" data-id=\"fc3a516\" data-element_type=\"container\" data-settings=\"{&quot;jet_parallax_layout_list&quot;:[],&quot;animation&quot;:&quot;fadeIn&quot;}\">\n\t\t\t\t\t<div class=\"e-con-inner\">\n\t\t<div class=\"elementor-element elementor-element-a42858e e-con-full e-flex e-con e-child\" data-id=\"a42858e\" data-element_type=\"container\" data-settings=\"{&quot;jet_parallax_layout_list&quot;:[]}\">\n\t\t\t\t<div class=\"elementor-element elementor-element-5070b21 elementor-icon-list--layout-inline breadcrumbs elementor-list-item-link-full_width elementor-invisible elementor-widget elementor-widget-icon-list\" data-id=\"5070b21\" data-element_type=\"widget\" data-settings=\"{&quot;_animation&quot;:&quot;fadeIn&quot;}\" data-widget_type=\"icon-list.default\">\n\t\t\t\t\t\t\t<ul class=\"elementor-icon-list-items elementor-inline-items\">\n\t\t\t\t\t\t\t<li class=\"elementor-icon-list-item elementor-inline-item\">\n\t\t\t\t\t\t\t\t\t\t\t<a href=\"https:\/\/www.cavedegeneve.ch\/en\/\">\n\n\t\t\t\t\t\t\t\t\t\t\t<span class=\"elementor-icon-list-text\">Accueil<\/span>\n\t\t\t\t\t\t\t\t\t\t\t<\/a>\n\t\t\t\t\t\t\t\t\t<\/li>\n\t\t\t\t\t\t\t\t<li class=\"elementor-icon-list-item elementor-inline-item\">\n\t\t\t\t\t\t\t\t\t\t\t<span class=\"elementor-icon-list-icon\">\n\t\t\t\t\t\t\t<svg xmlns=\"http:\/\/www.w3.org\/2000\/svg\" id=\"a\" viewBox=\"0 0 16 16\"><polygon points=\"5.18 15.35 4.47 14.65 11.12 8 4.47 1.35 5.18 .65 12.53 8 5.18 15.35\"><\/polygon><\/svg>\t\t\t\t\t\t<\/span>\n\t\t\t\t\t\t\t\t\t\t<span class=\"elementor-icon-list-text\">La cave<\/span>\n\t\t\t\t\t\t\t\t\t<\/li>\n\t\t\t\t\t\t\t\t<li class=\"elementor-icon-list-item elementor-inline-item\">\n\t\t\t\t\t\t\t\t\t\t\t<span class=\"elementor-icon-list-icon\">\n\t\t\t\t\t\t\t<svg xmlns=\"http:\/\/www.w3.org\/2000\/svg\" id=\"a\" viewBox=\"0 0 16 16\"><polygon points=\"5.18 15.35 4.47 14.65 11.12 8 4.47 1.35 5.18 .65 12.53 8 5.18 15.35\"><\/polygon><\/svg>\t\t\t\t\t\t<\/span>\n\t\t\t\t\t\t\t\t\t\t<span class=\"elementor-icon-list-text\">Cellar and winery<\/span>\n\t\t\t\t\t\t\t\t\t<\/li>\n\t\t\t\t\t\t<\/ul>\n\t\t\t\t\t\t<\/div>\n\t\t\t\t<div class=\"elementor-element elementor-element-4331a36 elementor-invisible elementor-widget elementor-widget-heading\" data-id=\"4331a36\" data-element_type=\"widget\" data-settings=\"{&quot;_animation&quot;:&quot;fadeInUp&quot;}\" data-widget_type=\"heading.default\">\n\t\t\t\t\t<h1 class=\"elementor-heading-title elementor-size-default\">Cellier et cuverie<\/h1>\t\t\t\t<\/div>\n\t\t\t\t<div class=\"elementor-element elementor-element-817afb2 elementor-invisible elementor-widget elementor-widget-text-editor\" data-id=\"817afb2\" data-element_type=\"widget\" data-settings=\"{&quot;_animation&quot;:&quot;fadeIn&quot;}\" data-widget_type=\"text-editor.default\">\n\t\t\t\t\t\t\t\t\t<p>Pour d\u00e9couvrir l\u2019extr\u00eame vari\u00e9t\u00e9 de ses gammes ou la personnalit\u00e9 attachante de ses vins vinifi\u00e9s et mis en bouteilles sur place, La Cave de Gen\u00e8ve vous invite \u00e0 venir \u00e0 Satigny. Dans un cadre agr\u00e9able, le cellier est aussi un magasin ouvert au public.<\/p>\n\t\t\t\t\t\t\t\t<\/div>\n\t\t<div class=\"elementor-element elementor-element-1bfba5b e-con-full e-flex elementor-invisible e-con e-child\" data-id=\"1bfba5b\" data-element_type=\"container\" data-settings=\"{&quot;jet_parallax_layout_list&quot;:[],&quot;animation&quot;:&quot;fadeIn&quot;}\">\n\t\t<div class=\"elementor-element elementor-element-8e2b2c2 e-con-full e-flex e-con e-child\" data-id=\"8e2b2c2\" data-element_type=\"container\" data-settings=\"{&quot;jet_parallax_layout_list&quot;:[]}\">\n\t\t\t\t<div class=\"elementor-element elementor-element-467791a infobox elementor-position-top elementor-widget elementor-widget-image-box\" data-id=\"467791a\" data-element_type=\"widget\" data-settings=\"{&quot;_animation&quot;:&quot;none&quot;,&quot;_animation_delay&quot;:500}\" data-widget_type=\"image-box.default\">\n\t\t\t\t\t<div class=\"elementor-image-box-wrapper\"><figure class=\"elementor-image-box-img\"><a href=\"https:\/\/www.cavedegeneve.ch\/en\/your-experiences\/our-cellar\/\" tabindex=\"-1\"><img fetchpriority=\"high\" decoding=\"async\" width=\"1080\" height=\"400\" src=\"https:\/\/www.cavedegeneve.ch\/wp-content\/uploads\/Cellier-et-Magasin.jpg\" class=\"attachment-full size-full wp-image-252323\" alt=\"Cellier Magasin Cave Gen\u00e8ve\" srcset=\"https:\/\/www.cavedegeneve.ch\/wp-content\/uploads\/Cellier-et-Magasin.jpg 1080w, https:\/\/www.cavedegeneve.ch\/wp-content\/uploads\/Cellier-et-Magasin-550x204.jpg 550w, https:\/\/www.cavedegeneve.ch\/wp-content\/uploads\/Cellier-et-Magasin-1024x379.jpg 1024w, https:\/\/www.cavedegeneve.ch\/wp-content\/uploads\/Cellier-et-Magasin-300x111.jpg 300w, https:\/\/www.cavedegeneve.ch\/wp-content\/uploads\/Cellier-et-Magasin-600x222.jpg 600w\" sizes=\"(max-width: 1080px) 100vw, 1080px\" \/><\/a><\/figure><div class=\"elementor-image-box-content\"><h3 class=\"elementor-image-box-title\"><a href=\"https:\/\/www.cavedegeneve.ch\/en\/your-experiences\/our-cellar\/\">Cellier &amp; Magasin<\/a><\/h3><p class=\"elementor-image-box-description\">Afin de d\u00e9couvrir l\u2019extr\u00eame vari\u00e9t\u00e9 de ses gammes et les diff\u00e9rentes personnalit\u00e9s de ses vins vinifi\u00e9s et mis en bouteilles sur place, La...<\/p><\/div><\/div>\t\t\t\t<\/div>\n\t\t\t\t<\/div>\n\t\t<div class=\"elementor-element elementor-element-b0f3aaf e-con-full e-flex e-con e-child\" data-id=\"b0f3aaf\" data-element_type=\"container\" data-settings=\"{&quot;jet_parallax_layout_list&quot;:[]}\">\n\t\t\t\t<div class=\"elementor-element elementor-element-9f139ad infobox elementor-position-top elementor-widget elementor-widget-image-box\" data-id=\"9f139ad\" data-element_type=\"widget\" data-widget_type=\"image-box.default\">\n\t\t\t\t\t<div class=\"elementor-image-box-wrapper\"><figure class=\"elementor-image-box-img\"><a href=\"https:\/\/www.cavedegeneve.ch\/en\/zoom-cuverie\/\" tabindex=\"-1\"><img decoding=\"async\" width=\"1080\" height=\"400\" src=\"https:\/\/www.cavedegeneve.ch\/wp-content\/uploads\/zoom-cuverie.jpg\" class=\"attachment-full size-full wp-image-251776\" alt=\"\" srcset=\"https:\/\/www.cavedegeneve.ch\/wp-content\/uploads\/zoom-cuverie.jpg 1080w, https:\/\/www.cavedegeneve.ch\/wp-content\/uploads\/zoom-cuverie-550x204.jpg 550w, https:\/\/www.cavedegeneve.ch\/wp-content\/uploads\/zoom-cuverie-1024x379.jpg 1024w, https:\/\/www.cavedegeneve.ch\/wp-content\/uploads\/zoom-cuverie-300x111.jpg 300w, https:\/\/www.cavedegeneve.ch\/wp-content\/uploads\/zoom-cuverie-600x222.jpg 600w\" sizes=\"(max-width: 1080px) 100vw, 1080px\" \/><\/a><\/figure><div class=\"elementor-image-box-content\"><h3 class=\"elementor-image-box-title\"><a href=\"https:\/\/www.cavedegeneve.ch\/en\/zoom-cuverie\/\">Zoom Cuverie<\/a><\/h3><p class=\"elementor-image-box-description\">Les \u0153nologues de La Cave de Gen\u00e8ve choisissent des barriques de ch\u00eane fran\u00e7ais, r\u00e9put\u00e9es pour la qualit\u00e9 de leur bois et leur fabrication<\/p><\/div><\/div>\t\t\t\t<\/div>\n\t\t\t\t<\/div>\n\t\t\t\t<\/div>\n\t\t\t\t<\/div>\n\t\t\t\t\t<\/div>\n\t\t\t\t<\/div>\n\t\t<div class=\"elementor-element elementor-element-1903006 e-con-full e-flex e-con e-parent\" data-id=\"1903006\" data-element_type=\"container\" data-settings=\"{&quot;jet_parallax_layout_list&quot;:[]}\">\n\t\t<div class=\"elementor-element elementor-element-f9b3a8f e-con-full e-flex e-con e-child\" data-id=\"f9b3a8f\" data-element_type=\"container\" data-settings=\"{&quot;jet_parallax_layout_list&quot;:[]}\">\n\t\t\t\t<div class=\"elementor-element elementor-element-eef2861 elementor-widget elementor-widget-template\" data-id=\"eef2861\" data-element_type=\"widget\" data-widget_type=\"template.default\">\n\t\t\t\t<div class=\"elementor-widget-container\">\n\t\t\t\t\t\t\t<div class=\"elementor-template\">\n\t\t\t\t\t<div data-elementor-type=\"section\" data-elementor-id=\"241158\" class=\"elementor elementor-241158 elementor-233107\" data-elementor-post-type=\"elementor_library\">\n\t\t\t<div class=\"elementor-element elementor-element-8d5d606 e-flex e-con-boxed e-con e-parent\" data-id=\"8d5d606\" data-element_type=\"container\" data-settings=\"{&quot;jet_parallax_layout_list&quot;:[],&quot;background_background&quot;:&quot;classic&quot;}\">\n\t\t\t\t\t<div class=\"e-con-inner\">\n\t\t<div class=\"elementor-element elementor-element-43f7c35 e-con-full e-flex e-con e-child\" data-id=\"43f7c35\" data-element_type=\"container\" data-settings=\"{&quot;jet_parallax_layout_list&quot;:[]}\">\n\t\t\t\t<div class=\"elementor-element elementor-element-9475e0b elementor-invisible elementor-widget elementor-widget-heading\" data-id=\"9475e0b\" data-element_type=\"widget\" data-settings=\"{&quot;_animation&quot;:&quot;fadeInUp&quot;}\" data-widget_type=\"heading.default\">\n\t\t\t\t\t<h3 class=\"elementor-heading-title elementor-size-default\">D\u00e9couvrez nos gammes de vins<\/h3>\t\t\t\t<\/div>\n\t\t\t\t<div class=\"elementor-element elementor-element-df446a1 elementor-widget elementor-widget-jet-carousel\" data-id=\"df446a1\" data-element_type=\"widget\" data-settings=\"{&quot;slides_to_show&quot;:&quot;5&quot;,&quot;slides_to_show_tablet&quot;:&quot;3&quot;,&quot;slides_to_show_mobile&quot;:&quot;1&quot;,&quot;slides_to_scroll&quot;:&quot;1&quot;}\" data-widget_type=\"jet-carousel.default\">\n\t\t\t\t<div class=\"elementor-widget-container\">\n\t\t\t\t\t<div class=\"elementor-jet-carousel jet-elements\"><div class=\"jet-carousel-wrap\">\n\t<div class=\"jet-carousel\" data-slider_options=\"{&quot;autoplaySpeed&quot;:5000,&quot;autoplay&quot;:true,&quot;infinite&quot;:true,&quot;centerMode&quot;:false,&quot;centerPadding&quot;:&quot;50px&quot;,&quot;pauseOnHover&quot;:false,&quot;speed&quot;:500,&quot;arrows&quot;:false,&quot;dots&quot;:false,&quot;variableWidth&quot;:false,&quot;prevArrow&quot;:&quot;.jet-carousel__prev-arrow-df446a1&quot;,&quot;nextArrow&quot;:&quot;.jet-carousel__next-arrow-df446a1&quot;,&quot;rtl&quot;:false,&quot;fractionNav&quot;:false}\" dir=\"ltr\">\n\t<div class=\"elementor-slick-slider\">\n\n<div class=\"jet-carousel__item\">\n\t<div class=\"jet-carousel__item-inner\"><a href=\"https:\/\/www.cavedegeneve.ch\/en\/shop\/?jsf=jet-woo-products-grid&tax=product_cat:19\" class=\"jet-carousel__item-link\" ><img decoding=\"async\" src=\"https:\/\/www.cavedegeneve.ch\/wp-content\/uploads\/logo-clemence-blanc@2x.png\" class=\"jet-carousel__item-img\" alt=\"logo-clemence-blanc@2x\" loading=\"lazy\"><\/a><div class=\"jet-carousel__content\"><h5 class=\"jet-carousel__item-title\">Cl\u00e9mence<\/h5><\/div><\/div>\n<\/div>\n\n<div class=\"jet-carousel__item\">\n\t<div class=\"jet-carousel__item-inner\"><a href=\"https:\/\/www.cavedegeneve.ch\/en\/shop\/?jsf=jet-woo-products-grid&tax=product_cat:43\" class=\"jet-carousel__item-link\" ><img decoding=\"async\" src=\"https:\/\/www.cavedegeneve.ch\/wp-content\/uploads\/logo-baccarat-blanc@2x.png\" class=\"jet-carousel__item-img\" alt=\"logo-baccarat-blanc@2x\" loading=\"lazy\"><\/a><div class=\"jet-carousel__content\"><h5 class=\"jet-carousel__item-title\">Baccarat<\/h5><\/div><\/div>\n<\/div>\n\n<div class=\"jet-carousel__item\">\n\t<div class=\"jet-carousel__item-inner\"><a href=\"https:\/\/www.cavedegeneve.ch\/en\/shop\/?jsf=jet-woo-products-grid&tax=product_cat:69\" class=\"jet-carousel__item-link\" ><img decoding=\"async\" src=\"https:\/\/www.cavedegeneve.ch\/wp-content\/uploads\/logo-belles-filles-blanc@2x.png\" class=\"jet-carousel__item-img\" alt=\"logo-belles-filles-blanc@2x\" loading=\"lazy\"><\/a><div class=\"jet-carousel__content\"><h5 class=\"jet-carousel__item-title\">Belles Filles<\/h5><\/div><\/div>\n<\/div>\n\n<div class=\"jet-carousel__item\">\n\t<div class=\"jet-carousel__item-inner\"><a href=\"https:\/\/www.cavedegeneve.ch\/en\/shop\/?jsf=jet-woo-products-grid&tax=product_cat:53\" class=\"jet-carousel__item-link\" ><img decoding=\"async\" src=\"https:\/\/www.cavedegeneve.ch\/wp-content\/uploads\/logo-philippe-chevrier640x400-white@2x.png\" class=\"jet-carousel__item-img\" alt=\"logo-philippe-chevrier640x400-white@2x\" loading=\"lazy\"><\/a><div class=\"jet-carousel__content\"><h5 class=\"jet-carousel__item-title\">philippe chevrier<\/h5><\/div><\/div>\n<\/div>\n\n<div class=\"jet-carousel__item\">\n\t<div class=\"jet-carousel__item-inner\"><a href=\"https:\/\/www.cavedegeneve.ch\/en\/shop\/?jsf=jet-woo-products-grid&tax=product_cat:518\" class=\"jet-carousel__item-link\" ><img decoding=\"async\" src=\"https:\/\/www.cavedegeneve.ch\/wp-content\/uploads\/logo-infini-blanc@2x.png\" class=\"jet-carousel__item-img\" alt=\"logo-infini-blanc@2x\" loading=\"lazy\"><\/a><div class=\"jet-carousel__content\"><h5 class=\"jet-carousel__item-title\">INFINI<\/h5><\/div><\/div>\n<\/div>\n<\/div><\/div>\n<\/div>\n<\/div>\t\t\t\t<\/div>\n\t\t\t\t<\/div>\n\t\t\t\t<div class=\"elementor-element elementor-element-6146a65 elementor-hidden-desktop elementor-hidden-tablet elementor-hidden-mobile elementor-widget elementor-widget-jet-listing-grid\" data-id=\"6146a65\" data-element_type=\"widget\" data-settings=\"{&quot;columns&quot;:&quot;5&quot;,&quot;columns_tablet&quot;:&quot;3&quot;,&quot;columns_mobile&quot;:&quot;1&quot;}\" data-widget_type=\"jet-listing-grid.default\">\n\t\t\t\t\t<div class=\"jet-listing-grid jet-listing\"><div class=\"jet-listing-not-found jet-listing-grid__items\" data-nav=\"{&quot;enabled&quot;:false,&quot;type&quot;:null,&quot;more_el&quot;:null,&quot;query&quot;:[],&quot;widget_settings&quot;:{&quot;lisitng_id&quot;:233505,&quot;posts_num&quot;:6,&quot;columns&quot;:5,&quot;columns_tablet&quot;:3,&quot;columns_mobile&quot;:1,&quot;column_min_width&quot;:240,&quot;column_min_width_tablet&quot;:240,&quot;column_min_width_mobile&quot;:240,&quot;inline_columns_css&quot;:false,&quot;is_archive_template&quot;:&quot;&quot;,&quot;post_status&quot;:[&quot;publish&quot;],&quot;use_random_posts_num&quot;:&quot;&quot;,&quot;max_posts_num&quot;:9,&quot;not_found_message&quot;:&quot;No data was found&quot;,&quot;is_masonry&quot;:false,&quot;equal_columns_height&quot;:&quot;&quot;,&quot;use_load_more&quot;:&quot;&quot;,&quot;load_more_id&quot;:&quot;&quot;,&quot;load_more_type&quot;:&quot;click&quot;,&quot;load_more_offset&quot;:{&quot;unit&quot;:&quot;px&quot;,&quot;size&quot;:0,&quot;sizes&quot;:[]},&quot;use_custom_post_types&quot;:&quot;&quot;,&quot;custom_post_types&quot;:[],&quot;hide_widget_if&quot;:&quot;&quot;,&quot;carousel_enabled&quot;:&quot;yes&quot;,&quot;slides_to_scroll&quot;:&quot;1&quot;,&quot;arrows&quot;:&quot;true&quot;,&quot;arrow_icon&quot;:&quot;fa fa-angle-left&quot;,&quot;dots&quot;:&quot;&quot;,&quot;autoplay&quot;:&quot;true&quot;,&quot;pause_on_hover&quot;:&quot;true&quot;,&quot;autoplay_speed&quot;:5000,&quot;infinite&quot;:&quot;true&quot;,&quot;center_mode&quot;:&quot;&quot;,&quot;effect&quot;:&quot;slide&quot;,&quot;speed&quot;:500,&quot;inject_alternative_items&quot;:&quot;&quot;,&quot;injection_items&quot;:[],&quot;scroll_slider_enabled&quot;:&quot;&quot;,&quot;scroll_slider_on&quot;:[&quot;desktop&quot;,&quot;tablet&quot;,&quot;mobile&quot;],&quot;custom_query&quot;:false,&quot;custom_query_id&quot;:&quot;&quot;,&quot;_element_id&quot;:&quot;&quot;,&quot;collapse_first_last_gap&quot;:false,&quot;list_tag_selection&quot;:&quot;&quot;,&quot;list_items_wrapper_tag&quot;:&quot;div&quot;,&quot;list_item_tag&quot;:&quot;div&quot;,&quot;empty_items_wrapper_tag&quot;:&quot;div&quot;}}\" data-listing-source=\"posts\" data-listing-id=\"233505\" data-query-id=\"\" data-queried-id=\"241983|WP_Post\"><\/div><\/div>\t\t\t\t<\/div>\n\t\t\t\t<\/div>\n\t\t\t\t\t<\/div>\n\t\t\t\t<\/div>\n\t\t\t\t<\/div>\n\t\t\t\t<\/div>\n\t\t\t\t\t\t<\/div>\n\t\t\t\t<\/div>\n\t\t\t\t<\/div>\n\t\t\t\t<\/div>\n\t\t\t\t<\/div>\n\t\t","protected":false},"excerpt":{"rendered":"<p>Accueil La cave Cellier et cuverie Pour d\u00e9couvrir l\u2019extr\u00eame vari\u00e9t\u00e9 de ses gammes ou la personnalit\u00e9 attachante de ses vins vinifi\u00e9s et mis en bouteilles sur place, La Cave de Gen\u00e8ve vous invite \u00e0 venir \u00e0 Satigny. Dans un cadre agr\u00e9able, le cellier est aussi un magasin ouvert au public. Cellier &#038; Magasin Afin de [&hellip;]<\/p>\n","protected":false},"author":1434,"featured_media":0,"parent":0,"menu_order":0,"comment_status":"closed","ping_status":"closed","template":"","meta":{"footnotes":""},"class_list":["post-241983","page","type-page","status-publish","hentry"],"_links":{"self":[{"href":"https:\/\/www.cavedegeneve.ch\/en\/wp-json\/wp\/v2\/pages\/241983","targetHints":{"allow":["GET"]}}],"collection":[{"href":"https:\/\/www.cavedegeneve.ch\/en\/wp-json\/wp\/v2\/pages"}],"about":[{"href":"https:\/\/www.cavedegeneve.ch\/en\/wp-json\/wp\/v2\/types\/page"}],"author":[{"embeddable":true,"href":"https:\/\/www.cavedegeneve.ch\/en\/wp-json\/wp\/v2\/users\/1434"}],"replies":[{"embeddable":true,"href":"https:\/\/www.cavedegeneve.ch\/en\/wp-json\/wp\/v2\/comments?post=241983"}],"version-history":[{"count":0,"href":"https:\/\/www.cavedegeneve.ch\/en\/wp-json\/wp\/v2\/pages\/241983\/revisions"}],"wp:attachment":[{"href":"https:\/\/www.cavedegeneve.ch\/en\/wp-json\/wp\/v2\/media?parent=241983"}],"curies":[{"name":"wp","href":"https:\/\/api.w.org\/{rel}","templated":true}]}}