{"id":261086,"date":"2025-12-01T12:26:42","date_gmt":"2025-12-01T11:26:42","guid":{"rendered":"https:\/\/www.cavedegeneve.ch\/?post_type=product&#038;p=261086"},"modified":"2025-12-01T12:29:38","modified_gmt":"2025-12-01T11:29:38","slug":"set-les-decouvertes","status":"publish","type":"product","link":"https:\/\/www.cavedegeneve.ch\/de\/boutique\/set-les-decouvertes\/","title":{"rendered":"Set &#8222;Les D\u00e9couvertes&#8220;"},"content":{"rendered":"<p>Mit diesen drei Cl\u00e9mence-Weinen begeben Sie sich auf eine Reise, die alle Sinne verw\u00f6hnt.<\/p>\n","protected":false},"excerpt":{"rendered":"<p>Mit diesen drei Cl\u00e9mence-Weinen begeben Sie sich auf eine Reise, die alle Sinne verw\u00f6hnt.<\/p>\n","protected":false},"featured_media":258492,"comment_status":"closed","ping_status":"closed","template":"","meta":{"notes-boisees":[]},"product_brand":[],"product_cat":[359,490],"product_tag":[],"class_list":{"0":"post-261086","1":"product","2":"type-product","3":"status-publish","4":"has-post-thumbnail","6":"product_cat-geschenkboxen","7":"product_cat-geschenkboxen-kurse-gutscheine","8":"product_shipping_class-coffret-de","10":"first","11":"instock","12":"taxable","13":"shipping-taxable","14":"purchasable","15":"product-type-simple"},"_links":{"self":[{"href":"https:\/\/www.cavedegeneve.ch\/de\/wp-json\/wp\/v2\/product\/261086","targetHints":{"allow":["GET"]}}],"collection":[{"href":"https:\/\/www.cavedegeneve.ch\/de\/wp-json\/wp\/v2\/product"}],"about":[{"href":"https:\/\/www.cavedegeneve.ch\/de\/wp-json\/wp\/v2\/types\/product"}],"replies":[{"embeddable":true,"href":"https:\/\/www.cavedegeneve.ch\/de\/wp-json\/wp\/v2\/comments?post=261086"}],"wp:featuredmedia":[{"embeddable":true,"href":"https:\/\/www.cavedegeneve.ch\/de\/wp-json\/wp\/v2\/media\/258492"}],"wp:attachment":[{"href":"https:\/\/www.cavedegeneve.ch\/de\/wp-json\/wp\/v2\/media?parent=261086"}],"wp:term":[{"taxonomy":"product_brand","embeddable":true,"href":"https:\/\/www.cavedegeneve.ch\/de\/wp-json\/wp\/v2\/product_brand?post=261086"},{"taxonomy":"product_cat","embeddable":true,"href":"https:\/\/www.cavedegeneve.ch\/de\/wp-json\/wp\/v2\/product_cat?post=261086"},{"taxonomy":"product_tag","embeddable":true,"href":"https:\/\/www.cavedegeneve.ch\/de\/wp-json\/wp\/v2\/product_tag?post=261086"}],"curies":[{"name":"wp","href":"https:\/\/api.w.org\/{rel}","templated":true}]}}