{"id":261034,"date":"2024-09-17T15:00:51","date_gmt":"2024-09-17T14:00:51","guid":{"rendered":"https:\/\/www.cavedegeneve.ch\/boutique\/set-les-barriques\/"},"modified":"2025-12-01T12:24:31","modified_gmt":"2025-12-01T11:24:31","slug":"set-les-barriques","status":"publish","type":"product","link":"https:\/\/www.cavedegeneve.ch\/de\/boutique\/set-les-barriques\/","title":{"rendered":"Set &#8222;Les Barriqu\u00e9s&#8220;"},"content":{"rendered":"<p>Zwei aussergew\u00f6hnliche Weine, in Eichenf\u00e4ssern gereift, vereint in einer Geschenkbox. <\/p>\n<p>&nbsp;<\/p>\n","protected":false},"excerpt":{"rendered":"<p>Zwei aussergew\u00f6hnliche Weine, in Eichenf\u00e4ssern gereift, vereint in einer Geschenkbox. &nbsp;<\/p>\n","protected":false},"featured_media":260705,"comment_status":"closed","ping_status":"closed","template":"","meta":{"notes-boisees":[]},"product_brand":[],"product_cat":[490,359,164,181,165,192,409,161,169],"product_tag":[944],"class_list":{"0":"post-261034","1":"product","2":"type-product","3":"status-publish","4":"has-post-thumbnail","6":"product_cat-geschenkboxen-kurse-gutscheine","7":"product_cat-geschenkboxen","8":"product_cat-clemence-de","9":"product_cat-chasselas-de","10":"product_cat-gamaret-de","11":"product_cat-syrah-de","12":"product_cat-divico-de","13":"product_cat-weisswein","14":"product_cat-rotwein","15":"product_tag-boxen","16":"product_shipping_class-coffret-de","17":"pa_couleurs-rotwein","18":"pa_couleurs-weiss","20":"first","21":"instock","22":"taxable","23":"shipping-taxable","24":"purchasable","25":"product-type-simple"},"_links":{"self":[{"href":"https:\/\/www.cavedegeneve.ch\/de\/wp-json\/wp\/v2\/product\/261034","targetHints":{"allow":["GET"]}}],"collection":[{"href":"https:\/\/www.cavedegeneve.ch\/de\/wp-json\/wp\/v2\/product"}],"about":[{"href":"https:\/\/www.cavedegeneve.ch\/de\/wp-json\/wp\/v2\/types\/product"}],"replies":[{"embeddable":true,"href":"https:\/\/www.cavedegeneve.ch\/de\/wp-json\/wp\/v2\/comments?post=261034"}],"wp:featuredmedia":[{"embeddable":true,"href":"https:\/\/www.cavedegeneve.ch\/de\/wp-json\/wp\/v2\/media\/260705"}],"wp:attachment":[{"href":"https:\/\/www.cavedegeneve.ch\/de\/wp-json\/wp\/v2\/media?parent=261034"}],"wp:term":[{"taxonomy":"product_brand","embeddable":true,"href":"https:\/\/www.cavedegeneve.ch\/de\/wp-json\/wp\/v2\/product_brand?post=261034"},{"taxonomy":"product_cat","embeddable":true,"href":"https:\/\/www.cavedegeneve.ch\/de\/wp-json\/wp\/v2\/product_cat?post=261034"},{"taxonomy":"product_tag","embeddable":true,"href":"https:\/\/www.cavedegeneve.ch\/de\/wp-json\/wp\/v2\/product_tag?post=261034"}],"curies":[{"name":"wp","href":"https:\/\/api.w.org\/{rel}","templated":true}]}}