{"id":260293,"date":"2025-05-15T10:44:06","date_gmt":"2025-05-15T09:44:06","guid":{"rendered":"https:\/\/www.cavedegeneve.ch\/boutique\/nomade-rose-bio-bourgeon-reconversion\/"},"modified":"2025-08-18T07:42:19","modified_gmt":"2025-08-18T06:42:19","slug":"nomade-rose-bio","status":"publish","type":"product","link":"https:\/\/www.cavedegeneve.ch\/de\/boutique\/nomade-rose-bio\/","title":{"rendered":"Nomade Ros\u00e9 &#8211; Bio Bourgeon Reconversion"},"content":{"rendered":"<p>Der Nomade Ros\u00e9 ist eine Cuv\u00e9e aus Gamay und Gamaret. Er begeistert mit seiner leuchtenden Farbe und einer ausdrucksstarken Nase mit Aromen von frischen Fr\u00fcchten und feinen Gew\u00fcrznoten. Am Gaumen zeigt er sich angenehm frisch, mit sanfter Textur und einem eleganten, lang anhaltenden Abgang \u2013 der perfekte Begleiter f\u00fcr sonnige Tage.<\/p>\n","protected":false},"excerpt":{"rendered":"<p>Der Nomade Ros\u00e9 ist eine Cuv\u00e9e aus Gamay und Gamaret. Er begeistert mit seiner leuchtenden Farbe und einer ausdrucksstarken Nase mit Aromen von frischen Fr\u00fcchten und feinen Gew\u00fcrznoten. Am Gaumen zeigt er sich angenehm frisch, mit sanfter Textur und einem eleganten, lang anhaltenden Abgang \u2013 der perfekte Begleiter f\u00fcr sonnige Tage.<\/p>\n","protected":false},"featured_media":260074,"comment_status":"closed","ping_status":"closed","template":"","meta":{"notes-boisees":[]},"product_brand":[],"product_cat":[956,195,165,182,178],"product_tag":[846,845],"class_list":{"0":"post-260293","1":"product","2":"type-product","3":"status-publish","4":"has-post-thumbnail","6":"product_cat-promotions-de","7":"product_cat-bio-wein-all","8":"product_cat-gamaret-de","9":"product_cat-gamay-de","10":"product_cat-rosewein","11":"product_tag-angebot","12":"product_tag-neu","14":"first","15":"instock","16":"sale","17":"taxable","18":"shipping-taxable","19":"purchasable","20":"product-type-simple"},"_links":{"self":[{"href":"https:\/\/www.cavedegeneve.ch\/de\/wp-json\/wp\/v2\/product\/260293","targetHints":{"allow":["GET"]}}],"collection":[{"href":"https:\/\/www.cavedegeneve.ch\/de\/wp-json\/wp\/v2\/product"}],"about":[{"href":"https:\/\/www.cavedegeneve.ch\/de\/wp-json\/wp\/v2\/types\/product"}],"replies":[{"embeddable":true,"href":"https:\/\/www.cavedegeneve.ch\/de\/wp-json\/wp\/v2\/comments?post=260293"}],"wp:featuredmedia":[{"embeddable":true,"href":"https:\/\/www.cavedegeneve.ch\/de\/wp-json\/wp\/v2\/media\/260074"}],"wp:attachment":[{"href":"https:\/\/www.cavedegeneve.ch\/de\/wp-json\/wp\/v2\/media?parent=260293"}],"wp:term":[{"taxonomy":"product_brand","embeddable":true,"href":"https:\/\/www.cavedegeneve.ch\/de\/wp-json\/wp\/v2\/product_brand?post=260293"},{"taxonomy":"product_cat","embeddable":true,"href":"https:\/\/www.cavedegeneve.ch\/de\/wp-json\/wp\/v2\/product_cat?post=260293"},{"taxonomy":"product_tag","embeddable":true,"href":"https:\/\/www.cavedegeneve.ch\/de\/wp-json\/wp\/v2\/product_tag?post=260293"}],"curies":[{"name":"wp","href":"https:\/\/api.w.org\/{rel}","templated":true}]}}