{"id":260292,"date":"2025-05-15T10:44:02","date_gmt":"2025-05-15T09:44:02","guid":{"rendered":"https:\/\/www.cavedegeneve.ch\/boutique\/nomade-blanc-bio-bourgeon-reconversion\/"},"modified":"2025-05-15T10:44:02","modified_gmt":"2025-05-15T09:44:02","slug":"nomade-blanc-bio-bourgeon-reconversion","status":"publish","type":"product","link":"https:\/\/www.cavedegeneve.ch\/de\/boutique\/nomade-blanc-bio-bourgeon-reconversion\/","title":{"rendered":"Nomade Blanc &#8211; Bio Bourgeon Reconversion"},"content":{"rendered":"<p>Nomade Blanc ist eine harmonische Assemblage aus Chasselas und Chardonnay und offenbart einen frischen und fruchtigen Geschmack, bei dem sich die belebende S\u00e4ure mit einer angenehmen F\u00fclle verbindet. Dieser authentische Wein, der von der Typizit\u00e4t unseres Terroirs gepr\u00e4gt ist, ist eine Einladung zu Geselligkeit und Leichtigkeit. <\/p>\n","protected":false},"excerpt":{"rendered":"<p>Nomade Blanc ist eine harmonische Assemblage aus Chasselas und Chardonnay und offenbart einen frischen und fruchtigen Geschmack, bei dem sich die belebende S\u00e4ure mit einer angenehmen F\u00fclle verbindet. Dieser authentische Wein, der von der Typizit\u00e4t unseres Terroirs gepr\u00e4gt ist, ist eine Einladung zu Geselligkeit und Leichtigkeit.<\/p>\n","protected":false},"featured_media":260078,"comment_status":"closed","ping_status":"closed","template":"","meta":{"notes-boisees":[]},"product_brand":[],"product_cat":[956,195,163,181,161],"product_tag":[846,845],"class_list":{"0":"post-260292","1":"product","2":"type-product","3":"status-publish","4":"has-post-thumbnail","6":"product_cat-promotions-de","7":"product_cat-bio-wein-all","8":"product_cat-chardonnay-de","9":"product_cat-chasselas-de","10":"product_cat-weisswein","11":"product_tag-angebot","12":"product_tag-neu","14":"first","15":"instock","16":"sale","17":"taxable","18":"shipping-taxable","19":"purchasable","20":"product-type-simple"},"_links":{"self":[{"href":"https:\/\/www.cavedegeneve.ch\/de\/wp-json\/wp\/v2\/product\/260292","targetHints":{"allow":["GET"]}}],"collection":[{"href":"https:\/\/www.cavedegeneve.ch\/de\/wp-json\/wp\/v2\/product"}],"about":[{"href":"https:\/\/www.cavedegeneve.ch\/de\/wp-json\/wp\/v2\/types\/product"}],"replies":[{"embeddable":true,"href":"https:\/\/www.cavedegeneve.ch\/de\/wp-json\/wp\/v2\/comments?post=260292"}],"wp:featuredmedia":[{"embeddable":true,"href":"https:\/\/www.cavedegeneve.ch\/de\/wp-json\/wp\/v2\/media\/260078"}],"wp:attachment":[{"href":"https:\/\/www.cavedegeneve.ch\/de\/wp-json\/wp\/v2\/media?parent=260292"}],"wp:term":[{"taxonomy":"product_brand","embeddable":true,"href":"https:\/\/www.cavedegeneve.ch\/de\/wp-json\/wp\/v2\/product_brand?post=260292"},{"taxonomy":"product_cat","embeddable":true,"href":"https:\/\/www.cavedegeneve.ch\/de\/wp-json\/wp\/v2\/product_cat?post=260292"},{"taxonomy":"product_tag","embeddable":true,"href":"https:\/\/www.cavedegeneve.ch\/de\/wp-json\/wp\/v2\/product_tag?post=260292"}],"curies":[{"name":"wp","href":"https:\/\/api.w.org\/{rel}","templated":true}]}}