{"id":258808,"date":"2024-10-16T13:45:02","date_gmt":"2024-10-16T12:45:02","guid":{"rendered":"https:\/\/www.cavedegeneve.ch\/?post_type=product&#038;p=258808"},"modified":"2025-12-01T09:29:20","modified_gmt":"2025-12-01T08:29:20","slug":"coffret-patrimoine","status":"publish","type":"product","link":"https:\/\/www.cavedegeneve.ch\/de\/boutique\/coffret-patrimoine\/","title":{"rendered":"Das Patrimoine-Set"},"content":{"rendered":"<p>Tauchen Sie mit dem Patrimoine Set ein in eine elegante Kombination aus Genfer Know-how und Raffinesse. Es ist das ideale Geschenk, um einen besonderen Anlass zu feiern oder sich einfach selbst eine Freude zu machen und das Beste der Region zu entdecken.  <\/p>\n<p>Dieses einzigartige Geschenkset ist eine Einladung, das Genfer Erbe in all seinen Formen zu genie\u00dfen und zu bewundern, und ist in einem klassischen Karton verpackt. Es ist die ideale Aufmerksamkeit f\u00fcr einen besonderen Anlass oder einfach nur, um sich selbst zu verw\u00f6hnen und das Beste aus der Region zu entdecken. <\/p>\n","protected":false},"excerpt":{"rendered":"<p>Tauchen Sie mit dem Patrimoine Set ein in eine elegante Kombination aus Genfer Know-how und Raffinesse. Es ist das ideale Geschenk, um einen besonderen Anlass zu feiern oder sich einfach selbst eine Freude zu machen und das Beste der Region zu entdecken. Dieses einzigartige Geschenkset ist eine Einladung, das Genfer Erbe in all seinen Formen [&hellip;]<\/p>\n","protected":false},"featured_media":261079,"comment_status":"closed","ping_status":"closed","template":"","meta":{"notes-boisees":[]},"product_brand":[],"product_cat":[935,568,359,165,182,166,177],"product_tag":[944],"class_list":{"0":"post-258808","1":"product","2":"type-product","3":"status-publish","4":"has-post-thumbnail","6":"product_cat-cuvees-speciales-de","7":"product_cat-lesprit-de-geneve-de","8":"product_cat-geschenkboxen","9":"product_cat-gamaret-de","10":"product_cat-gamay-de","11":"product_cat-merlot-de","12":"product_cat-sekt","13":"product_tag-boxen","14":"product_shipping_class-coffret-de","15":"pa_couleurs-sekt","17":"first","18":"instock","19":"taxable","20":"shipping-taxable","21":"purchasable","22":"product-type-simple"},"_links":{"self":[{"href":"https:\/\/www.cavedegeneve.ch\/de\/wp-json\/wp\/v2\/product\/258808","targetHints":{"allow":["GET"]}}],"collection":[{"href":"https:\/\/www.cavedegeneve.ch\/de\/wp-json\/wp\/v2\/product"}],"about":[{"href":"https:\/\/www.cavedegeneve.ch\/de\/wp-json\/wp\/v2\/types\/product"}],"replies":[{"embeddable":true,"href":"https:\/\/www.cavedegeneve.ch\/de\/wp-json\/wp\/v2\/comments?post=258808"}],"wp:featuredmedia":[{"embeddable":true,"href":"https:\/\/www.cavedegeneve.ch\/de\/wp-json\/wp\/v2\/media\/261079"}],"wp:attachment":[{"href":"https:\/\/www.cavedegeneve.ch\/de\/wp-json\/wp\/v2\/media?parent=258808"}],"wp:term":[{"taxonomy":"product_brand","embeddable":true,"href":"https:\/\/www.cavedegeneve.ch\/de\/wp-json\/wp\/v2\/product_brand?post=258808"},{"taxonomy":"product_cat","embeddable":true,"href":"https:\/\/www.cavedegeneve.ch\/de\/wp-json\/wp\/v2\/product_cat?post=258808"},{"taxonomy":"product_tag","embeddable":true,"href":"https:\/\/www.cavedegeneve.ch\/de\/wp-json\/wp\/v2\/product_tag?post=258808"}],"curies":[{"name":"wp","href":"https:\/\/api.w.org\/{rel}","templated":true}]}}