{"id":257857,"date":"2024-06-26T10:26:16","date_gmt":"2024-06-26T09:26:16","guid":{"rendered":"https:\/\/www.cavedegeneve.ch\/?post_type=product&#038;p=257857"},"modified":"2026-02-04T14:30:09","modified_gmt":"2026-02-04T13:30:09","slug":"cuvee-1602-blanche-aoc-geneve","status":"publish","type":"product","link":"https:\/\/www.cavedegeneve.ch\/de\/boutique\/cuvee-1602-blanche-aoc-geneve\/","title":{"rendered":"Cuv\u00e9e 1602 Blanche AOC Gen\u00e8ve"},"content":{"rendered":"<h4><em>C\u00e9 qu\u2019\u00e8 lain\u00f4, le Maitre d\u00e9 bataille&#8230;<\/em><br \/>\nUm an unsere Geschichte zu erinnern und die Aktionen von La Compagnie de 1602 zu unterst\u00fctzen, haben wir eine besondere Cuv\u00e9e aus einem tausendj\u00e4hrigen Genfer Weinberg zusammengestellt.<\/h4>\n<p>Diese subtile Assemblage vereint die Eleganz der Tradition mit dem \u00dcberschwang der Neuheit. Idealer Begleiter zum Aperitif.<\/p>\n","protected":false},"excerpt":{"rendered":"<p>75cl Flasche<\/p>\n","protected":false},"featured_media":258173,"comment_status":"closed","ping_status":"closed","template":"","meta":{"notes-boisees":[]},"product_brand":[],"product_cat":[739,935,161],"product_tag":[845],"class_list":{"0":"post-257857","1":"product","2":"type-product","3":"status-publish","4":"has-post-thumbnail","6":"product_cat-cuvee-1602-de","7":"product_cat-cuvees-speciales-de","8":"product_cat-weisswein","9":"product_tag-neu","10":"product_shipping_class-livraison-en-suisse-de","11":"pa_couleurs-weiss","13":"first","14":"instock","15":"taxable","16":"shipping-taxable","17":"purchasable","18":"product-type-simple"},"_links":{"self":[{"href":"https:\/\/www.cavedegeneve.ch\/de\/wp-json\/wp\/v2\/product\/257857","targetHints":{"allow":["GET"]}}],"collection":[{"href":"https:\/\/www.cavedegeneve.ch\/de\/wp-json\/wp\/v2\/product"}],"about":[{"href":"https:\/\/www.cavedegeneve.ch\/de\/wp-json\/wp\/v2\/types\/product"}],"replies":[{"embeddable":true,"href":"https:\/\/www.cavedegeneve.ch\/de\/wp-json\/wp\/v2\/comments?post=257857"}],"wp:featuredmedia":[{"embeddable":true,"href":"https:\/\/www.cavedegeneve.ch\/de\/wp-json\/wp\/v2\/media\/258173"}],"wp:attachment":[{"href":"https:\/\/www.cavedegeneve.ch\/de\/wp-json\/wp\/v2\/media?parent=257857"}],"wp:term":[{"taxonomy":"product_brand","embeddable":true,"href":"https:\/\/www.cavedegeneve.ch\/de\/wp-json\/wp\/v2\/product_brand?post=257857"},{"taxonomy":"product_cat","embeddable":true,"href":"https:\/\/www.cavedegeneve.ch\/de\/wp-json\/wp\/v2\/product_cat?post=257857"},{"taxonomy":"product_tag","embeddable":true,"href":"https:\/\/www.cavedegeneve.ch\/de\/wp-json\/wp\/v2\/product_tag?post=257857"}],"curies":[{"name":"wp","href":"https:\/\/api.w.org\/{rel}","templated":true}]}}