{"id":257172,"date":"2024-03-22T08:15:44","date_gmt":"2024-03-22T07:15:44","guid":{"rendered":"https:\/\/www.cavedegeneve.ch\/boutique\/instant-rose-set\/"},"modified":"2024-06-10T10:50:40","modified_gmt":"2024-06-10T09:50:40","slug":"instant-rose-set","status":"publish","type":"product","link":"https:\/\/www.cavedegeneve.ch\/de\/boutique\/instant-rose-set\/","title":{"rendered":"Instant Ros\u00e9 Set"},"content":{"rendered":"<p>Freuen Sie sich auf einen heissen Sommer mit diesem Instant Ros\u00e9 Set!<\/p>\n<p>Eine Flasche Ros\u00e9wein geniesst man bekanntlich am besten gek\u00fchlt. Und was gibt es Sch\u00f6neres, als einen ganzen Sommerabend lang an einem perfekt gek\u00fchlten Glas zu nippen? Mit dem IceBag und der Flasche Instant Ros\u00e9, die in diesem Set enthalten sind, k\u00f6nnen Sie die heissen Tage noch mehr genie\u00dfen.<\/p>\n<p>Packen Sie das Set aus und entdecken Sie den IceBag und unseren lachsfarbenen Instant Ros\u00e9. F\u00fcllen Sie das Wasser und die Eisw\u00fcrfel in den K\u00fchlbeutel, stellen Sie die Flasche in den IceBag und schon haben Sie ein k\u00fchles Getr\u00e4nk f\u00fcr die n\u00e4chsten genussvollen Stunden.<\/p>\n<p>Diese Box enth\u00e4lt:<\/p>\n<ul>\n<li>1 Instant Ros\u00e9 75cl Flasche<\/li>\n<li>1 Ice Bag<\/li>\n<\/ul>\n","protected":false},"excerpt":{"rendered":"<p>Freuen Sie sich auf einen heissen Sommer mit diesem Instant Ros\u00e9 Set! Eine Flasche Ros\u00e9wein geniesst man bekanntlich am besten gek\u00fchlt. Und was gibt es Sch\u00f6neres, als einen ganzen Sommerabend lang an einem perfekt gek\u00fchlten Glas zu nippen? Mit dem IceBag und der Flasche Instant Ros\u00e9, die in diesem Set enthalten sind, k\u00f6nnen Sie die [&hellip;]<\/p>\n","protected":false},"featured_media":257110,"comment_status":"closed","ping_status":"closed","template":"","meta":{"notes-boisees":[]},"product_brand":[],"product_cat":[935,490,359,178],"product_tag":[944],"class_list":{"0":"post-257172","1":"product","2":"type-product","3":"status-publish","4":"has-post-thumbnail","6":"product_cat-cuvees-speciales-de","7":"product_cat-geschenkboxen-kurse-gutscheine","8":"product_cat-geschenkboxen","9":"product_cat-rosewein","10":"product_tag-boxen","11":"product_shipping_class-coffret-de","13":"first","14":"instock","15":"taxable","16":"shipping-taxable","17":"purchasable","18":"product-type-simple"},"_links":{"self":[{"href":"https:\/\/www.cavedegeneve.ch\/de\/wp-json\/wp\/v2\/product\/257172","targetHints":{"allow":["GET"]}}],"collection":[{"href":"https:\/\/www.cavedegeneve.ch\/de\/wp-json\/wp\/v2\/product"}],"about":[{"href":"https:\/\/www.cavedegeneve.ch\/de\/wp-json\/wp\/v2\/types\/product"}],"replies":[{"embeddable":true,"href":"https:\/\/www.cavedegeneve.ch\/de\/wp-json\/wp\/v2\/comments?post=257172"}],"wp:featuredmedia":[{"embeddable":true,"href":"https:\/\/www.cavedegeneve.ch\/de\/wp-json\/wp\/v2\/media\/257110"}],"wp:attachment":[{"href":"https:\/\/www.cavedegeneve.ch\/de\/wp-json\/wp\/v2\/media?parent=257172"}],"wp:term":[{"taxonomy":"product_brand","embeddable":true,"href":"https:\/\/www.cavedegeneve.ch\/de\/wp-json\/wp\/v2\/product_brand?post=257172"},{"taxonomy":"product_cat","embeddable":true,"href":"https:\/\/www.cavedegeneve.ch\/de\/wp-json\/wp\/v2\/product_cat?post=257172"},{"taxonomy":"product_tag","embeddable":true,"href":"https:\/\/www.cavedegeneve.ch\/de\/wp-json\/wp\/v2\/product_tag?post=257172"}],"curies":[{"name":"wp","href":"https:\/\/api.w.org\/{rel}","templated":true}]}}