{"id":256560,"date":"2023-08-09T23:02:47","date_gmt":"2023-08-09T22:02:47","guid":{"rendered":"https:\/\/www.cavedegeneve.ch\/boutique\/clemence-chasselas-vieilles-vignes-aoc-geneve\/"},"modified":"2026-01-23T11:24:06","modified_gmt":"2026-01-23T10:24:06","slug":"clemence-chasselas-vieilles-vignes-aoc-geneve","status":"publish","type":"product","link":"https:\/\/www.cavedegeneve.ch\/de\/boutique\/clemence-chasselas-vieilles-vignes-aoc-geneve\/","title":{"rendered":"Cl\u00e9mence Chasselas Vieilles Vignes AOC Gen\u00e8ve"},"content":{"rendered":"<p>Dieser Cl\u00e9mence Chasselas Vieilles Vignes hat eine blassgelbe, kristallklare Robe. Gleichzeitig fruchtig und blumig, entwickelt er raffinierte Aromen von Lindenbl\u00fcten. Dieser Chasselas stammt von \u00fcber 25 Jahre alten, tief verwurzelten Rebst\u00f6cken und ist ein eleganter, s\u00fcffiger und s\u00fcffiger Wein. Mit seinen feinen Aromen und seiner sch\u00f6nen Frische eignet er sich als Aperitif und passt hervorragend zu Seefisch und K\u00e4segerichten.<\/p>\n<p><strong>Das kleine Plus:<\/strong> Dieser Cl\u00e9mence Chasselas Vieilles Vignes wird auch Ihre Fondues und Raclettes himmlisch begleiten!<\/p>\n<p>&nbsp;<\/p>\n","protected":false},"excerpt":{"rendered":"<p>75cl Flasche<\/p>\n","protected":false},"featured_media":252429,"comment_status":"closed","ping_status":"closed","template":"","meta":{"notes-boisees":[]},"product_brand":[],"product_cat":[164,181,161],"product_tag":[845],"class_list":{"0":"post-256560","1":"product","2":"type-product","3":"status-publish","4":"has-post-thumbnail","6":"product_cat-clemence-de","7":"product_cat-chasselas-de","8":"product_cat-weisswein","9":"product_tag-neu","10":"product_shipping_class-livraison-en-suisse-de","12":"first","13":"instock","14":"taxable","15":"shipping-taxable","16":"purchasable","17":"product-type-simple"},"_links":{"self":[{"href":"https:\/\/www.cavedegeneve.ch\/de\/wp-json\/wp\/v2\/product\/256560","targetHints":{"allow":["GET"]}}],"collection":[{"href":"https:\/\/www.cavedegeneve.ch\/de\/wp-json\/wp\/v2\/product"}],"about":[{"href":"https:\/\/www.cavedegeneve.ch\/de\/wp-json\/wp\/v2\/types\/product"}],"replies":[{"embeddable":true,"href":"https:\/\/www.cavedegeneve.ch\/de\/wp-json\/wp\/v2\/comments?post=256560"}],"wp:featuredmedia":[{"embeddable":true,"href":"https:\/\/www.cavedegeneve.ch\/de\/wp-json\/wp\/v2\/media\/252429"}],"wp:attachment":[{"href":"https:\/\/www.cavedegeneve.ch\/de\/wp-json\/wp\/v2\/media?parent=256560"}],"wp:term":[{"taxonomy":"product_brand","embeddable":true,"href":"https:\/\/www.cavedegeneve.ch\/de\/wp-json\/wp\/v2\/product_brand?post=256560"},{"taxonomy":"product_cat","embeddable":true,"href":"https:\/\/www.cavedegeneve.ch\/de\/wp-json\/wp\/v2\/product_cat?post=256560"},{"taxonomy":"product_tag","embeddable":true,"href":"https:\/\/www.cavedegeneve.ch\/de\/wp-json\/wp\/v2\/product_tag?post=256560"}],"curies":[{"name":"wp","href":"https:\/\/api.w.org\/{rel}","templated":true}]}}