{"id":256038,"date":"2023-12-18T08:31:16","date_gmt":"2023-12-18T07:31:16","guid":{"rendered":"https:\/\/www.cavedegeneve.ch\/?post_type=product&#038;p=256038"},"modified":"2025-06-19T14:24:42","modified_gmt":"2025-06-19T13:24:42","slug":"esprit-or-rose-gamay","status":"publish","type":"product","link":"https:\/\/www.cavedegeneve.ch\/de\/boutique\/esprit-or-rose-gamay\/","title":{"rendered":"Esprit d&#8217;Or Ros\u00e9 de Gamay"},"content":{"rendered":"<p>Traditionelle Rebsorte aus der Romandie. Dieser Esprit d&#8217;Or Ros\u00e9 aus Gamay ist ein frischer und fruchtiger Ros\u00e9, der sich als Aperitif eignet und gut zu Fisch, wei\u00dfem Fleisch und sommerlicher K\u00fcche passt.<\/p>\n","protected":false},"excerpt":{"rendered":"<p>Traditionelle Rebsorte aus der Romandie. Dieser Esprit d&#8217;Or Ros\u00e9 aus Gamay ist ein frischer und fruchtiger Ros\u00e9, der sich als Aperitif eignet und gut zu Fisch, wei\u00dfem Fleisch und sommerlicher K\u00fcche passt.<\/p>\n","protected":false},"featured_media":257575,"comment_status":"closed","ping_status":"closed","template":"","meta":{"notes-boisees":[]},"product_brand":[],"product_cat":[738,182,178],"product_tag":[],"class_list":{"0":"post-256038","1":"product","2":"type-product","3":"status-publish","4":"has-post-thumbnail","6":"product_cat-esprit-d-or","7":"product_cat-gamay-de","8":"product_cat-rosewein","9":"product_shipping_class-livraison-en-suisse-de","10":"pa_volume-75cl-flasche","11":"pa_volume-50cl-flasche","13":"first","14":"instock","15":"taxable","16":"shipping-taxable","17":"purchasable","18":"product-type-simple"},"_links":{"self":[{"href":"https:\/\/www.cavedegeneve.ch\/de\/wp-json\/wp\/v2\/product\/256038","targetHints":{"allow":["GET"]}}],"collection":[{"href":"https:\/\/www.cavedegeneve.ch\/de\/wp-json\/wp\/v2\/product"}],"about":[{"href":"https:\/\/www.cavedegeneve.ch\/de\/wp-json\/wp\/v2\/types\/product"}],"replies":[{"embeddable":true,"href":"https:\/\/www.cavedegeneve.ch\/de\/wp-json\/wp\/v2\/comments?post=256038"}],"wp:featuredmedia":[{"embeddable":true,"href":"https:\/\/www.cavedegeneve.ch\/de\/wp-json\/wp\/v2\/media\/257575"}],"wp:attachment":[{"href":"https:\/\/www.cavedegeneve.ch\/de\/wp-json\/wp\/v2\/media?parent=256038"}],"wp:term":[{"taxonomy":"product_brand","embeddable":true,"href":"https:\/\/www.cavedegeneve.ch\/de\/wp-json\/wp\/v2\/product_brand?post=256038"},{"taxonomy":"product_cat","embeddable":true,"href":"https:\/\/www.cavedegeneve.ch\/de\/wp-json\/wp\/v2\/product_cat?post=256038"},{"taxonomy":"product_tag","embeddable":true,"href":"https:\/\/www.cavedegeneve.ch\/de\/wp-json\/wp\/v2\/product_tag?post=256038"}],"curies":[{"name":"wp","href":"https:\/\/api.w.org\/{rel}","templated":true}]}}