{"id":256010,"date":"2023-12-15T15:40:20","date_gmt":"2023-12-15T14:40:20","guid":{"rendered":"https:\/\/www.cavedegeneve.ch\/?post_type=product&#038;p=256010"},"modified":"2025-04-29T13:33:40","modified_gmt":"2025-04-29T12:33:40","slug":"esprit-or-gamay","status":"publish","type":"product","link":"https:\/\/www.cavedegeneve.ch\/de\/boutique\/esprit-or-gamay\/","title":{"rendered":"Esprit d&#8217;Or Gamay"},"content":{"rendered":"<p>Traditionelle Rebsorte aus der Romandie. Dieser Esprit d&#8217;Or Gamay ist ein w\u00fcrziger und fruchtiger Rotwein, der wunderbar zu Wurstwaren, Terrinen, gebratenem Gefl\u00fcgel oder in Saucen und K\u00e4se passt.<\/p>\n","protected":false},"excerpt":{"rendered":"<p>Traditionelle Rebsorte aus der Romandie. Dieser Esprit d&#8217;Or Gamay ist ein w\u00fcrziger und fruchtiger Rotwein, der wunderbar zu Wurstwaren, Terrinen, gebratenem Gefl\u00fcgel oder in Saucen und K\u00e4se passt.<\/p>\n","protected":false},"featured_media":256018,"comment_status":"closed","ping_status":"closed","template":"","meta":{"notes-boisees":[]},"product_brand":[],"product_cat":[738,182,169],"product_tag":[845],"class_list":{"0":"post-256010","1":"product","2":"type-product","3":"status-publish","4":"has-post-thumbnail","6":"product_cat-esprit-d-or","7":"product_cat-gamay-de","8":"product_cat-rotwein","9":"product_tag-neu","10":"product_shipping_class-livraison-en-suisse-de","11":"pa_volume-75cl-flasche","12":"pa_volume-50cl-flasche","14":"first","15":"instock","16":"taxable","17":"shipping-taxable","18":"purchasable","19":"product-type-simple"},"_links":{"self":[{"href":"https:\/\/www.cavedegeneve.ch\/de\/wp-json\/wp\/v2\/product\/256010","targetHints":{"allow":["GET"]}}],"collection":[{"href":"https:\/\/www.cavedegeneve.ch\/de\/wp-json\/wp\/v2\/product"}],"about":[{"href":"https:\/\/www.cavedegeneve.ch\/de\/wp-json\/wp\/v2\/types\/product"}],"replies":[{"embeddable":true,"href":"https:\/\/www.cavedegeneve.ch\/de\/wp-json\/wp\/v2\/comments?post=256010"}],"wp:featuredmedia":[{"embeddable":true,"href":"https:\/\/www.cavedegeneve.ch\/de\/wp-json\/wp\/v2\/media\/256018"}],"wp:attachment":[{"href":"https:\/\/www.cavedegeneve.ch\/de\/wp-json\/wp\/v2\/media?parent=256010"}],"wp:term":[{"taxonomy":"product_brand","embeddable":true,"href":"https:\/\/www.cavedegeneve.ch\/de\/wp-json\/wp\/v2\/product_brand?post=256010"},{"taxonomy":"product_cat","embeddable":true,"href":"https:\/\/www.cavedegeneve.ch\/de\/wp-json\/wp\/v2\/product_cat?post=256010"},{"taxonomy":"product_tag","embeddable":true,"href":"https:\/\/www.cavedegeneve.ch\/de\/wp-json\/wp\/v2\/product_tag?post=256010"}],"curies":[{"name":"wp","href":"https:\/\/api.w.org\/{rel}","templated":true}]}}