{"id":255998,"date":"2023-12-15T14:17:39","date_gmt":"2023-12-15T13:17:39","guid":{"rendered":"https:\/\/www.cavedegeneve.ch\/?post_type=product&#038;p=255998"},"modified":"2025-02-18T10:34:16","modified_gmt":"2025-02-18T09:34:16","slug":"esprit-or-chasselas","status":"publish","type":"product","link":"https:\/\/www.cavedegeneve.ch\/de\/boutique\/esprit-or-chasselas\/","title":{"rendered":"Esprit d&#8217;Or Chasselas"},"content":{"rendered":"<p>Traditionelle Rebsorte aus der Romandie. Dieser Esprit d&#8217;Or Chasselas ist ein angenehmer und s\u00fcffiger Wei\u00dfwein, der sich als Aperitif eignet und zu K\u00e4segerichten, Seefisch und hellem Fleisch passt.<\/p>\n","protected":false},"excerpt":{"rendered":"<p>Traditionelle Rebsorte aus der Romandie. Dieser Esprit d&#8217;Or Chasselas ist ein angenehmer und s\u00fcffiger Wei\u00dfwein, der sich als Aperitif eignet und zu K\u00e4segerichten, Seefisch und hellem Fleisch passt.<\/p>\n","protected":false},"featured_media":256007,"comment_status":"closed","ping_status":"closed","template":"","meta":{"notes-boisees":[]},"product_brand":[],"product_cat":[738,181,161],"product_tag":[845],"class_list":{"0":"post-255998","1":"product","2":"type-product","3":"status-publish","4":"has-post-thumbnail","6":"product_cat-esprit-d-or","7":"product_cat-chasselas-de","8":"product_cat-weisswein","9":"product_tag-neu","10":"product_shipping_class-livraison-en-suisse-de","11":"pa_volume-75cl-flasche","12":"pa_volume-50cl-flasche","14":"first","15":"instock","16":"taxable","17":"shipping-taxable","18":"purchasable","19":"product-type-simple"},"_links":{"self":[{"href":"https:\/\/www.cavedegeneve.ch\/de\/wp-json\/wp\/v2\/product\/255998","targetHints":{"allow":["GET"]}}],"collection":[{"href":"https:\/\/www.cavedegeneve.ch\/de\/wp-json\/wp\/v2\/product"}],"about":[{"href":"https:\/\/www.cavedegeneve.ch\/de\/wp-json\/wp\/v2\/types\/product"}],"replies":[{"embeddable":true,"href":"https:\/\/www.cavedegeneve.ch\/de\/wp-json\/wp\/v2\/comments?post=255998"}],"wp:featuredmedia":[{"embeddable":true,"href":"https:\/\/www.cavedegeneve.ch\/de\/wp-json\/wp\/v2\/media\/256007"}],"wp:attachment":[{"href":"https:\/\/www.cavedegeneve.ch\/de\/wp-json\/wp\/v2\/media?parent=255998"}],"wp:term":[{"taxonomy":"product_brand","embeddable":true,"href":"https:\/\/www.cavedegeneve.ch\/de\/wp-json\/wp\/v2\/product_brand?post=255998"},{"taxonomy":"product_cat","embeddable":true,"href":"https:\/\/www.cavedegeneve.ch\/de\/wp-json\/wp\/v2\/product_cat?post=255998"},{"taxonomy":"product_tag","embeddable":true,"href":"https:\/\/www.cavedegeneve.ch\/de\/wp-json\/wp\/v2\/product_tag?post=255998"}],"curies":[{"name":"wp","href":"https:\/\/api.w.org\/{rel}","templated":true}]}}