{"id":252084,"date":"2023-09-19T14:10:31","date_gmt":"2023-09-19T13:10:31","guid":{"rendered":"https:\/\/dev.cavedegeneve.ch\/?post_type=product&#038;p=252084"},"modified":"2026-01-01T17:37:10","modified_gmt":"2026-01-01T16:37:10","slug":"clemence-divico-aoc-geneve-copie","status":"publish","type":"product","link":"https:\/\/www.cavedegeneve.ch\/de\/boutique\/clemence-divico-aoc-geneve-copie\/","title":{"rendered":"C\u0153ur de Cl\u00e9mence Gamaret AOC Gen\u00e8ve"},"content":{"rendered":"<p>Die in der Schweiz gez\u00fcchtete Sorte Gamaret ist eine Kreuzung zwischen Gamay und Reichensteiner. Ein ausdrucksstarkes und warmes Bouquet pr\u00e4gt diese Sorte. Es empfiehlt sich, den purpurfarbenen, gehaltvollen Wein fr\u00fchzeitig zu \u00f6ffnen und zu dekantieren. So entfaltet er seine ganze Kraft in der Nase und am Gaumen und zeigt w\u00fcrzige Noten und Aromen von schwarzen Beeren mit R\u00f6stnoten. Elegant und rassig endet er mit einem langen Finale, den Schlusspunkt mit einem Hauch von W\u00fcrzigkeit setzend. Der w\u00e4hrend 10 bis 12 Monaten in Eichenholzf\u00e4ssern ausgebaute Wein harmoniert perfekt mit raffinierten Speisen.<\/p>\n<p>Coeur de Cl\u00e9mence Gamaret AOC Gen\u00e8ve<\/p>\n","protected":false},"excerpt":{"rendered":"<p>Flasche 75 CL<\/p>\n","protected":false},"featured_media":5110,"comment_status":"closed","ping_status":"closed","template":"","meta":{"notes-boisees":[]},"product_brand":[],"product_cat":[641,164,165,169],"product_tag":[],"class_list":{"0":"post-252084","1":"product","2":"type-product","3":"status-publish","4":"has-post-thumbnail","6":"product_cat-praemierte-weine","7":"product_cat-clemence-de","8":"product_cat-gamaret-de","9":"product_cat-rotwein","10":"pa_volume-75cl-flasche","11":"pa_volume-50cl-flasche","12":"pa_volume-150cl-flasche","14":"first","15":"instock","16":"taxable","17":"shipping-taxable","18":"purchasable","19":"product-type-variable","20":"has-default-attributes"},"_links":{"self":[{"href":"https:\/\/www.cavedegeneve.ch\/de\/wp-json\/wp\/v2\/product\/252084","targetHints":{"allow":["GET"]}}],"collection":[{"href":"https:\/\/www.cavedegeneve.ch\/de\/wp-json\/wp\/v2\/product"}],"about":[{"href":"https:\/\/www.cavedegeneve.ch\/de\/wp-json\/wp\/v2\/types\/product"}],"replies":[{"embeddable":true,"href":"https:\/\/www.cavedegeneve.ch\/de\/wp-json\/wp\/v2\/comments?post=252084"}],"wp:featuredmedia":[{"embeddable":true,"href":"https:\/\/www.cavedegeneve.ch\/de\/wp-json\/wp\/v2\/media\/5110"}],"wp:attachment":[{"href":"https:\/\/www.cavedegeneve.ch\/de\/wp-json\/wp\/v2\/media?parent=252084"}],"wp:term":[{"taxonomy":"product_brand","embeddable":true,"href":"https:\/\/www.cavedegeneve.ch\/de\/wp-json\/wp\/v2\/product_brand?post=252084"},{"taxonomy":"product_cat","embeddable":true,"href":"https:\/\/www.cavedegeneve.ch\/de\/wp-json\/wp\/v2\/product_cat?post=252084"},{"taxonomy":"product_tag","embeddable":true,"href":"https:\/\/www.cavedegeneve.ch\/de\/wp-json\/wp\/v2\/product_tag?post=252084"}],"curies":[{"name":"wp","href":"https:\/\/api.w.org\/{rel}","templated":true}]}}