{"id":251752,"date":"2023-08-15T10:49:44","date_gmt":"2023-08-15T09:49:44","guid":{"rendered":"https:\/\/cave2023.prz.online\/product\/clemence-syrah-gamaret-aoc-geneve\/"},"modified":"2024-08-15T10:58:36","modified_gmt":"2024-08-15T09:58:36","slug":"clemence-syrah-gamaret-aoc-geneve","status":"publish","type":"product","link":"https:\/\/www.cavedegeneve.ch\/de\/boutique\/clemence-syrah-gamaret-aoc-geneve\/","title":{"rendered":"Cl\u00e9mence Syrah Gamaret AOC Gen\u00e8ve"},"content":{"rendered":"<p>In dieser Assemblage setzen die Fruchtigkeit des Gamaret und die W\u00fcrzigkeit des Syrah zu einem H\u00f6henflug an. Der strukturierte und breitgef\u00e4cherte Wein entfaltet in bemerkenswerter Intensit\u00e4t w\u00fcrzige Noten. Am Gaumen verstr\u00f6mt er Gew\u00fcrzaromen, den Geschmack schwarzer Beeren und im Finale eine unglaubliche Pfeffernote. Es sind wahre Sinnesfreuden. Der Wein passt zu Fleisch, Wildbret, Schmorgerichten und zu geschmacksintensivem K\u00e4se.<\/p>\n","protected":false},"excerpt":{"rendered":"<p>Flasche 75 CL<\/p>\n","protected":false},"featured_media":252425,"comment_status":"closed","ping_status":"closed","template":"","meta":{"notes-boisees":[]},"product_brand":[],"product_cat":[641,164,165,192,176,169],"product_tag":[],"class_list":{"0":"post-251752","1":"product","2":"type-product","3":"status-publish","4":"has-post-thumbnail","6":"product_cat-praemierte-weine","7":"product_cat-clemence-de","8":"product_cat-gamaret-de","9":"product_cat-syrah-de","10":"product_cat-farbe","11":"product_cat-rotwein","12":"pa_couleurs-rotwein","14":"first","15":"instock","16":"taxable","17":"shipping-taxable","18":"purchasable","19":"product-type-simple"},"_links":{"self":[{"href":"https:\/\/www.cavedegeneve.ch\/de\/wp-json\/wp\/v2\/product\/251752","targetHints":{"allow":["GET"]}}],"collection":[{"href":"https:\/\/www.cavedegeneve.ch\/de\/wp-json\/wp\/v2\/product"}],"about":[{"href":"https:\/\/www.cavedegeneve.ch\/de\/wp-json\/wp\/v2\/types\/product"}],"replies":[{"embeddable":true,"href":"https:\/\/www.cavedegeneve.ch\/de\/wp-json\/wp\/v2\/comments?post=251752"}],"wp:featuredmedia":[{"embeddable":true,"href":"https:\/\/www.cavedegeneve.ch\/de\/wp-json\/wp\/v2\/media\/252425"}],"wp:attachment":[{"href":"https:\/\/www.cavedegeneve.ch\/de\/wp-json\/wp\/v2\/media?parent=251752"}],"wp:term":[{"taxonomy":"product_brand","embeddable":true,"href":"https:\/\/www.cavedegeneve.ch\/de\/wp-json\/wp\/v2\/product_brand?post=251752"},{"taxonomy":"product_cat","embeddable":true,"href":"https:\/\/www.cavedegeneve.ch\/de\/wp-json\/wp\/v2\/product_cat?post=251752"},{"taxonomy":"product_tag","embeddable":true,"href":"https:\/\/www.cavedegeneve.ch\/de\/wp-json\/wp\/v2\/product_tag?post=251752"}],"curies":[{"name":"wp","href":"https:\/\/api.w.org\/{rel}","templated":true}]}}