{"id":241599,"date":"2016-05-11T16:12:02","date_gmt":"2016-05-11T15:12:02","guid":{"rendered":"https:\/\/cave2023.prz.online\/product\/clemence-merlot\/"},"modified":"2026-04-01T07:10:34","modified_gmt":"2026-04-01T06:10:34","slug":"clemence-merlot","status":"publish","type":"product","link":"https:\/\/www.cavedegeneve.ch\/de\/boutique\/clemence-merlot\/","title":{"rendered":"Cl\u00e9mence Merlot AOC Gen\u00e8ve"},"content":{"rendered":"<p>Mit seiner rassigen Geschmeidigkeit und Eleganz zeigt der Cl\u00e9mence Merlot eine starke Pers\u00f6nlichkeit, die durch den 10 bis 12-monatigen Ausbau im Eichenfass noch verst\u00e4rkt wird. Der Wein besticht zun\u00e4chst durch seine intensive granatrote Farbe, die an Leidenschaft erinnert. . In der Nase entfalten sich reife und kr\u00e4ftige Aromen. Neben klaren und samtigen Tanninen finden sich Lakritzaromen, begleitet von Nuancen schwarzer Fr\u00fcchte, s\u00fcssen Gew\u00fcrzen und R\u00f6staromen. Damit sich seine seltenen Aromen voll entfalten k\u00f6nnen, empfehlen wir Ihnen, den Wein fr\u00fch zu \u00f6ffnen, damit er leicht bel\u00fcftet wird und seine ganze Kraft entfalten kann.<\/p>\n<p><strong>Das gewisse Etwas<\/strong>: Rund, k\u00f6rperreich, kr\u00e4ftig. Dieser Wein passt hervorragend zu geschmortem Fleisch, Pasta oder Pilzragout.<\/p>\n","protected":false},"excerpt":{"rendered":"<p>Mit seiner rassigen Geschmeidigkeit und Eleganz zeigt der Cl\u00e9mence Merlot eine starke Pers\u00f6nlichkeit, die durch den 10 bis 12-monatigen Ausbau im Eichenfass noch verst\u00e4rkt wird. Der Wein besticht zun\u00e4chst durch seine intensive granatrote Farbe, die an Leidenschaft erinnert. . In der Nase entfalten sich reife und kr\u00e4ftige Aromen. Neben klaren und samtigen Tanninen finden sich [&hellip;]<\/p>\n","protected":false},"featured_media":10570,"comment_status":"closed","ping_status":"closed","template":"","meta":{"notes-boisees":["notes-boisees"]},"product_brand":[],"product_cat":[956,641,164,166,169],"product_tag":[846],"class_list":{"0":"post-241599","1":"product","2":"type-product","3":"status-publish","4":"has-post-thumbnail","6":"product_cat-promotions-de","7":"product_cat-praemierte-weine","8":"product_cat-clemence-de","9":"product_cat-merlot-de","10":"product_cat-rotwein","11":"product_tag-angebot","12":"product_shipping_class-livraison-en-suisse-de","13":"pa_couleurs-rotwein","14":"pa_volume-75cl-flasche","15":"pa_volume-150cl-flasche","17":"first","18":"instock","19":"sale","20":"taxable","21":"shipping-taxable","22":"purchasable","23":"product-type-variable","24":"has-default-attributes"},"_links":{"self":[{"href":"https:\/\/www.cavedegeneve.ch\/de\/wp-json\/wp\/v2\/product\/241599","targetHints":{"allow":["GET"]}}],"collection":[{"href":"https:\/\/www.cavedegeneve.ch\/de\/wp-json\/wp\/v2\/product"}],"about":[{"href":"https:\/\/www.cavedegeneve.ch\/de\/wp-json\/wp\/v2\/types\/product"}],"replies":[{"embeddable":true,"href":"https:\/\/www.cavedegeneve.ch\/de\/wp-json\/wp\/v2\/comments?post=241599"}],"wp:featuredmedia":[{"embeddable":true,"href":"https:\/\/www.cavedegeneve.ch\/de\/wp-json\/wp\/v2\/media\/10570"}],"wp:attachment":[{"href":"https:\/\/www.cavedegeneve.ch\/de\/wp-json\/wp\/v2\/media?parent=241599"}],"wp:term":[{"taxonomy":"product_brand","embeddable":true,"href":"https:\/\/www.cavedegeneve.ch\/de\/wp-json\/wp\/v2\/product_brand?post=241599"},{"taxonomy":"product_cat","embeddable":true,"href":"https:\/\/www.cavedegeneve.ch\/de\/wp-json\/wp\/v2\/product_cat?post=241599"},{"taxonomy":"product_tag","embeddable":true,"href":"https:\/\/www.cavedegeneve.ch\/de\/wp-json\/wp\/v2\/product_tag?post=241599"}],"curies":[{"name":"wp","href":"https:\/\/api.w.org\/{rel}","templated":true}]}}