{"id":241594,"date":"2016-05-17T12:23:18","date_gmt":"2016-05-17T11:23:18","guid":{"rendered":"https:\/\/cave2023.prz.online\/product\/belles-filles-sauvignon-gris\/"},"modified":"2026-02-24T08:02:05","modified_gmt":"2026-02-24T07:02:05","slug":"belles-filles-sauvignon-gris","status":"publish","type":"product","link":"https:\/\/www.cavedegeneve.ch\/de\/boutique\/belles-filles-sauvignon-gris\/","title":{"rendered":"Belles Filles Sauvignon Gris AOC Gen\u00e8ve"},"content":{"rendered":"<p>Der Belles Filles, von brillanter goldener Farbe, verstr\u00f6mt D\u00fcfte exotischer Fr\u00fcchte, die stark an Ananas und Grapefruit erinnern. Am Gaumen \u00fcberzeugt der Belles Filles Sauvignon Gris mit seiner F\u00fclle, Konzentration und seiner attraktiven aromatischen Komplexit\u00e4t. Besonders sch\u00e4tzen werden Sie ihn mit weissem Fleisch an Sauce, mit Fisch, Meeresfr\u00fcchten, Krustentieren und trockenen Ziegenk\u00e4sen.<\/p>\n","protected":false},"excerpt":{"rendered":"<p>75cl Flasche<\/p>\n","protected":false},"featured_media":10558,"comment_status":"closed","ping_status":"closed","template":"","meta":{"notes-boisees":[]},"product_brand":[],"product_cat":[198,191,161],"product_tag":[846],"class_list":{"0":"post-241594","1":"product","2":"type-product","3":"status-publish","4":"has-post-thumbnail","6":"product_cat-belles-filles-de","7":"product_cat-sauvignon-gris-de","8":"product_cat-weisswein","9":"product_tag-angebot","10":"product_shipping_class-livraison-en-suisse-de","11":"pa_couleurs-weiss","13":"first","14":"instock","15":"taxable","16":"shipping-taxable","17":"purchasable","18":"product-type-simple"},"_links":{"self":[{"href":"https:\/\/www.cavedegeneve.ch\/de\/wp-json\/wp\/v2\/product\/241594","targetHints":{"allow":["GET"]}}],"collection":[{"href":"https:\/\/www.cavedegeneve.ch\/de\/wp-json\/wp\/v2\/product"}],"about":[{"href":"https:\/\/www.cavedegeneve.ch\/de\/wp-json\/wp\/v2\/types\/product"}],"replies":[{"embeddable":true,"href":"https:\/\/www.cavedegeneve.ch\/de\/wp-json\/wp\/v2\/comments?post=241594"}],"wp:featuredmedia":[{"embeddable":true,"href":"https:\/\/www.cavedegeneve.ch\/de\/wp-json\/wp\/v2\/media\/10558"}],"wp:attachment":[{"href":"https:\/\/www.cavedegeneve.ch\/de\/wp-json\/wp\/v2\/media?parent=241594"}],"wp:term":[{"taxonomy":"product_brand","embeddable":true,"href":"https:\/\/www.cavedegeneve.ch\/de\/wp-json\/wp\/v2\/product_brand?post=241594"},{"taxonomy":"product_cat","embeddable":true,"href":"https:\/\/www.cavedegeneve.ch\/de\/wp-json\/wp\/v2\/product_cat?post=241594"},{"taxonomy":"product_tag","embeddable":true,"href":"https:\/\/www.cavedegeneve.ch\/de\/wp-json\/wp\/v2\/product_tag?post=241594"}],"curies":[{"name":"wp","href":"https:\/\/api.w.org\/{rel}","templated":true}]}}