{"id":241583,"date":"2016-05-18T07:15:22","date_gmt":"2016-05-18T06:15:22","guid":{"rendered":"https:\/\/cave2023.prz.online\/product\/baccarat-brut-rose\/"},"modified":"2026-01-01T17:36:56","modified_gmt":"2026-01-01T16:36:56","slug":"baccarat-brut-rose","status":"publish","type":"product","link":"https:\/\/www.cavedegeneve.ch\/de\/boutique\/baccarat-brut-rose\/","title":{"rendered":"Baccarat Brut Ros\u00e9"},"content":{"rendered":"<p>Lebhaft, rund und geschmeidig ist dieser Brut Ros\u00e9, dies macht ihn zum idealen Begleiter f\u00fcr Ap\u00e9ros, zu S\u00fcsswasserfischen und Desserts mit roten Fr\u00fcchten. Von schillernder Farbe zeigt er im Bouquet den Himbeerduft, wie dies dem Pinot Noir bei der Kelterung als Ros\u00e9 eigen ist. Die feine und langanhaltenden Perlage macht unter anderem den Charme dieses Weines aus, der sich unmittelbar am Gaumen entfaltet.<\/p>\n<p><strong>Das gewisse Extra:<\/strong> Der Baccarat Brut Ros\u00e9 ist ein Schaumwein, der Desserts verfeinert, insbesondere solche mit roten Fr\u00fcchten.<\/p>\n","protected":false},"excerpt":{"rendered":"<p>Lebhaft, rund und geschmeidig ist dieser Brut Ros\u00e9, dies macht ihn zum idealen Begleiter f\u00fcr Ap\u00e9ros, zu S\u00fcsswasserfischen und Desserts mit roten Fr\u00fcchten. Von schillernder Farbe zeigt er im Bouquet den Himbeerduft, wie dies dem Pinot Noir bei der Kelterung als Ros\u00e9 eigen ist. Die feine und langanhaltenden Perlage macht unter anderem den Charme dieses [&hellip;]<\/p>\n","protected":false},"featured_media":10519,"comment_status":"closed","ping_status":"closed","template":"","meta":{"notes-boisees":[]},"product_brand":[],"product_cat":[956,641,197,187,177,178],"product_tag":[846],"class_list":{"0":"post-241583","1":"product","2":"type-product","3":"status-publish","4":"has-post-thumbnail","6":"product_cat-promotions-de","7":"product_cat-praemierte-weine","8":"product_cat-baccarat-de","9":"product_cat-pinot-noir-de","10":"product_cat-sekt","11":"product_cat-rosewein","12":"product_tag-angebot","13":"product_shipping_class-livraison-en-suisse-de","14":"pa_couleurs-sekt","15":"pa_volume-75cl-flasche","17":"first","18":"instock","19":"sale","20":"taxable","21":"shipping-taxable","22":"purchasable","23":"product-type-simple"},"_links":{"self":[{"href":"https:\/\/www.cavedegeneve.ch\/de\/wp-json\/wp\/v2\/product\/241583","targetHints":{"allow":["GET"]}}],"collection":[{"href":"https:\/\/www.cavedegeneve.ch\/de\/wp-json\/wp\/v2\/product"}],"about":[{"href":"https:\/\/www.cavedegeneve.ch\/de\/wp-json\/wp\/v2\/types\/product"}],"replies":[{"embeddable":true,"href":"https:\/\/www.cavedegeneve.ch\/de\/wp-json\/wp\/v2\/comments?post=241583"}],"wp:featuredmedia":[{"embeddable":true,"href":"https:\/\/www.cavedegeneve.ch\/de\/wp-json\/wp\/v2\/media\/10519"}],"wp:attachment":[{"href":"https:\/\/www.cavedegeneve.ch\/de\/wp-json\/wp\/v2\/media?parent=241583"}],"wp:term":[{"taxonomy":"product_brand","embeddable":true,"href":"https:\/\/www.cavedegeneve.ch\/de\/wp-json\/wp\/v2\/product_brand?post=241583"},{"taxonomy":"product_cat","embeddable":true,"href":"https:\/\/www.cavedegeneve.ch\/de\/wp-json\/wp\/v2\/product_cat?post=241583"},{"taxonomy":"product_tag","embeddable":true,"href":"https:\/\/www.cavedegeneve.ch\/de\/wp-json\/wp\/v2\/product_tag?post=241583"}],"curies":[{"name":"wp","href":"https:\/\/api.w.org\/{rel}","templated":true}]}}