{"id":241581,"date":"2016-05-18T08:41:31","date_gmt":"2016-05-18T07:41:31","guid":{"rendered":"https:\/\/cave2023.prz.online\/product\/la-grande-cuvee-par-baccarat\/"},"modified":"2026-02-26T10:01:48","modified_gmt":"2026-02-26T09:01:48","slug":"la-grande-cuvee-par-baccarat","status":"publish","type":"product","link":"https:\/\/www.cavedegeneve.ch\/de\/boutique\/la-grande-cuvee-par-baccarat\/","title":{"rendered":"Baccarat Grande Cuv\u00e9e"},"content":{"rendered":"<p>Die Grande Cuv\u00e9e pr\u00e4sentiert sich in blassem Gelb mit goldfarbenen Reflexen. Die Kohlens\u00e4ure ist lebhaft und anhaltend. Noten von Brioche und exotischen Fr\u00fcchten pr\u00e4gen das Bouquet dieses grossen Brut nach Champagnerart. Am Gaumen entwickeln sich Aromen weisser und kandierter Fr\u00fcchte. Er ist von komplexer Struktur und endet auf einem langen Finale. Aus Chardonnay hergestellt: La Grande Cuv\u00e9e hat alles f\u00fcr einen grossen Schaumweins.<\/p>\n<p><strong>Das kleine Extra:<\/strong> Seine Bl\u00e4schen werden den Geschmack Ihrer Fischgerichte elegant unterstreichen.<\/p>\n","protected":false},"excerpt":{"rendered":"<p>Die Grande Cuv\u00e9e pr\u00e4sentiert sich in blassem Gelb mit goldfarbenen Reflexen. Die Kohlens\u00e4ure ist lebhaft und anhaltend. Noten von Brioche und exotischen Fr\u00fcchten pr\u00e4gen das Bouquet dieses grossen Brut nach Champagnerart. Am Gaumen entwickeln sich Aromen weisser und kandierter Fr\u00fcchte. Er ist von komplexer Struktur und endet auf einem langen Finale. Aus Chardonnay hergestellt: La [&hellip;]<\/p>\n","protected":false},"featured_media":230272,"comment_status":"closed","ping_status":"closed","template":"","meta":{"notes-boisees":[]},"product_brand":[],"product_cat":[197,163,161,177],"product_tag":[],"class_list":{"0":"post-241581","1":"product","2":"type-product","3":"status-publish","4":"has-post-thumbnail","6":"product_cat-baccarat-de","7":"product_cat-chardonnay-de","8":"product_cat-weisswein","9":"product_cat-sekt","10":"product_shipping_class-livraison-en-suisse-de","11":"pa_couleurs-sekt","12":"pa_volume-75cl-flasche","13":"pa_volume-150cl-flasche","15":"first","16":"instock","17":"taxable","18":"shipping-taxable","19":"purchasable","20":"product-type-variable","21":"has-default-attributes"},"_links":{"self":[{"href":"https:\/\/www.cavedegeneve.ch\/de\/wp-json\/wp\/v2\/product\/241581","targetHints":{"allow":["GET"]}}],"collection":[{"href":"https:\/\/www.cavedegeneve.ch\/de\/wp-json\/wp\/v2\/product"}],"about":[{"href":"https:\/\/www.cavedegeneve.ch\/de\/wp-json\/wp\/v2\/types\/product"}],"replies":[{"embeddable":true,"href":"https:\/\/www.cavedegeneve.ch\/de\/wp-json\/wp\/v2\/comments?post=241581"}],"wp:featuredmedia":[{"embeddable":true,"href":"https:\/\/www.cavedegeneve.ch\/de\/wp-json\/wp\/v2\/media\/230272"}],"wp:attachment":[{"href":"https:\/\/www.cavedegeneve.ch\/de\/wp-json\/wp\/v2\/media?parent=241581"}],"wp:term":[{"taxonomy":"product_brand","embeddable":true,"href":"https:\/\/www.cavedegeneve.ch\/de\/wp-json\/wp\/v2\/product_brand?post=241581"},{"taxonomy":"product_cat","embeddable":true,"href":"https:\/\/www.cavedegeneve.ch\/de\/wp-json\/wp\/v2\/product_cat?post=241581"},{"taxonomy":"product_tag","embeddable":true,"href":"https:\/\/www.cavedegeneve.ch\/de\/wp-json\/wp\/v2\/product_tag?post=241581"}],"curies":[{"name":"wp","href":"https:\/\/api.w.org\/{rel}","templated":true}]}}