{"id":241580,"date":"2016-05-18T09:26:03","date_gmt":"2016-05-18T08:26:03","guid":{"rendered":"https:\/\/cave2023.prz.online\/product\/les-vins-de-philippe-chevrier-chardonnay\/"},"modified":"2024-11-25T00:25:10","modified_gmt":"2024-11-24T23:25:10","slug":"les-vins-de-philippe-chevrier-chardonnay","status":"publish","type":"product","link":"https:\/\/www.cavedegeneve.ch\/de\/boutique\/les-vins-de-philippe-chevrier-chardonnay\/","title":{"rendered":"Les vins de Philippe Chevrier Chardonnay AOC Gen\u00e8ve"},"content":{"rendered":"<p>Sein zehnmonatiger Ausbau in Eichenf\u00e4ssern verleiht ihm eine besondere Noblesse. Von m\u00e4\u00dfiger Intensit\u00e4t, seine blasse Farbe weist reizvolle gelbe und orangefarbene Nuancen auf. In der Nase entfaltet sich eine aromatische Intensit\u00e4t, die von buttrigen, briocheartigen und fruchtigen Noten getragen wird. Die holzigen, leicht ger\u00f6steten Aromen sind diskret und verbinden sich elegant mit dem Geruch von Orangenschale und Reneklode. Im Mund beh\u00e4lt er eine sch\u00f6ne L\u00e4nge, die gro\u00dfen Weinen eigen ist.<\/p>\n<p><strong>Das kleine Extra<\/strong>: er wird Gerichte mit Fisch, hellem Fleisch oder Schalentieren hervorheben.<\/p>\n","protected":false},"excerpt":{"rendered":"<p>75cl Flasche<\/p>\n","protected":false},"featured_media":10597,"comment_status":"closed","ping_status":"closed","template":"","meta":{"notes-boisees":["notes-boisees"]},"product_brand":[],"product_cat":[641,200,163,161],"product_tag":[],"class_list":{"0":"post-241580","1":"product","2":"type-product","3":"status-publish","4":"has-post-thumbnail","6":"product_cat-praemierte-weine","7":"product_cat-weine-philippe-chevrier","8":"product_cat-chardonnay-de","9":"product_cat-weisswein","10":"product_shipping_class-livraison-en-suisse-de","11":"pa_couleurs-weiss","12":"pa_volume-75cl-flasche","14":"first","15":"instock","16":"taxable","17":"shipping-taxable","18":"purchasable","19":"product-type-simple"},"_links":{"self":[{"href":"https:\/\/www.cavedegeneve.ch\/de\/wp-json\/wp\/v2\/product\/241580","targetHints":{"allow":["GET"]}}],"collection":[{"href":"https:\/\/www.cavedegeneve.ch\/de\/wp-json\/wp\/v2\/product"}],"about":[{"href":"https:\/\/www.cavedegeneve.ch\/de\/wp-json\/wp\/v2\/types\/product"}],"replies":[{"embeddable":true,"href":"https:\/\/www.cavedegeneve.ch\/de\/wp-json\/wp\/v2\/comments?post=241580"}],"wp:featuredmedia":[{"embeddable":true,"href":"https:\/\/www.cavedegeneve.ch\/de\/wp-json\/wp\/v2\/media\/10597"}],"wp:attachment":[{"href":"https:\/\/www.cavedegeneve.ch\/de\/wp-json\/wp\/v2\/media?parent=241580"}],"wp:term":[{"taxonomy":"product_brand","embeddable":true,"href":"https:\/\/www.cavedegeneve.ch\/de\/wp-json\/wp\/v2\/product_brand?post=241580"},{"taxonomy":"product_cat","embeddable":true,"href":"https:\/\/www.cavedegeneve.ch\/de\/wp-json\/wp\/v2\/product_cat?post=241580"},{"taxonomy":"product_tag","embeddable":true,"href":"https:\/\/www.cavedegeneve.ch\/de\/wp-json\/wp\/v2\/product_tag?post=241580"}],"curies":[{"name":"wp","href":"https:\/\/api.w.org\/{rel}","templated":true}]}}