{"id":241578,"date":"2016-05-18T12:33:37","date_gmt":"2016-05-18T11:33:37","guid":{"rendered":"https:\/\/cave2023.prz.online\/product\/les-vins-de-philippe-chevrier-ass-de-sauvignons-doux\/"},"modified":"2024-11-25T00:25:08","modified_gmt":"2024-11-24T23:25:08","slug":"les-vins-de-philippe-chevrier-ass-de-sauvignons-doux","status":"publish","type":"product","link":"https:\/\/www.cavedegeneve.ch\/de\/boutique\/les-vins-de-philippe-chevrier-ass-de-sauvignons-doux\/","title":{"rendered":"Les vins de Philippe Chevrier Ass. de Sauvignons Doux AOC Gen\u00e8ve"},"content":{"rendered":"<p>In einer eleganten, l\u00e4nglichen Flasche findet man diesen S\u00fc\u00dfwein, der aus einer Mischung von Sauvignon Blanc und Sauvignon Gris hergestellt wird. Er hat eine klare Farbe mit gr\u00fcnen Nuancen und zeichnet sich in der Nase durch w\u00fcrzige und fruchtige Noten aus, gefolgt von Ananas- und Mangoaromen. Reichhaltig und cremig, bietet dieser Wein ein subtiles Gleichgewicht zwischen Alkohol, S\u00e4ure und Zucker, das in einer sch\u00f6nen Frische gipfelt.<\/p>\n<p><strong>Das Kleine Extra<\/strong>: begleiten Sie diesen S\u00fc\u00dfwein mit einem Stopfleber-Toast und garantieren Sie so eine Kombination von Speisen und Wein, die 100%ig genussvoll ist!<\/p>\n","protected":false},"excerpt":{"rendered":"<p>Bouteille 50cl<\/p>\n","protected":false},"featured_media":10585,"comment_status":"closed","ping_status":"closed","template":"","meta":{"notes-boisees":[]},"product_brand":[],"product_cat":[200,190,191,161],"product_tag":[],"class_list":{"0":"post-241578","1":"product","2":"type-product","3":"status-publish","4":"has-post-thumbnail","6":"product_cat-weine-philippe-chevrier","7":"product_cat-sauvignon-blanc-de","8":"product_cat-sauvignon-gris-de","9":"product_cat-weisswein","10":"product_shipping_class-livraison-en-suisse-de","11":"pa_couleurs-weiss","13":"first","14":"instock","15":"taxable","16":"shipping-taxable","17":"purchasable","18":"product-type-simple"},"_links":{"self":[{"href":"https:\/\/www.cavedegeneve.ch\/de\/wp-json\/wp\/v2\/product\/241578","targetHints":{"allow":["GET"]}}],"collection":[{"href":"https:\/\/www.cavedegeneve.ch\/de\/wp-json\/wp\/v2\/product"}],"about":[{"href":"https:\/\/www.cavedegeneve.ch\/de\/wp-json\/wp\/v2\/types\/product"}],"replies":[{"embeddable":true,"href":"https:\/\/www.cavedegeneve.ch\/de\/wp-json\/wp\/v2\/comments?post=241578"}],"wp:featuredmedia":[{"embeddable":true,"href":"https:\/\/www.cavedegeneve.ch\/de\/wp-json\/wp\/v2\/media\/10585"}],"wp:attachment":[{"href":"https:\/\/www.cavedegeneve.ch\/de\/wp-json\/wp\/v2\/media?parent=241578"}],"wp:term":[{"taxonomy":"product_brand","embeddable":true,"href":"https:\/\/www.cavedegeneve.ch\/de\/wp-json\/wp\/v2\/product_brand?post=241578"},{"taxonomy":"product_cat","embeddable":true,"href":"https:\/\/www.cavedegeneve.ch\/de\/wp-json\/wp\/v2\/product_cat?post=241578"},{"taxonomy":"product_tag","embeddable":true,"href":"https:\/\/www.cavedegeneve.ch\/de\/wp-json\/wp\/v2\/product_tag?post=241578"}],"curies":[{"name":"wp","href":"https:\/\/api.w.org\/{rel}","templated":true}]}}