{"id":241572,"date":"2016-05-18T13:35:20","date_gmt":"2016-05-18T12:35:20","guid":{"rendered":"https:\/\/cave2023.prz.online\/product\/premier-cru-cotes-de-russin-gamay\/"},"modified":"2025-09-30T15:34:50","modified_gmt":"2025-09-30T14:34:50","slug":"premier-cru-cotes-de-russin-gamay","status":"publish","type":"product","link":"https:\/\/www.cavedegeneve.ch\/de\/boutique\/premier-cru-cotes-de-russin-gamay\/","title":{"rendered":"Premier Cru C\u00f4tes de Russin Gamay AOC Gen\u00e8ve"},"content":{"rendered":"<p>Der aus dem Burgund stammende Gamay ist seit \u00fcber einem Jahrhundert in der Region Genf heimisch. Er ergibt einen lebhaften, fruchtigen Wein. Dieser rubinrote, brillante Premier Cru entfaltet in der Nase ein h\u00fcbsches Bouquet mit charakteristischen Noten roter Fr\u00fcchte wie Himbeere und Kirsche. Im Antrunk stehen Frische und Frucht im Vordergrund, rasch folgen Geschmeidigkeit und Kraft.<\/p>\n","protected":false},"excerpt":{"rendered":"<p>75cl Flasche<\/p>\n","protected":false},"featured_media":10515,"comment_status":"closed","ping_status":"closed","template":"","meta":{"notes-boisees":[]},"product_brand":[],"product_cat":[560,182,169],"product_tag":[],"class_list":{"0":"post-241572","1":"product","2":"type-product","3":"status-publish","4":"has-post-thumbnail","6":"product_cat-premier-cru-de","7":"product_cat-gamay-de","8":"product_cat-rotwein","9":"product_shipping_class-livraison-en-suisse-de","11":"first","12":"instock","13":"taxable","14":"shipping-taxable","15":"purchasable","16":"product-type-simple"},"_links":{"self":[{"href":"https:\/\/www.cavedegeneve.ch\/de\/wp-json\/wp\/v2\/product\/241572","targetHints":{"allow":["GET"]}}],"collection":[{"href":"https:\/\/www.cavedegeneve.ch\/de\/wp-json\/wp\/v2\/product"}],"about":[{"href":"https:\/\/www.cavedegeneve.ch\/de\/wp-json\/wp\/v2\/types\/product"}],"replies":[{"embeddable":true,"href":"https:\/\/www.cavedegeneve.ch\/de\/wp-json\/wp\/v2\/comments?post=241572"}],"wp:featuredmedia":[{"embeddable":true,"href":"https:\/\/www.cavedegeneve.ch\/de\/wp-json\/wp\/v2\/media\/10515"}],"wp:attachment":[{"href":"https:\/\/www.cavedegeneve.ch\/de\/wp-json\/wp\/v2\/media?parent=241572"}],"wp:term":[{"taxonomy":"product_brand","embeddable":true,"href":"https:\/\/www.cavedegeneve.ch\/de\/wp-json\/wp\/v2\/product_brand?post=241572"},{"taxonomy":"product_cat","embeddable":true,"href":"https:\/\/www.cavedegeneve.ch\/de\/wp-json\/wp\/v2\/product_cat?post=241572"},{"taxonomy":"product_tag","embeddable":true,"href":"https:\/\/www.cavedegeneve.ch\/de\/wp-json\/wp\/v2\/product_tag?post=241572"}],"curies":[{"name":"wp","href":"https:\/\/api.w.org\/{rel}","templated":true}]}}