{"id":241571,"date":"2016-05-18T13:48:45","date_gmt":"2016-05-18T12:48:45","guid":{"rendered":"https:\/\/cave2023.prz.online\/product\/premier-cru-la-feuillee-chasselas\/"},"modified":"2025-02-18T10:40:22","modified_gmt":"2025-02-18T09:40:22","slug":"premier-cru-la-feuillee-chasselas","status":"publish","type":"product","link":"https:\/\/www.cavedegeneve.ch\/de\/boutique\/premier-cru-la-feuillee-chasselas\/","title":{"rendered":"Premier Cru La Feuill\u00e9e Chasselas AOC Gen\u00e8ve"},"content":{"rendered":"<p>Den Chasselas m\u00fcssen wir nicht vorstellen: Er ist die Schweizer Sorte par excellence und ergibt einen erfrischenden Wein mit floralen Noten. Die Reben wurzeln und entfalten sich in den Schwemmlandb\u00f6den des Flusses Arve. Sie setzen sich aus Lehm, Kies, Sand und Schlamm zusammen. Der gelbfarbige Wein zeigt ein kr\u00e4ftiges Bouquet mit floralen Noten weisser Bl\u00fcten; Bl\u00fctenstaub und Lindenbl\u00fcten klingen an.<\/p>\n","protected":false},"excerpt":{"rendered":"<p>75cl Flasche<\/p>\n","protected":false},"featured_media":10512,"comment_status":"closed","ping_status":"closed","template":"","meta":{"notes-boisees":[]},"product_brand":[],"product_cat":[641,560,181,161],"product_tag":[],"class_list":{"0":"post-241571","1":"product","2":"type-product","3":"status-publish","4":"has-post-thumbnail","6":"product_cat-praemierte-weine","7":"product_cat-premier-cru-de","8":"product_cat-chasselas-de","9":"product_cat-weisswein","10":"product_shipping_class-livraison-en-suisse-de","11":"pa_couleurs-weiss","12":"pa_volume-75cl-flasche","14":"first","15":"instock","16":"taxable","17":"shipping-taxable","18":"purchasable","19":"product-type-simple"},"_links":{"self":[{"href":"https:\/\/www.cavedegeneve.ch\/de\/wp-json\/wp\/v2\/product\/241571","targetHints":{"allow":["GET"]}}],"collection":[{"href":"https:\/\/www.cavedegeneve.ch\/de\/wp-json\/wp\/v2\/product"}],"about":[{"href":"https:\/\/www.cavedegeneve.ch\/de\/wp-json\/wp\/v2\/types\/product"}],"replies":[{"embeddable":true,"href":"https:\/\/www.cavedegeneve.ch\/de\/wp-json\/wp\/v2\/comments?post=241571"}],"wp:featuredmedia":[{"embeddable":true,"href":"https:\/\/www.cavedegeneve.ch\/de\/wp-json\/wp\/v2\/media\/10512"}],"wp:attachment":[{"href":"https:\/\/www.cavedegeneve.ch\/de\/wp-json\/wp\/v2\/media?parent=241571"}],"wp:term":[{"taxonomy":"product_brand","embeddable":true,"href":"https:\/\/www.cavedegeneve.ch\/de\/wp-json\/wp\/v2\/product_brand?post=241571"},{"taxonomy":"product_cat","embeddable":true,"href":"https:\/\/www.cavedegeneve.ch\/de\/wp-json\/wp\/v2\/product_cat?post=241571"},{"taxonomy":"product_tag","embeddable":true,"href":"https:\/\/www.cavedegeneve.ch\/de\/wp-json\/wp\/v2\/product_tag?post=241571"}],"curies":[{"name":"wp","href":"https:\/\/api.w.org\/{rel}","templated":true}]}}