{"id":241561,"date":"2016-05-18T15:04:06","date_gmt":"2016-05-18T14:04:06","guid":{"rendered":"https:\/\/cave2023.prz.online\/product\/belles-filles-chasselas\/"},"modified":"2026-04-15T15:35:20","modified_gmt":"2026-04-15T14:35:20","slug":"belles-filles-chasselas","status":"publish","type":"product","link":"https:\/\/www.cavedegeneve.ch\/de\/boutique\/belles-filles-chasselas\/","title":{"rendered":"Belles Filles Chasselas AOC Gen\u00e8ve"},"content":{"rendered":"<p>In der neuen Linie Belles Filles nimmt der Chasselas die Rolle des erfrischenden und leichten Weins ein. Florale Noten charakterisieren ihn. Die Farbe ist von mittlerer Intensit\u00e4t, klar und mit goldenen Reflexen. In der Nase entfalten sich subtile, feine D\u00fcfte, die an weisse Bl\u00fcten und Honig erinnern. Im frischen Antrunk macht sich eine Prise Kohlens\u00e4ure bemerkbar. Das Finale klingt finessenreich und delikat aus. Diese Schweizer Rebsorte par excellence passt ideal zum Ap\u00e9ro, zu sommerlichen Gerichten wie Charcuterie, Seefisch oder auch zu K\u00e4sespeisen. Optimal kommt dieser Weisse bei einer Serviertemperatur von 8 bis 10 \u00b0C zur Geltung.<\/p>\n","protected":false},"excerpt":{"rendered":"<p>In der neuen Linie Belles Filles nimmt der Chasselas die Rolle des erfrischenden und leichten Weins ein. Florale Noten charakterisieren ihn. Die Farbe ist von mittlerer Intensit\u00e4t, klar und mit goldenen Reflexen. In der Nase entfalten sich subtile, feine D\u00fcfte, die an weisse Bl\u00fcten und Honig erinnern. Im frischen Antrunk macht sich eine Prise Kohlens\u00e4ure [&hellip;]<\/p>\n","protected":false},"featured_media":10555,"comment_status":"closed","ping_status":"closed","template":"","meta":{"notes-boisees":[]},"product_brand":[],"product_cat":[641,198,181,161],"product_tag":[],"class_list":{"0":"post-241561","1":"product","2":"type-product","3":"status-publish","4":"has-post-thumbnail","6":"product_cat-praemierte-weine","7":"product_cat-belles-filles-de","8":"product_cat-chasselas-de","9":"product_cat-weisswein","10":"product_shipping_class-livraison-en-suisse-de","11":"pa_volume-75cl-flasche","12":"pa_volume-50cl-flasche","14":"first","15":"instock","16":"taxable","17":"shipping-taxable","18":"purchasable","19":"product-type-variable","20":"has-default-attributes"},"_links":{"self":[{"href":"https:\/\/www.cavedegeneve.ch\/de\/wp-json\/wp\/v2\/product\/241561","targetHints":{"allow":["GET"]}}],"collection":[{"href":"https:\/\/www.cavedegeneve.ch\/de\/wp-json\/wp\/v2\/product"}],"about":[{"href":"https:\/\/www.cavedegeneve.ch\/de\/wp-json\/wp\/v2\/types\/product"}],"replies":[{"embeddable":true,"href":"https:\/\/www.cavedegeneve.ch\/de\/wp-json\/wp\/v2\/comments?post=241561"}],"wp:featuredmedia":[{"embeddable":true,"href":"https:\/\/www.cavedegeneve.ch\/de\/wp-json\/wp\/v2\/media\/10555"}],"wp:attachment":[{"href":"https:\/\/www.cavedegeneve.ch\/de\/wp-json\/wp\/v2\/media?parent=241561"}],"wp:term":[{"taxonomy":"product_brand","embeddable":true,"href":"https:\/\/www.cavedegeneve.ch\/de\/wp-json\/wp\/v2\/product_brand?post=241561"},{"taxonomy":"product_cat","embeddable":true,"href":"https:\/\/www.cavedegeneve.ch\/de\/wp-json\/wp\/v2\/product_cat?post=241561"},{"taxonomy":"product_tag","embeddable":true,"href":"https:\/\/www.cavedegeneve.ch\/de\/wp-json\/wp\/v2\/product_tag?post=241561"}],"curies":[{"name":"wp","href":"https:\/\/api.w.org\/{rel}","templated":true}]}}