{"id":241548,"date":"2016-05-18T15:35:42","date_gmt":"2016-05-18T14:35:42","guid":{"rendered":"https:\/\/cave2023.prz.online\/product\/belles-filles-garanoir-gamaret\/"},"modified":"2026-03-20T09:28:46","modified_gmt":"2026-03-20T08:28:46","slug":"belles-filles-garanoir-gamaret","status":"publish","type":"product","link":"https:\/\/www.cavedegeneve.ch\/de\/boutique\/belles-filles-garanoir-gamaret\/","title":{"rendered":"Belles Filles Garanoir-Gamaret AOC Gen\u00e8ve"},"content":{"rendered":"<p>Die subtile Assemblage besteht aus den beiden Sorten Garanoir und Gamaret. Beide wurden im Tank ausgebaut, um ein besonders ausdrucksstarkes Bouquet zu erhalten. Der Rotwein mit violetten Reflexen bietet reichhaltige Aromen schwarzer Fr\u00fcchte und Gew\u00fcrze. Auf den weichen und fleischigen Antrunk folgen Aromen reifer Fr\u00fcchte und pfeffrige Noten von erstaunlicher Intensit\u00e4t. Die ausladende Struktur, die feinen Tannine und ein langes Finale zeichnen diesen Wein aus. Diese gelungene Assemblage passt gut zu grilliertem Fleisch, zu Charcuterie und zu kr\u00e4ftigem K\u00e4se.<\/p>\n","protected":false},"excerpt":{"rendered":"<p>Die subtile Assemblage besteht aus den beiden Sorten Garanoir und Gamaret. Beide wurden im Tank ausgebaut, um ein besonders ausdrucksstarkes Bouquet zu erhalten. Der Rotwein mit violetten Reflexen bietet reichhaltige Aromen schwarzer Fr\u00fcchte und Gew\u00fcrze. Auf den weichen und fleischigen Antrunk folgen Aromen reifer Fr\u00fcchte und pfeffrige Noten von erstaunlicher Intensit\u00e4t. Die ausladende Struktur, die [&hellip;]<\/p>\n","protected":false},"featured_media":10540,"comment_status":"closed","ping_status":"closed","template":"","meta":{"notes-boisees":[]},"product_brand":[],"product_cat":[956,198,165,183,169],"product_tag":[846],"class_list":{"0":"post-241548","1":"product","2":"type-product","3":"status-publish","4":"has-post-thumbnail","6":"product_cat-promotions-de","7":"product_cat-belles-filles-de","8":"product_cat-gamaret-de","9":"product_cat-garanoir-de","10":"product_cat-rotwein","11":"product_tag-angebot","12":"product_shipping_class-livraison-en-suisse-de","13":"pa_couleurs-rotwein","14":"pa_volume-75cl-flasche","15":"pa_volume-50cl-flasche","17":"first","18":"instock","19":"sale","20":"taxable","21":"shipping-taxable","22":"purchasable","23":"product-type-variable","24":"has-default-attributes"},"_links":{"self":[{"href":"https:\/\/www.cavedegeneve.ch\/de\/wp-json\/wp\/v2\/product\/241548","targetHints":{"allow":["GET"]}}],"collection":[{"href":"https:\/\/www.cavedegeneve.ch\/de\/wp-json\/wp\/v2\/product"}],"about":[{"href":"https:\/\/www.cavedegeneve.ch\/de\/wp-json\/wp\/v2\/types\/product"}],"replies":[{"embeddable":true,"href":"https:\/\/www.cavedegeneve.ch\/de\/wp-json\/wp\/v2\/comments?post=241548"}],"wp:featuredmedia":[{"embeddable":true,"href":"https:\/\/www.cavedegeneve.ch\/de\/wp-json\/wp\/v2\/media\/10540"}],"wp:attachment":[{"href":"https:\/\/www.cavedegeneve.ch\/de\/wp-json\/wp\/v2\/media?parent=241548"}],"wp:term":[{"taxonomy":"product_brand","embeddable":true,"href":"https:\/\/www.cavedegeneve.ch\/de\/wp-json\/wp\/v2\/product_brand?post=241548"},{"taxonomy":"product_cat","embeddable":true,"href":"https:\/\/www.cavedegeneve.ch\/de\/wp-json\/wp\/v2\/product_cat?post=241548"},{"taxonomy":"product_tag","embeddable":true,"href":"https:\/\/www.cavedegeneve.ch\/de\/wp-json\/wp\/v2\/product_tag?post=241548"}],"curies":[{"name":"wp","href":"https:\/\/api.w.org\/{rel}","templated":true}]}}