{"id":241545,"date":"2016-05-18T15:49:03","date_gmt":"2016-05-18T14:49:03","guid":{"rendered":"https:\/\/cave2023.prz.online\/product\/belles-filles-rose-de-gamay\/"},"modified":"2026-03-07T11:11:38","modified_gmt":"2026-03-07T10:11:38","slug":"belles-filles-rose-de-gamay","status":"publish","type":"product","link":"https:\/\/www.cavedegeneve.ch\/de\/boutique\/belles-filles-rose-de-gamay\/","title":{"rendered":"Belles Filles Ros\u00e9 de Gamay AOC Gen\u00e8ve"},"content":{"rendered":"<p>Die Gamay-Rebe gedeiht in Genf auf einem aussergew\u00f6hnlichen Terroir, und die hier gekelterten Weine zeigen einen einzigartigen Ausdruck. Die Trauben werden nach der Ernte sofort abgepresst, anschliessend wird der Most im Tank ausgebaut. Das intensive, anhaltende Bouquet ist von D\u00fcften gepr\u00e4gt, die an sommerliche rote Fr\u00fcchte wie Himbeeren und Erdbeeren erinnern. Der Antrunk ist lebhaft, der Mittelteil schmeckt lecker und fruchtig, das Finale ist anhaltend, elegant und ausgewogen \u2013 ein Wein f\u00fcr die unterschiedlichsten Gelegenheiten. Er passt zum Ap\u00e9ro, l\u00e4utet den Sommer ein, bereichert Gerichte mit Fisch oder weissem Fleisch. Zur leichten, sommerlichen K\u00fcche mundet er ohnehin.<\/p>\n","protected":false},"excerpt":{"rendered":"<p>Die Gamay-Rebe gedeiht in Genf auf einem aussergew\u00f6hnlichen Terroir, und die hier gekelterten Weine zeigen einen einzigartigen Ausdruck. Die Trauben werden nach der Ernte sofort abgepresst, anschliessend wird der Most im Tank ausgebaut. Das intensive, anhaltende Bouquet ist von D\u00fcften gepr\u00e4gt, die an sommerliche rote Fr\u00fcchte wie Himbeeren und Erdbeeren erinnern. Der Antrunk ist lebhaft, [&hellip;]<\/p>\n","protected":false},"featured_media":10534,"comment_status":"closed","ping_status":"closed","template":"","meta":{"notes-boisees":[]},"product_brand":[],"product_cat":[641,198,182,178],"product_tag":[],"class_list":{"0":"post-241545","1":"product","2":"type-product","3":"status-publish","4":"has-post-thumbnail","6":"product_cat-praemierte-weine","7":"product_cat-belles-filles-de","8":"product_cat-gamay-de","9":"product_cat-rosewein","10":"product_shipping_class-livraison-en-suisse-de","11":"pa_couleurs-rosewein","12":"pa_volume-75cl-flasche","13":"pa_volume-50cl-flasche","15":"first","16":"instock","17":"taxable","18":"shipping-taxable","19":"purchasable","20":"product-type-variable","21":"has-default-attributes"},"_links":{"self":[{"href":"https:\/\/www.cavedegeneve.ch\/de\/wp-json\/wp\/v2\/product\/241545","targetHints":{"allow":["GET"]}}],"collection":[{"href":"https:\/\/www.cavedegeneve.ch\/de\/wp-json\/wp\/v2\/product"}],"about":[{"href":"https:\/\/www.cavedegeneve.ch\/de\/wp-json\/wp\/v2\/types\/product"}],"replies":[{"embeddable":true,"href":"https:\/\/www.cavedegeneve.ch\/de\/wp-json\/wp\/v2\/comments?post=241545"}],"wp:featuredmedia":[{"embeddable":true,"href":"https:\/\/www.cavedegeneve.ch\/de\/wp-json\/wp\/v2\/media\/10534"}],"wp:attachment":[{"href":"https:\/\/www.cavedegeneve.ch\/de\/wp-json\/wp\/v2\/media?parent=241545"}],"wp:term":[{"taxonomy":"product_brand","embeddable":true,"href":"https:\/\/www.cavedegeneve.ch\/de\/wp-json\/wp\/v2\/product_brand?post=241545"},{"taxonomy":"product_cat","embeddable":true,"href":"https:\/\/www.cavedegeneve.ch\/de\/wp-json\/wp\/v2\/product_cat?post=241545"},{"taxonomy":"product_tag","embeddable":true,"href":"https:\/\/www.cavedegeneve.ch\/de\/wp-json\/wp\/v2\/product_tag?post=241545"}],"curies":[{"name":"wp","href":"https:\/\/api.w.org\/{rel}","templated":true}]}}