{"id":241541,"date":"2016-05-18T15:53:41","date_gmt":"2016-05-18T14:53:41","guid":{"rendered":"https:\/\/cave2023.prz.online\/product\/belles-filles-oeil-de-perdrix\/"},"modified":"2026-04-10T14:18:27","modified_gmt":"2026-04-10T13:18:27","slug":"belles-filles-oeil-de-perdrix","status":"publish","type":"product","link":"https:\/\/www.cavedegeneve.ch\/de\/boutique\/belles-filles-oeil-de-perdrix\/","title":{"rendered":"Belles Filles Oeil-de-Perdrix AOC Gen\u00e8ve"},"content":{"rendered":"<p>Der \u0152il-de-Perdrix ist ein in der Art eines Ros\u00e9s gekelterter Pinot noir. Dank der Sorte erh\u00e4lt der Wein eine gute F\u00fclle und ein kr\u00e4ftiges Bouquet. Eine intensive Vielfalt an D\u00fcften \u00f6ffnet sich. Noten von Pfirsich und Erdbeerkonfit\u00fcre klingen an. Allein die intensive Farbe mit den lachsfarbenen Reflexen ist Verf\u00fchrung. Der rassige Wein mit reichhaltigem und geschmeidigem Antrunk wirkt am Gaumen cremig und fruchtig. Der Wein endet frisch und unglaublich lang. Gut kommen seine Vorz\u00fcge beim Ap\u00e9ro zur Geltung, noch besser bei Fleischgerichten oder ged\u00e4mpftem Fisch. Und ganz besonders gut passt der Tropfen zur asiatischen K\u00fcche.<\/p>\n","protected":false},"excerpt":{"rendered":"<p>Der \u0152il-de-Perdrix ist ein in der Art eines Ros\u00e9s gekelterter Pinot noir. Dank der Sorte erh\u00e4lt der Wein eine gute F\u00fclle und ein kr\u00e4ftiges Bouquet. Eine intensive Vielfalt an D\u00fcften \u00f6ffnet sich. Noten von Pfirsich und Erdbeerkonfit\u00fcre klingen an. Allein die intensive Farbe mit den lachsfarbenen Reflexen ist Verf\u00fchrung. Der rassige Wein mit reichhaltigem und [&hellip;]<\/p>\n","protected":false},"featured_media":10531,"comment_status":"closed","ping_status":"closed","template":"","meta":{"notes-boisees":[]},"product_brand":[],"product_cat":[956,198,494,187,178],"product_tag":[],"class_list":{"0":"post-241541","1":"product","2":"type-product","3":"status-publish","4":"has-post-thumbnail","6":"product_cat-promotions-de","7":"product_cat-belles-filles-de","8":"product_cat-oeil-de-perdrix-de","9":"product_cat-pinot-noir-de","10":"product_cat-rosewein","11":"product_shipping_class-livraison-en-suisse-de","12":"pa_couleurs-rosewein","13":"pa_volume-75cl-flasche","14":"pa_volume-50cl-flasche","16":"first","17":"instock","18":"sale","19":"taxable","20":"shipping-taxable","21":"purchasable","22":"product-type-variable","23":"has-default-attributes"},"_links":{"self":[{"href":"https:\/\/www.cavedegeneve.ch\/de\/wp-json\/wp\/v2\/product\/241541","targetHints":{"allow":["GET"]}}],"collection":[{"href":"https:\/\/www.cavedegeneve.ch\/de\/wp-json\/wp\/v2\/product"}],"about":[{"href":"https:\/\/www.cavedegeneve.ch\/de\/wp-json\/wp\/v2\/types\/product"}],"replies":[{"embeddable":true,"href":"https:\/\/www.cavedegeneve.ch\/de\/wp-json\/wp\/v2\/comments?post=241541"}],"wp:featuredmedia":[{"embeddable":true,"href":"https:\/\/www.cavedegeneve.ch\/de\/wp-json\/wp\/v2\/media\/10531"}],"wp:attachment":[{"href":"https:\/\/www.cavedegeneve.ch\/de\/wp-json\/wp\/v2\/media?parent=241541"}],"wp:term":[{"taxonomy":"product_brand","embeddable":true,"href":"https:\/\/www.cavedegeneve.ch\/de\/wp-json\/wp\/v2\/product_brand?post=241541"},{"taxonomy":"product_cat","embeddable":true,"href":"https:\/\/www.cavedegeneve.ch\/de\/wp-json\/wp\/v2\/product_cat?post=241541"},{"taxonomy":"product_tag","embeddable":true,"href":"https:\/\/www.cavedegeneve.ch\/de\/wp-json\/wp\/v2\/product_tag?post=241541"}],"curies":[{"name":"wp","href":"https:\/\/api.w.org\/{rel}","templated":true}]}}