{"id":241533,"date":"2016-10-07T08:10:29","date_gmt":"2016-10-07T07:10:29","guid":{"rendered":"https:\/\/cave2023.prz.online\/product\/coffret-coeur-de-clemence\/"},"modified":"2025-12-01T09:46:54","modified_gmt":"2025-12-01T08:46:54","slug":"coffret-coeur-de-clemence","status":"publish","type":"product","link":"https:\/\/www.cavedegeneve.ch\/de\/boutique\/coffret-coeur-de-clemence\/","title":{"rendered":"Tasche C\u0153ur de Cl\u00e9mence"},"content":{"rendered":"<p>Dieser in Eichenf\u00e4ssern gereifte Gamaret mit seinem ausdrucksstarken und warmen Bouquet ist eines der Must-haves von La Cave de Gen\u00e8ve. <\/p>\n","protected":false},"excerpt":{"rendered":"<p>75cl Flasche<\/p>\n","protected":false},"featured_media":256800,"comment_status":"closed","ping_status":"closed","template":"","meta":{"notes-boisees":null},"product_brand":[],"product_cat":[359,164,165,169],"product_tag":[944],"class_list":{"0":"post-241533","1":"product","2":"type-product","3":"status-publish","4":"has-post-thumbnail","6":"product_cat-geschenkboxen","7":"product_cat-clemence-de","8":"product_cat-gamaret-de","9":"product_cat-rotwein","10":"product_tag-boxen","11":"product_shipping_class-livraison-en-suisse-de","12":"pa_couleurs-rotwein","14":"first","15":"instock","16":"taxable","17":"shipping-taxable","18":"purchasable","19":"product-type-simple"},"_links":{"self":[{"href":"https:\/\/www.cavedegeneve.ch\/de\/wp-json\/wp\/v2\/product\/241533","targetHints":{"allow":["GET"]}}],"collection":[{"href":"https:\/\/www.cavedegeneve.ch\/de\/wp-json\/wp\/v2\/product"}],"about":[{"href":"https:\/\/www.cavedegeneve.ch\/de\/wp-json\/wp\/v2\/types\/product"}],"replies":[{"embeddable":true,"href":"https:\/\/www.cavedegeneve.ch\/de\/wp-json\/wp\/v2\/comments?post=241533"}],"wp:featuredmedia":[{"embeddable":true,"href":"https:\/\/www.cavedegeneve.ch\/de\/wp-json\/wp\/v2\/media\/256800"}],"wp:attachment":[{"href":"https:\/\/www.cavedegeneve.ch\/de\/wp-json\/wp\/v2\/media?parent=241533"}],"wp:term":[{"taxonomy":"product_brand","embeddable":true,"href":"https:\/\/www.cavedegeneve.ch\/de\/wp-json\/wp\/v2\/product_brand?post=241533"},{"taxonomy":"product_cat","embeddable":true,"href":"https:\/\/www.cavedegeneve.ch\/de\/wp-json\/wp\/v2\/product_cat?post=241533"},{"taxonomy":"product_tag","embeddable":true,"href":"https:\/\/www.cavedegeneve.ch\/de\/wp-json\/wp\/v2\/product_tag?post=241533"}],"curies":[{"name":"wp","href":"https:\/\/api.w.org\/{rel}","templated":true}]}}