{"id":241529,"date":"2016-12-01T10:58:35","date_gmt":"2016-12-01T09:58:35","guid":{"rendered":"https:\/\/cave2023.prz.online\/product\/mout-de-raisin-chasselas-de-romandie\/"},"modified":"2025-09-13T11:37:49","modified_gmt":"2025-09-13T10:37:49","slug":"mout-de-raisin-chasselas-de-romandie","status":"publish","type":"product","link":"https:\/\/www.cavedegeneve.ch\/de\/boutique\/mout-de-raisin-chasselas-de-romandie\/","title":{"rendered":"Mo\u00fbt de Raisin \u2013 Chasselas de Romandie"},"content":{"rendered":"<p>Der \u00e4usserst beliebte, delikate Traubensaft wird aus Chasselas-Trauben gekeltert. Der klare Most dieser Schweizer Sorte par excellence zeigt goldgelbe Reflexe, in der Nase entwickelt sich ein intensives Bouquet, das an Rosinen und Honig erinnert. Am Gaumen halten sich dank fr\u00fchzeitiger Ernte Traubenzucker und Frische die Waage. Die hohe Qualit\u00e4t ist das Resultat einer sorgf\u00e4ltigen Selektion der Weing\u00e4rten. Die Trauben stammen von drei unserer Winzer aus drei verschiedenen Gebieten Es versteht sich von selbst, dass der Mo\u00fbt de Raisin jung und frisch getrunken wird. Ob zu einer Speise oder einfach so, er mundet immer.<\/p>\n","protected":false},"excerpt":{"rendered":"<p>Der \u00e4usserst beliebte, delikate Traubensaft wird aus Chasselas-Trauben gekeltert. Der klare Most dieser Schweizer Sorte par excellence zeigt goldgelbe Reflexe, in der Nase entwickelt sich ein intensives Bouquet, das an Rosinen und Honig erinnert. Am Gaumen halten sich dank fr\u00fchzeitiger Ernte Traubenzucker und Frische die Waage. Die hohe Qualit\u00e4t ist das Resultat einer sorgf\u00e4ltigen Selektion [&hellip;]<\/p>\n","protected":false},"featured_media":12132,"comment_status":"closed","ping_status":"closed","template":"","meta":{"notes-boisees":null},"product_brand":[],"product_cat":[540,365,181,161],"product_tag":[846],"class_list":{"0":"post-241529","1":"product","2":"type-product","3":"status-publish","4":"has-post-thumbnail","6":"product_cat-bib-300-cl-de-2","7":"product_cat-nichtalkoholische-maische","8":"product_cat-chasselas-de","9":"product_cat-weisswein","10":"product_tag-angebot","11":"product_shipping_class-livraison-en-suisse-de","12":"pa_volume-75cl-flasche","13":"pa_volume-300cl-bib-de","15":"first","16":"instock","17":"taxable","18":"shipping-taxable","19":"purchasable","20":"product-type-variable"},"_links":{"self":[{"href":"https:\/\/www.cavedegeneve.ch\/de\/wp-json\/wp\/v2\/product\/241529","targetHints":{"allow":["GET"]}}],"collection":[{"href":"https:\/\/www.cavedegeneve.ch\/de\/wp-json\/wp\/v2\/product"}],"about":[{"href":"https:\/\/www.cavedegeneve.ch\/de\/wp-json\/wp\/v2\/types\/product"}],"replies":[{"embeddable":true,"href":"https:\/\/www.cavedegeneve.ch\/de\/wp-json\/wp\/v2\/comments?post=241529"}],"wp:featuredmedia":[{"embeddable":true,"href":"https:\/\/www.cavedegeneve.ch\/de\/wp-json\/wp\/v2\/media\/12132"}],"wp:attachment":[{"href":"https:\/\/www.cavedegeneve.ch\/de\/wp-json\/wp\/v2\/media?parent=241529"}],"wp:term":[{"taxonomy":"product_brand","embeddable":true,"href":"https:\/\/www.cavedegeneve.ch\/de\/wp-json\/wp\/v2\/product_brand?post=241529"},{"taxonomy":"product_cat","embeddable":true,"href":"https:\/\/www.cavedegeneve.ch\/de\/wp-json\/wp\/v2\/product_cat?post=241529"},{"taxonomy":"product_tag","embeddable":true,"href":"https:\/\/www.cavedegeneve.ch\/de\/wp-json\/wp\/v2\/product_tag?post=241529"}],"curies":[{"name":"wp","href":"https:\/\/api.w.org\/{rel}","templated":true}]}}