{"id":241523,"date":"2017-09-18T14:55:15","date_gmt":"2017-09-18T13:55:15","guid":{"rendered":"https:\/\/cave2023.prz.online\/product\/coffret-clemence\/"},"modified":"2025-12-01T13:17:41","modified_gmt":"2025-12-01T12:17:41","slug":"coffret-clemence","status":"publish","type":"product","link":"https:\/\/www.cavedegeneve.ch\/de\/boutique\/coffret-clemence\/","title":{"rendered":"Set &#8222;Les Cl\u00e9mence&#8220;"},"content":{"rendered":"<p>Dieses Set enth\u00e4lt drei in Eichenf\u00e4ssern gereifte Cl\u00e9mence-Weine.<\/p>\n<p>1 Flasche (75cl) Coeur de Cl\u00e9mence Gamaret ;<br \/>\n1 Flasche (75cl) Cl\u00e9mence Sauvignon Blanc ;<br \/>\n1 Flasche (75cl) Cl\u00e9mence Merlot in Holzkiste<\/p>\n<p>&nbsp;<\/p>\n","protected":false},"excerpt":{"rendered":"<p>&nbsp;<\/p>\n<p>&nbsp;<\/p>\n","protected":false},"featured_media":260755,"comment_status":"closed","ping_status":"closed","template":"","meta":{"notes-boisees":[]},"product_brand":[],"product_cat":[359,164,165,166,190,161,169],"product_tag":[944],"class_list":{"0":"post-241523","1":"product","2":"type-product","3":"status-publish","4":"has-post-thumbnail","6":"product_cat-geschenkboxen","7":"product_cat-clemence-de","8":"product_cat-gamaret-de","9":"product_cat-merlot-de","10":"product_cat-sauvignon-blanc-de","11":"product_cat-weisswein","12":"product_cat-rotwein","13":"product_tag-boxen","14":"product_shipping_class-coffret-de","15":"pa_couleurs-rotwein","16":"pa_couleurs-weiss","18":"first","19":"instock","20":"taxable","21":"shipping-taxable","22":"purchasable","23":"product-type-simple"},"_links":{"self":[{"href":"https:\/\/www.cavedegeneve.ch\/de\/wp-json\/wp\/v2\/product\/241523","targetHints":{"allow":["GET"]}}],"collection":[{"href":"https:\/\/www.cavedegeneve.ch\/de\/wp-json\/wp\/v2\/product"}],"about":[{"href":"https:\/\/www.cavedegeneve.ch\/de\/wp-json\/wp\/v2\/types\/product"}],"replies":[{"embeddable":true,"href":"https:\/\/www.cavedegeneve.ch\/de\/wp-json\/wp\/v2\/comments?post=241523"}],"wp:featuredmedia":[{"embeddable":true,"href":"https:\/\/www.cavedegeneve.ch\/de\/wp-json\/wp\/v2\/media\/260755"}],"wp:attachment":[{"href":"https:\/\/www.cavedegeneve.ch\/de\/wp-json\/wp\/v2\/media?parent=241523"}],"wp:term":[{"taxonomy":"product_brand","embeddable":true,"href":"https:\/\/www.cavedegeneve.ch\/de\/wp-json\/wp\/v2\/product_brand?post=241523"},{"taxonomy":"product_cat","embeddable":true,"href":"https:\/\/www.cavedegeneve.ch\/de\/wp-json\/wp\/v2\/product_cat?post=241523"},{"taxonomy":"product_tag","embeddable":true,"href":"https:\/\/www.cavedegeneve.ch\/de\/wp-json\/wp\/v2\/product_tag?post=241523"}],"curies":[{"name":"wp","href":"https:\/\/api.w.org\/{rel}","templated":true}]}}