{"id":241522,"date":"2017-09-18T14:59:28","date_gmt":"2017-09-18T13:59:28","guid":{"rendered":"https:\/\/cave2023.prz.online\/product\/coffret-jeroboam-infini\/"},"modified":"2025-12-01T09:07:34","modified_gmt":"2025-12-01T08:07:34","slug":"coffret-jeroboam-infini","status":"publish","type":"product","link":"https:\/\/www.cavedegeneve.ch\/de\/boutique\/coffret-jeroboam-infini\/","title":{"rendered":"Jeroboam Unendlich"},"content":{"rendered":"<p>Imposant, sowohl durch seine Gr\u00f6sse als auch durch seinen k\u00f6stlichen Inhalt, wird dieser Jeroboam w\u00e4hrend der Festtage voll zur Geltung kommen. <\/p>\n","protected":false},"excerpt":{"rendered":"<p>Flasche 300cl<\/p>\n","protected":false},"featured_media":11670,"comment_status":"closed","ping_status":"closed","template":"","meta":{"notes-boisees":["notes-boisees"]},"product_brand":[],"product_cat":[359,552,162,180,166,169],"product_tag":[944],"class_list":{"0":"post-241522","1":"product","2":"type-product","3":"status-publish","4":"has-post-thumbnail","6":"product_cat-geschenkboxen","7":"product_cat-infini-de","8":"product_cat-cabernet-franc-de","9":"product_cat-cabernet-sauvignon-de","10":"product_cat-merlot-de","11":"product_cat-rotwein","12":"product_tag-boxen","13":"product_shipping_class-livraison-en-suisse-de","14":"pa_couleurs-rotwein","16":"first","17":"instock","18":"taxable","19":"shipping-taxable","20":"purchasable","21":"product-type-simple"},"_links":{"self":[{"href":"https:\/\/www.cavedegeneve.ch\/de\/wp-json\/wp\/v2\/product\/241522","targetHints":{"allow":["GET"]}}],"collection":[{"href":"https:\/\/www.cavedegeneve.ch\/de\/wp-json\/wp\/v2\/product"}],"about":[{"href":"https:\/\/www.cavedegeneve.ch\/de\/wp-json\/wp\/v2\/types\/product"}],"replies":[{"embeddable":true,"href":"https:\/\/www.cavedegeneve.ch\/de\/wp-json\/wp\/v2\/comments?post=241522"}],"wp:featuredmedia":[{"embeddable":true,"href":"https:\/\/www.cavedegeneve.ch\/de\/wp-json\/wp\/v2\/media\/11670"}],"wp:attachment":[{"href":"https:\/\/www.cavedegeneve.ch\/de\/wp-json\/wp\/v2\/media?parent=241522"}],"wp:term":[{"taxonomy":"product_brand","embeddable":true,"href":"https:\/\/www.cavedegeneve.ch\/de\/wp-json\/wp\/v2\/product_brand?post=241522"},{"taxonomy":"product_cat","embeddable":true,"href":"https:\/\/www.cavedegeneve.ch\/de\/wp-json\/wp\/v2\/product_cat?post=241522"},{"taxonomy":"product_tag","embeddable":true,"href":"https:\/\/www.cavedegeneve.ch\/de\/wp-json\/wp\/v2\/product_tag?post=241522"}],"curies":[{"name":"wp","href":"https:\/\/api.w.org\/{rel}","templated":true}]}}