{"id":241519,"date":"2017-11-07T09:51:59","date_gmt":"2017-11-07T08:51:59","guid":{"rendered":"https:\/\/cave2023.prz.online\/product\/coffret-magnum-coeur-de-clemence\/"},"modified":"2025-12-01T13:21:59","modified_gmt":"2025-12-01T12:21:59","slug":"coffret-magnum-coeur-de-clemence","status":"publish","type":"product","link":"https:\/\/www.cavedegeneve.ch\/de\/boutique\/coffret-magnum-coeur-de-clemence\/","title":{"rendered":"Magnum C\u0153ur de Cl\u00e9mence"},"content":{"rendered":"<p>Ein pr\u00e4chtiger Magnumund eine elegante Holzkiste f\u00fcr einen C\u0153ur de Cl\u00e9mence mit einer pr\u00e4chtigen purpurroten Farbe und Aromen von schwarzen Fr\u00fcchten, unterstrichen von R\u00f6stnoten.<\/p>\n","protected":false},"excerpt":{"rendered":"<p>Ein pr\u00e4chtiger Magnumund eine elegante Holzkiste f\u00fcr einen C\u0153ur de Cl\u00e9mence mit einer pr\u00e4chtigen purpurroten Farbe und Aromen von schwarzen Fr\u00fcchten, unterstrichen von R\u00f6stnoten.<\/p>\n","protected":false},"featured_media":260768,"comment_status":"closed","ping_status":"closed","template":"","meta":{"notes-boisees":[]},"product_brand":[],"product_cat":[359,164,165,169],"product_tag":[944],"class_list":{"0":"post-241519","1":"product","2":"type-product","3":"status-publish","4":"has-post-thumbnail","6":"product_cat-geschenkboxen","7":"product_cat-clemence-de","8":"product_cat-gamaret-de","9":"product_cat-rotwein","10":"product_tag-boxen","11":"product_shipping_class-magnum-de","13":"first","14":"instock","15":"taxable","16":"shipping-taxable","17":"purchasable","18":"product-type-simple"},"_links":{"self":[{"href":"https:\/\/www.cavedegeneve.ch\/de\/wp-json\/wp\/v2\/product\/241519","targetHints":{"allow":["GET"]}}],"collection":[{"href":"https:\/\/www.cavedegeneve.ch\/de\/wp-json\/wp\/v2\/product"}],"about":[{"href":"https:\/\/www.cavedegeneve.ch\/de\/wp-json\/wp\/v2\/types\/product"}],"replies":[{"embeddable":true,"href":"https:\/\/www.cavedegeneve.ch\/de\/wp-json\/wp\/v2\/comments?post=241519"}],"wp:featuredmedia":[{"embeddable":true,"href":"https:\/\/www.cavedegeneve.ch\/de\/wp-json\/wp\/v2\/media\/260768"}],"wp:attachment":[{"href":"https:\/\/www.cavedegeneve.ch\/de\/wp-json\/wp\/v2\/media?parent=241519"}],"wp:term":[{"taxonomy":"product_brand","embeddable":true,"href":"https:\/\/www.cavedegeneve.ch\/de\/wp-json\/wp\/v2\/product_brand?post=241519"},{"taxonomy":"product_cat","embeddable":true,"href":"https:\/\/www.cavedegeneve.ch\/de\/wp-json\/wp\/v2\/product_cat?post=241519"},{"taxonomy":"product_tag","embeddable":true,"href":"https:\/\/www.cavedegeneve.ch\/de\/wp-json\/wp\/v2\/product_tag?post=241519"}],"curies":[{"name":"wp","href":"https:\/\/api.w.org\/{rel}","templated":true}]}}