{"id":241509,"date":"2018-11-12T16:42:25","date_gmt":"2018-11-12T15:42:25","guid":{"rendered":"https:\/\/cave2023.prz.online\/product\/etui-baccarat-brut-blanc-de-blancs\/"},"modified":"2026-01-01T17:36:56","modified_gmt":"2026-01-01T16:36:56","slug":"etui-baccarat-brut-blanc-de-blancs","status":"publish","type":"product","link":"https:\/\/www.cavedegeneve.ch\/de\/boutique\/etui-baccarat-brut-blanc-de-blancs\/","title":{"rendered":"Etui Baccarat Brut Blanc de Blancs"},"content":{"rendered":"<p>In dieser wundersch\u00f6nen Schatulle verbirgt sich ein Baccarat Brut Blanc de Blancs, bereit, entkorkt zu werden, um Ihre Feste und Aperitifs zum Sprudeln zu bringen.<\/p>\n<p>Im Duft zeigen sich feine, harmonische Noten von Fr\u00fcchten und Blumen.<br \/>\nAm Gaumen wirkt der Auftakt frisch und geschmeidig und unterstreicht zart die Eleganz seiner Perlage, ein Zeichen best\u00e4ndiger Qualit\u00e4t. Wird in einem edlen Etui pr\u00e4sentiert.<\/p>\n","protected":false},"excerpt":{"rendered":"<p>In dieser wundersch\u00f6nen Schatulle verbirgt sich ein Baccarat Brut Blanc de Blancs, bereit, entkorkt zu werden, um Ihre Feste und Aperitifs zum Sprudeln zu bringen. Im Duft zeigen sich feine, harmonische Noten von Fr\u00fcchten und Blumen. Am Gaumen wirkt der Auftakt frisch und geschmeidig und unterstreicht zart die Eleganz seiner Perlage, ein Zeichen best\u00e4ndiger Qualit\u00e4t. [&hellip;]<\/p>\n","protected":false},"featured_media":8539,"comment_status":"closed","ping_status":"closed","template":"","meta":{"notes-boisees":[]},"product_brand":[],"product_cat":[490,359,197,177],"product_tag":[846,944],"class_list":{"0":"post-241509","1":"product","2":"type-product","3":"status-publish","4":"has-post-thumbnail","6":"product_cat-geschenkboxen-kurse-gutscheine","7":"product_cat-geschenkboxen","8":"product_cat-baccarat-de","9":"product_cat-sekt","10":"product_tag-angebot","11":"product_tag-boxen","12":"product_shipping_class-livraison-en-suisse-de","13":"pa_couleurs-sekt","15":"first","16":"instock","17":"taxable","18":"shipping-taxable","19":"purchasable","20":"product-type-simple"},"_links":{"self":[{"href":"https:\/\/www.cavedegeneve.ch\/de\/wp-json\/wp\/v2\/product\/241509","targetHints":{"allow":["GET"]}}],"collection":[{"href":"https:\/\/www.cavedegeneve.ch\/de\/wp-json\/wp\/v2\/product"}],"about":[{"href":"https:\/\/www.cavedegeneve.ch\/de\/wp-json\/wp\/v2\/types\/product"}],"replies":[{"embeddable":true,"href":"https:\/\/www.cavedegeneve.ch\/de\/wp-json\/wp\/v2\/comments?post=241509"}],"wp:featuredmedia":[{"embeddable":true,"href":"https:\/\/www.cavedegeneve.ch\/de\/wp-json\/wp\/v2\/media\/8539"}],"wp:attachment":[{"href":"https:\/\/www.cavedegeneve.ch\/de\/wp-json\/wp\/v2\/media?parent=241509"}],"wp:term":[{"taxonomy":"product_brand","embeddable":true,"href":"https:\/\/www.cavedegeneve.ch\/de\/wp-json\/wp\/v2\/product_brand?post=241509"},{"taxonomy":"product_cat","embeddable":true,"href":"https:\/\/www.cavedegeneve.ch\/de\/wp-json\/wp\/v2\/product_cat?post=241509"},{"taxonomy":"product_tag","embeddable":true,"href":"https:\/\/www.cavedegeneve.ch\/de\/wp-json\/wp\/v2\/product_tag?post=241509"}],"curies":[{"name":"wp","href":"https:\/\/api.w.org\/{rel}","templated":true}]}}