{"id":241490,"date":"2019-10-24T09:52:00","date_gmt":"2019-10-24T08:52:00","guid":{"rendered":"https:\/\/cave2023.prz.online\/?post_type=product&#038;p=241490"},"modified":"2025-12-01T13:15:09","modified_gmt":"2025-12-01T12:15:09","slug":"instant-douceur","status":"publish","type":"product","link":"https:\/\/www.cavedegeneve.ch\/de\/boutique\/instant-douceur\/","title":{"rendered":"S\u00fcsse Verf\u00fchrung"},"content":{"rendered":"<p>Die zarte S\u00fcsse der von der Chocolaterie Guillaume Bichet hergestellten Princesse-Schokolade harmoniert wunderbar mit den feinen und anhaltenden Perlen des Baccarat Ros\u00e9.<\/p>\n","protected":false},"excerpt":{"rendered":"<p>Die zarte S\u00fcsse der von der Chocolaterie Guillaume Bichet hergestellten Princesse-Schokolade harmoniert wunderbar mit den feinen und anhaltenden Perlen des Baccarat Ros\u00e9.<\/p>\n","protected":false},"featured_media":255099,"comment_status":"closed","ping_status":"closed","template":"","meta":{"notes-boisees":[]},"product_brand":[],"product_cat":[359,197,187,177],"product_tag":[944],"class_list":{"0":"post-241490","1":"product","2":"type-product","3":"status-publish","4":"has-post-thumbnail","6":"product_cat-geschenkboxen","7":"product_cat-baccarat-de","8":"product_cat-pinot-noir-de","9":"product_cat-sekt","10":"product_tag-boxen","11":"product_shipping_class-coffret-de","12":"pa_couleurs-sekt","14":"first","15":"instock","16":"taxable","17":"shipping-taxable","18":"purchasable","19":"product-type-simple"},"_links":{"self":[{"href":"https:\/\/www.cavedegeneve.ch\/de\/wp-json\/wp\/v2\/product\/241490","targetHints":{"allow":["GET"]}}],"collection":[{"href":"https:\/\/www.cavedegeneve.ch\/de\/wp-json\/wp\/v2\/product"}],"about":[{"href":"https:\/\/www.cavedegeneve.ch\/de\/wp-json\/wp\/v2\/types\/product"}],"replies":[{"embeddable":true,"href":"https:\/\/www.cavedegeneve.ch\/de\/wp-json\/wp\/v2\/comments?post=241490"}],"wp:featuredmedia":[{"embeddable":true,"href":"https:\/\/www.cavedegeneve.ch\/de\/wp-json\/wp\/v2\/media\/255099"}],"wp:attachment":[{"href":"https:\/\/www.cavedegeneve.ch\/de\/wp-json\/wp\/v2\/media?parent=241490"}],"wp:term":[{"taxonomy":"product_brand","embeddable":true,"href":"https:\/\/www.cavedegeneve.ch\/de\/wp-json\/wp\/v2\/product_brand?post=241490"},{"taxonomy":"product_cat","embeddable":true,"href":"https:\/\/www.cavedegeneve.ch\/de\/wp-json\/wp\/v2\/product_cat?post=241490"},{"taxonomy":"product_tag","embeddable":true,"href":"https:\/\/www.cavedegeneve.ch\/de\/wp-json\/wp\/v2\/product_tag?post=241490"}],"curies":[{"name":"wp","href":"https:\/\/api.w.org\/{rel}","templated":true}]}}