{"id":241465,"date":"2020-10-02T08:07:05","date_gmt":"2020-10-02T07:07:05","guid":{"rendered":"https:\/\/cave2023.prz.online\/product\/bib-assemblage-rouge\/"},"modified":"2025-07-04T10:38:01","modified_gmt":"2025-07-04T09:38:01","slug":"bib-assemblage-rouge","status":"publish","type":"product","link":"https:\/\/www.cavedegeneve.ch\/de\/boutique\/bib-assemblage-rouge\/","title":{"rendered":"BIB &#8211; Mon Assemblage Rouge"},"content":{"rendered":"<p>Dieser Verschnitt aus Gamaret und Gamay wird klassisch in F\u00e4ssern ausgebaut, um seinen fruchtigen Ausdruck zu f\u00f6rdern. Seine Farbe ist ein intensives Rot mit violetten Reflexen. In der Nase entfaltet er eine Aromenpalette aus schwarzen Fr\u00fcchten und Gew\u00fcrzen. Im Mund ist der Auftakt geschmeidig, die Aromen reifer Fr\u00fcchte, die sich zu w\u00fcrzigen Noten entwickeln, werden von eleganten Tanninen begleitet.<\/p>\n","protected":false},"excerpt":{"rendered":"<p>BIB 300cl<\/p>\n","protected":false},"featured_media":102359,"comment_status":"closed","ping_status":"closed","template":"","meta":{"notes-boisees":[]},"product_brand":[],"product_cat":[540,165,182,169],"product_tag":[],"class_list":{"0":"post-241465","1":"product","2":"type-product","3":"status-publish","4":"has-post-thumbnail","6":"product_cat-bib-300-cl-de-2","7":"product_cat-gamaret-de","8":"product_cat-gamay-de","9":"product_cat-rotwein","10":"product_shipping_class-livraison-en-suisse-de","11":"pa_couleurs-rotwein","13":"first","14":"instock","15":"taxable","16":"shipping-taxable","17":"purchasable","18":"product-type-simple"},"_links":{"self":[{"href":"https:\/\/www.cavedegeneve.ch\/de\/wp-json\/wp\/v2\/product\/241465","targetHints":{"allow":["GET"]}}],"collection":[{"href":"https:\/\/www.cavedegeneve.ch\/de\/wp-json\/wp\/v2\/product"}],"about":[{"href":"https:\/\/www.cavedegeneve.ch\/de\/wp-json\/wp\/v2\/types\/product"}],"replies":[{"embeddable":true,"href":"https:\/\/www.cavedegeneve.ch\/de\/wp-json\/wp\/v2\/comments?post=241465"}],"wp:featuredmedia":[{"embeddable":true,"href":"https:\/\/www.cavedegeneve.ch\/de\/wp-json\/wp\/v2\/media\/102359"}],"wp:attachment":[{"href":"https:\/\/www.cavedegeneve.ch\/de\/wp-json\/wp\/v2\/media?parent=241465"}],"wp:term":[{"taxonomy":"product_brand","embeddable":true,"href":"https:\/\/www.cavedegeneve.ch\/de\/wp-json\/wp\/v2\/product_brand?post=241465"},{"taxonomy":"product_cat","embeddable":true,"href":"https:\/\/www.cavedegeneve.ch\/de\/wp-json\/wp\/v2\/product_cat?post=241465"},{"taxonomy":"product_tag","embeddable":true,"href":"https:\/\/www.cavedegeneve.ch\/de\/wp-json\/wp\/v2\/product_tag?post=241465"}],"curies":[{"name":"wp","href":"https:\/\/api.w.org\/{rel}","templated":true}]}}