{"id":241462,"date":"2020-11-27T10:33:53","date_gmt":"2020-11-27T09:33:53","guid":{"rendered":"https:\/\/cave2023.prz.online\/product\/cuvee-1602-landing\/"},"modified":"2025-11-19T10:40:19","modified_gmt":"2025-11-19T09:40:19","slug":"cuvee-1602","status":"publish","type":"product","link":"https:\/\/www.cavedegeneve.ch\/de\/boutique\/cuvee-1602\/","title":{"rendered":"Cuv\u00e9e 1602 Assemblage Rouge AOC Gen\u00e8ve"},"content":{"rendered":"<h4>C\u00e9 qu\u2019\u00e8 lain\u00f4, le Maitre d\u00e9 bataille&#8230;<br \/>\nUm an unsere Geschichte zu erinnern und die Aktionen von La Compagnie de 1602 zu unterst\u00fctzen, haben wir eine besondere Cuv\u00e9e aus einem tausendj\u00e4hrigen Genfer Weinberg zusammengestellt.<\/h4>\n<p>Diese Assemblage aus Gamaret und Gamay wird klassisch im Tank ausgebaut, um ihren fruchtigen Ausdruck zu bevorzugen. Seine Farbe ist ein intensives Rot mit violetten Reflexen. In der Nase entfaltet sich eine Palette von Aromen schwarzer Fr\u00fcchte und Gew\u00fcrze. Im Mund beginnt die Cuv\u00e9e 1602 mit einem weichen Auftakt, dann entwickeln sich Aromen von reifen Fr\u00fcchten zu w\u00fcrzigen Noten, die von eleganten Tanninen begleitet werden.<\/p>\n","protected":false},"excerpt":{"rendered":"<p>Bouteille 75cl<\/p>\n","protected":false},"featured_media":222864,"comment_status":"closed","ping_status":"closed","template":"","meta":{"notes-boisees":[]},"product_brand":[],"product_cat":[739,935,165,182,169],"product_tag":[],"class_list":{"0":"post-241462","1":"product","2":"type-product","3":"status-publish","4":"has-post-thumbnail","6":"product_cat-cuvee-1602-de","7":"product_cat-cuvees-speciales-de","8":"product_cat-gamaret-de","9":"product_cat-gamay-de","10":"product_cat-rotwein","11":"product_shipping_class-livraison-en-suisse-de","13":"first","14":"instock","15":"taxable","16":"shipping-taxable","17":"purchasable","18":"product-type-simple"},"_links":{"self":[{"href":"https:\/\/www.cavedegeneve.ch\/de\/wp-json\/wp\/v2\/product\/241462","targetHints":{"allow":["GET"]}}],"collection":[{"href":"https:\/\/www.cavedegeneve.ch\/de\/wp-json\/wp\/v2\/product"}],"about":[{"href":"https:\/\/www.cavedegeneve.ch\/de\/wp-json\/wp\/v2\/types\/product"}],"replies":[{"embeddable":true,"href":"https:\/\/www.cavedegeneve.ch\/de\/wp-json\/wp\/v2\/comments?post=241462"}],"wp:featuredmedia":[{"embeddable":true,"href":"https:\/\/www.cavedegeneve.ch\/de\/wp-json\/wp\/v2\/media\/222864"}],"wp:attachment":[{"href":"https:\/\/www.cavedegeneve.ch\/de\/wp-json\/wp\/v2\/media?parent=241462"}],"wp:term":[{"taxonomy":"product_brand","embeddable":true,"href":"https:\/\/www.cavedegeneve.ch\/de\/wp-json\/wp\/v2\/product_brand?post=241462"},{"taxonomy":"product_cat","embeddable":true,"href":"https:\/\/www.cavedegeneve.ch\/de\/wp-json\/wp\/v2\/product_cat?post=241462"},{"taxonomy":"product_tag","embeddable":true,"href":"https:\/\/www.cavedegeneve.ch\/de\/wp-json\/wp\/v2\/product_tag?post=241462"}],"curies":[{"name":"wp","href":"https:\/\/api.w.org\/{rel}","templated":true}]}}