{"id":241460,"date":"2021-10-26T10:40:18","date_gmt":"2021-10-26T09:40:18","guid":{"rendered":"https:\/\/cave2023.prz.online\/product\/magnum-cuvee-de-noel\/"},"modified":"2025-12-01T10:37:27","modified_gmt":"2025-12-01T09:37:27","slug":"magnum-cuvee-de-noel","status":"publish","type":"product","link":"https:\/\/www.cavedegeneve.ch\/de\/boutique\/magnum-cuvee-de-noel\/","title":{"rendered":"Magnum Cuv\u00e9e de No\u00ebl"},"content":{"rendered":"<p>Ein elegantes Etikett, das in limitierter Auflage f\u00fcr diese Magnumflasche entwickelt wurde. Dieser kostbare Wein, eine Assemblage aus roten Rebsorten, ist dazu bestimmt, aussergew\u00f6hnlich Momente zu feiern. Eine einzigartige und festliche Geschenkbox.<\/p>\n","protected":false},"excerpt":{"rendered":"<div class=\"woocommerce-product-details__short-description\">\n<div class=\"woocommerce-product-details__short-description\">\n<p>150cl\u00a0Flasche<\/p>\n<\/div>\n<form class=\"variations_form cart\" style=\"box-sizing: border-box; margin-bottom: 40px; margin-top: 20px; color: #005780; font-family: 'Roboto Condensed', sans-serif; font-size: 14px; font-style: normal; font-variant-ligatures: normal; font-variant-caps: normal; font-weight: 300; letter-spacing: normal; orphans: 2; text-align: start; text-indent: 0px; text-transform: none; white-space: normal; widows: 2; word-spacing: 0px; -webkit-text-stroke-width: 0px; background-color: #ffffff; text-decoration-style: initial; text-decoration-color: initial;\" enctype=\"multipart\/form-data\" method=\"post\" data-product_variations=\"[{&quot;attributes&quot;:{&quot;attribute_taille-de-la-bouteille&quot;:&quot;&quot;},&quot;availability_html&quot;:&quot;&quot;,&quot;backorders_allowed&quot;:false,&quot;dimensions&quot;:{&quot;length&quot;:&quot;&quot;,&quot;width&quot;:&quot;&quot;,&quot;height&quot;:&quot;&quot;},&quot;dimensions_html&quot;:&quot;ND&quot;,&quot;display_price&quot;:14.5,&quot;display_regular_price&quot;:14.5,&quot;image&quot;:{&quot;title&quot;:&quot;SwissWine_rouge_2&quot;,&quot;caption&quot;:&quot;&quot;,&quot;url&quot;:&quot;https:\/\/www.cavedegeneve.ch\/wp-content\/uploads\/SwissWine_rouge_2.png&quot;,&quot;alt&quot;:&quot;&quot;,&quot;src&quot;:&quot;https:\/\/www.cavedegeneve.ch\/wp-content\/uploads\/SwissWine_rouge_2-600x800.png&quot;,&quot;srcset&quot;:&quot;https:\/\/www.cavedegeneve.ch\/wp-content\/uploads\/SwissWine_rouge_2-600x800.png 600w, https:\/\/www.cavedegeneve.ch\/wp-content\/uploads\/SwissWine_rouge_2-225x300.png 225w, https:\/\/www.cavedegeneve.ch\/wp-content\/uploads\/SwissWine_rouge_2-768x1024.png 768w&quot;,&quot;sizes&quot;:&quot;(max-width: 600px) 100vw, 600px&quot;,&quot;full_src&quot;:&quot;https:\/\/www.cavedegeneve.ch\/wp-content\/uploads\/SwissWine_rouge_2.png&quot;,&quot;full_src_w&quot;:2736,&quot;full_src_h&quot;:3648,&quot;gallery_thumbnail_src&quot;:&quot;https:\/\/www.cavedegeneve.ch\/wp-content\/uploads\/SwissWine_rouge_2-100x100.png&quot;,&quot;gallery_thumbnail_src_w&quot;:100,&quot;gallery_thumbnail_src_h&quot;:100,&quot;thumb_src&quot;:&quot;https:\/\/www.cavedegeneve.ch\/wp-content\/uploads\/SwissWine_rouge_2-300x300.png&quot;,&quot;thumb_src_w&quot;:300,&quot;thumb_src_h&quot;:300,&quot;src_w&quot;:600,&quot;src_h&quot;:800},&quot;image_id&quot;:&quot;9605&quot;,&quot;is_downloadable&quot;:false,&quot;is_in_stock&quot;:true,&quot;is_purchasable&quot;:true,&quot;is_sold_individually&quot;:&quot;no&quot;,&quot;is_virtual&quot;:false,&quot;max_qty&quot;:&quot;&quot;,&quot;min_qty&quot;:1,&quot;price_html&quot;:&quot;&lt;span class=&quot;price&quot;&gt;&lt;span class=&quot;woocommerce-Price-amount amount&quot;&gt;14.50&amp;nbsp;&lt;span class=&quot;woocommerce-Price-currencySymbol&quot;&gt;&amp;#67;&amp;#72;&amp;#70;&lt;\/span&gt;&lt;\/span&gt;&lt;\/span&gt;&quot;,&quot;sku&quot;:&quot;&quot;,&quot;variation_description&quot;:&quot;&quot;,&quot;variation_id&quot;:9604,&quot;variation_is_active&quot;:true,&quot;variation_is_visible&quot;:true,&quot;weight&quot;:&quot;&quot;,&quot;weight_html&quot;:&quot;ND&quot;,&quot;input_value&quot;:1,&quot;image_src&quot;:&quot;&quot;}]\" data-product_id=\"9603\"><\/form>\n<\/div>\n<form class=\"variations_form cart\" style=\"box-sizing: border-box; margin-bottom: 40px; margin-top: 20px; color: #005780; font-family: 'Roboto Condensed', sans-serif; font-size: 14px; font-style: normal; font-variant-ligatures: normal; font-variant-caps: normal; font-weight: 300; letter-spacing: normal; orphans: 2; text-align: start; text-indent: 0px; text-transform: none; white-space: normal; widows: 2; word-spacing: 0px; -webkit-text-stroke-width: 0px; background-color: #ffffff; text-decoration-style: initial; text-decoration-color: initial;\" enctype=\"multipart\/form-data\" method=\"post\" data-product_variations=\"[{&quot;attributes&quot;:{&quot;attribute_taille-de-la-bouteille&quot;:&quot;&quot;},&quot;availability_html&quot;:&quot;&quot;,&quot;backorders_allowed&quot;:false,&quot;dimensions&quot;:{&quot;length&quot;:&quot;&quot;,&quot;width&quot;:&quot;&quot;,&quot;height&quot;:&quot;&quot;},&quot;dimensions_html&quot;:&quot;ND&quot;,&quot;display_price&quot;:14.5,&quot;display_regular_price&quot;:14.5,&quot;image&quot;:{&quot;title&quot;:&quot;SwissWine_Blanc_2&quot;,&quot;caption&quot;:&quot;&quot;,&quot;url&quot;:&quot;https:\/\/www.cavedegeneve.ch\/wp-content\/uploads\/SwissWine_Blanc_2.png&quot;,&quot;alt&quot;:&quot;&quot;,&quot;src&quot;:&quot;https:\/\/www.cavedegeneve.ch\/wp-content\/uploads\/SwissWine_Blanc_2-600x800.png&quot;,&quot;srcset&quot;:&quot;https:\/\/www.cavedegeneve.ch\/wp-content\/uploads\/SwissWine_Blanc_2-600x800.png 600w, https:\/\/www.cavedegeneve.ch\/wp-content\/uploads\/SwissWine_Blanc_2-225x300.png 225w, https:\/\/www.cavedegeneve.ch\/wp-content\/uploads\/SwissWine_Blanc_2-768x1024.png 768w&quot;,&quot;sizes&quot;:&quot;(max-width: 600px) 100vw, 600px&quot;,&quot;full_src&quot;:&quot;https:\/\/www.cavedegeneve.ch\/wp-content\/uploads\/SwissWine_Blanc_2.png&quot;,&quot;full_src_w&quot;:2736,&quot;full_src_h&quot;:3648,&quot;gallery_thumbnail_src&quot;:&quot;https:\/\/www.cavedegeneve.ch\/wp-content\/uploads\/SwissWine_Blanc_2-100x100.png&quot;,&quot;gallery_thumbnail_src_w&quot;:100,&quot;gallery_thumbnail_src_h&quot;:100,&quot;thumb_src&quot;:&quot;https:\/\/www.cavedegeneve.ch\/wp-content\/uploads\/SwissWine_Blanc_2-300x300.png&quot;,&quot;thumb_src_w&quot;:300,&quot;thumb_src_h&quot;:300,&quot;src_w&quot;:600,&quot;src_h&quot;:800},&quot;image_id&quot;:&quot;9600&quot;,&quot;is_downloadable&quot;:false,&quot;is_in_stock&quot;:true,&quot;is_purchasable&quot;:true,&quot;is_sold_individually&quot;:&quot;no&quot;,&quot;is_virtual&quot;:false,&quot;max_qty&quot;:&quot;&quot;,&quot;min_qty&quot;:1,&quot;price_html&quot;:&quot;&lt;span class=&quot;price&quot;&gt;&lt;span class=&quot;woocommerce-Price-amount amount&quot;&gt;14.50&amp;nbsp;&lt;span class=&quot;woocommerce-Price-currencySymbol&quot;&gt;&amp;#67;&amp;#72;&amp;#70;&lt;\/span&gt;&lt;\/span&gt;&lt;\/span&gt;&quot;,&quot;sku&quot;:&quot;&quot;,&quot;variation_description&quot;:&quot;&quot;,&quot;variation_id&quot;:9599,&quot;variation_is_active&quot;:true,&quot;variation_is_visible&quot;:true,&quot;weight&quot;:&quot;&quot;,&quot;weight_html&quot;:&quot;ND&quot;,&quot;input_value&quot;:1,&quot;image_src&quot;:&quot;&quot;}]\" data-product_id=\"9598\"><\/form>\n","protected":false},"featured_media":258876,"comment_status":"closed","ping_status":"closed","template":"","meta":{"notes-boisees":[]},"product_brand":[],"product_cat":[935,490,359,162,165,166,169],"product_tag":[944],"class_list":{"0":"post-241460","1":"product","2":"type-product","3":"status-publish","4":"has-post-thumbnail","6":"product_cat-cuvees-speciales-de","7":"product_cat-geschenkboxen-kurse-gutscheine","8":"product_cat-geschenkboxen","9":"product_cat-cabernet-franc-de","10":"product_cat-gamaret-de","11":"product_cat-merlot-de","12":"product_cat-rotwein","13":"product_tag-boxen","14":"product_shipping_class-magnum-de","16":"first","17":"instock","18":"taxable","19":"shipping-taxable","20":"purchasable","21":"product-type-simple"},"_links":{"self":[{"href":"https:\/\/www.cavedegeneve.ch\/de\/wp-json\/wp\/v2\/product\/241460","targetHints":{"allow":["GET"]}}],"collection":[{"href":"https:\/\/www.cavedegeneve.ch\/de\/wp-json\/wp\/v2\/product"}],"about":[{"href":"https:\/\/www.cavedegeneve.ch\/de\/wp-json\/wp\/v2\/types\/product"}],"replies":[{"embeddable":true,"href":"https:\/\/www.cavedegeneve.ch\/de\/wp-json\/wp\/v2\/comments?post=241460"}],"wp:featuredmedia":[{"embeddable":true,"href":"https:\/\/www.cavedegeneve.ch\/de\/wp-json\/wp\/v2\/media\/258876"}],"wp:attachment":[{"href":"https:\/\/www.cavedegeneve.ch\/de\/wp-json\/wp\/v2\/media?parent=241460"}],"wp:term":[{"taxonomy":"product_brand","embeddable":true,"href":"https:\/\/www.cavedegeneve.ch\/de\/wp-json\/wp\/v2\/product_brand?post=241460"},{"taxonomy":"product_cat","embeddable":true,"href":"https:\/\/www.cavedegeneve.ch\/de\/wp-json\/wp\/v2\/product_cat?post=241460"},{"taxonomy":"product_tag","embeddable":true,"href":"https:\/\/www.cavedegeneve.ch\/de\/wp-json\/wp\/v2\/product_tag?post=241460"}],"curies":[{"name":"wp","href":"https:\/\/api.w.org\/{rel}","templated":true}]}}