{"id":241455,"date":"2022-01-11T11:36:05","date_gmt":"2022-01-11T10:36:05","guid":{"rendered":"https:\/\/cave2023.prz.online\/product\/infini-syrah\/"},"modified":"2026-03-09T08:04:48","modified_gmt":"2026-03-09T07:04:48","slug":"infini-syrah","status":"publish","type":"product","link":"https:\/\/www.cavedegeneve.ch\/de\/boutique\/infini-syrah\/","title":{"rendered":"Infini Syrah AOC Gen\u00e8ve"},"content":{"rendered":"<p>Tauchen Sie ein in das Herz eines wertvollen Know-hows.<\/p>\n<p>Entdecken Sie diesen herrlichen Syrah mit seiner dunklen, intensiven Farbe, der in Eichenf\u00e4ssern ausgebaut wurde. Am Gaumen f\u00fchlt er sich weich und frisch an, mit Aromen von schwarzen Fr\u00fcchten und Gew\u00fcrzen, wobei der Pfeffer dominiert. Die moderate Struktur mit seidigen Tanninen best\u00e4tigt der feine und ausgewogene Charakter dieses Nektars.<\/p>\n<p>F\u00fcr einen lang andauernden Genuss.<\/p>\n<p><strong>Das kleine Extra:<\/strong>\u00a0Dieser luftige Wein ist ein wahrer Genuss zu weissem Fleisch, Fisch, Krustentieren oder K\u00e4se.<\/p>\n","protected":false},"excerpt":{"rendered":"<p>75cl Flasche<\/p>\n","protected":false},"featured_media":226314,"comment_status":"closed","ping_status":"closed","template":"","meta":{"notes-boisees":["notes-boisees"]},"product_brand":[],"product_cat":[641,552,192,169],"product_tag":[],"class_list":{"0":"post-241455","1":"product","2":"type-product","3":"status-publish","4":"has-post-thumbnail","6":"product_cat-praemierte-weine","7":"product_cat-infini-de","8":"product_cat-syrah-de","9":"product_cat-rotwein","10":"product_shipping_class-livraison-en-suisse-de","11":"pa_couleurs-rotwein","13":"first","14":"instock","15":"taxable","16":"shipping-taxable","17":"purchasable","18":"product-type-simple"},"_links":{"self":[{"href":"https:\/\/www.cavedegeneve.ch\/de\/wp-json\/wp\/v2\/product\/241455","targetHints":{"allow":["GET"]}}],"collection":[{"href":"https:\/\/www.cavedegeneve.ch\/de\/wp-json\/wp\/v2\/product"}],"about":[{"href":"https:\/\/www.cavedegeneve.ch\/de\/wp-json\/wp\/v2\/types\/product"}],"replies":[{"embeddable":true,"href":"https:\/\/www.cavedegeneve.ch\/de\/wp-json\/wp\/v2\/comments?post=241455"}],"wp:featuredmedia":[{"embeddable":true,"href":"https:\/\/www.cavedegeneve.ch\/de\/wp-json\/wp\/v2\/media\/226314"}],"wp:attachment":[{"href":"https:\/\/www.cavedegeneve.ch\/de\/wp-json\/wp\/v2\/media?parent=241455"}],"wp:term":[{"taxonomy":"product_brand","embeddable":true,"href":"https:\/\/www.cavedegeneve.ch\/de\/wp-json\/wp\/v2\/product_brand?post=241455"},{"taxonomy":"product_cat","embeddable":true,"href":"https:\/\/www.cavedegeneve.ch\/de\/wp-json\/wp\/v2\/product_cat?post=241455"},{"taxonomy":"product_tag","embeddable":true,"href":"https:\/\/www.cavedegeneve.ch\/de\/wp-json\/wp\/v2\/product_tag?post=241455"}],"curies":[{"name":"wp","href":"https:\/\/api.w.org\/{rel}","templated":true}]}}