{"id":241437,"date":"2022-11-02T11:58:46","date_gmt":"2022-11-02T10:58:46","guid":{"rendered":"https:\/\/cave2023.prz.online\/product\/coffret-infini-trilogie\/"},"modified":"2025-12-01T09:03:41","modified_gmt":"2025-12-01T08:03:41","slug":"coffret-infini-trilogie","status":"publish","type":"product","link":"https:\/\/www.cavedegeneve.ch\/de\/boutique\/coffret-infini-trilogie\/","title":{"rendered":"Trilogie Infini"},"content":{"rendered":"<p>In der Genfer Region ist die Kultur des Know-hows und der Pr\u00e4zision eine Kunst, die sowohl in der Uhrmacherei als auch in der \u00d6nologie Anwendung findet. Erg\u00e4nzt durch einen dritten Nektar, den Infini Syrah, l\u00e4dt Sie diese Trilogie ein, in das Herz dieses kostbaren und wunderbaren Universums einzutauchen.<\/p>\n","protected":false},"excerpt":{"rendered":"<p>3 Flaschen (75cl)<\/p>\n","protected":false},"featured_media":231075,"comment_status":"closed","ping_status":"closed","template":"","meta":{"notes-boisees":null},"product_brand":[],"product_cat":[359,552,162,180,163,166,190,192,193,161,169],"product_tag":[944],"class_list":{"0":"post-241437","1":"product","2":"type-product","3":"status-publish","4":"has-post-thumbnail","6":"product_cat-geschenkboxen","7":"product_cat-infini-de","8":"product_cat-cabernet-franc-de","9":"product_cat-cabernet-sauvignon-de","10":"product_cat-chardonnay-de","11":"product_cat-merlot-de","12":"product_cat-sauvignon-blanc-de","13":"product_cat-syrah-de","14":"product_cat-viognier-de","15":"product_cat-weisswein","16":"product_cat-rotwein","17":"product_tag-boxen","18":"product_shipping_class-coffret-de","19":"pa_couleurs-weiss","21":"first","22":"instock","23":"taxable","24":"shipping-taxable","25":"purchasable","26":"product-type-simple"},"_links":{"self":[{"href":"https:\/\/www.cavedegeneve.ch\/de\/wp-json\/wp\/v2\/product\/241437","targetHints":{"allow":["GET"]}}],"collection":[{"href":"https:\/\/www.cavedegeneve.ch\/de\/wp-json\/wp\/v2\/product"}],"about":[{"href":"https:\/\/www.cavedegeneve.ch\/de\/wp-json\/wp\/v2\/types\/product"}],"replies":[{"embeddable":true,"href":"https:\/\/www.cavedegeneve.ch\/de\/wp-json\/wp\/v2\/comments?post=241437"}],"wp:featuredmedia":[{"embeddable":true,"href":"https:\/\/www.cavedegeneve.ch\/de\/wp-json\/wp\/v2\/media\/231075"}],"wp:attachment":[{"href":"https:\/\/www.cavedegeneve.ch\/de\/wp-json\/wp\/v2\/media?parent=241437"}],"wp:term":[{"taxonomy":"product_brand","embeddable":true,"href":"https:\/\/www.cavedegeneve.ch\/de\/wp-json\/wp\/v2\/product_brand?post=241437"},{"taxonomy":"product_cat","embeddable":true,"href":"https:\/\/www.cavedegeneve.ch\/de\/wp-json\/wp\/v2\/product_cat?post=241437"},{"taxonomy":"product_tag","embeddable":true,"href":"https:\/\/www.cavedegeneve.ch\/de\/wp-json\/wp\/v2\/product_tag?post=241437"}],"curies":[{"name":"wp","href":"https:\/\/api.w.org\/{rel}","templated":true}]}}