{"id":241430,"date":"2023-02-21T09:00:23","date_gmt":"2023-02-21T08:00:23","guid":{"rendered":"https:\/\/cave2023.prz.online\/product\/infini-blanc-aoc-geneve\/"},"modified":"2024-01-29T11:22:43","modified_gmt":"2024-01-29T10:22:43","slug":"infini-blanc-aoc-geneve","status":"publish","type":"product","link":"https:\/\/www.cavedegeneve.ch\/de\/boutique\/infini-blanc-aoc-geneve\/","title":{"rendered":"Infini Blanc AOC Gen\u00e8ve"},"content":{"rendered":"<p>Der Chardonnay, der die dominierende Mischung darstellt, wird in F\u00e4ssern ausgebaut, um das Volumen und die Struktur dieser Rebsorte zu verst\u00e4rken. Der Viognier und der Sauvignon Blanc verbrachten einige Zeit in \u00e4lteren F\u00e4ssern, um die Aromen dieser Rebsorten hervorzuheben. Die Aromapalette ist reichhaltig und komplex mit Noten von Zitrusfr\u00fcchten, exotischen Fr\u00fcchten und Gew\u00fcrzen. Am Mund sorgt das Gleichgewicht zwischen Rundheit und Frische f\u00fcr ein intensives Vergn\u00fcgen.<\/p>\n<p><strong>Das kleine Extra:<\/strong>\u00a0Dieser luftige Wein ist ein wahrer Genuss zu weissem Fleisch, Fisch, Krustentieren oder K\u00e4se.<\/p>\n","protected":false},"excerpt":{"rendered":"<p>Der Chardonnay, der die dominierende Mischung darstellt, wird in F\u00e4ssern ausgebaut, um das Volumen und die Struktur dieser Rebsorte zu verst\u00e4rken. Der Viognier und der Sauvignon Blanc verbrachten einige Zeit in \u00e4lteren F\u00e4ssern, um die Aromen dieser Rebsorten hervorzuheben. Die Aromapalette ist reichhaltig und komplex mit Noten von Zitrusfr\u00fcchten, exotischen Fr\u00fcchten und Gew\u00fcrzen. Am Mund [&hellip;]<\/p>\n","protected":false},"featured_media":233399,"comment_status":"closed","ping_status":"closed","template":"","meta":{"notes-boisees":null},"product_brand":[],"product_cat":[956,641,194,552,179,163,190,193,176,161],"product_tag":[846],"class_list":{"0":"post-241430","1":"product","2":"type-product","3":"status-publish","4":"has-post-thumbnail","6":"product_cat-promotions-de","7":"product_cat-praemierte-weine","8":"product_cat-weinlinien","9":"product_cat-infini-de","10":"product_cat-traube","11":"product_cat-chardonnay-de","12":"product_cat-sauvignon-blanc-de","13":"product_cat-viognier-de","14":"product_cat-farbe","15":"product_cat-weisswein","16":"product_tag-angebot","17":"product_shipping_class-livraison-en-suisse-de","18":"pa_volume-75cl-flasche","19":"pa_volume-150cl-flasche","21":"first","22":"instock","23":"sale","24":"taxable","25":"shipping-taxable","26":"purchasable","27":"product-type-simple"},"_links":{"self":[{"href":"https:\/\/www.cavedegeneve.ch\/de\/wp-json\/wp\/v2\/product\/241430","targetHints":{"allow":["GET"]}}],"collection":[{"href":"https:\/\/www.cavedegeneve.ch\/de\/wp-json\/wp\/v2\/product"}],"about":[{"href":"https:\/\/www.cavedegeneve.ch\/de\/wp-json\/wp\/v2\/types\/product"}],"replies":[{"embeddable":true,"href":"https:\/\/www.cavedegeneve.ch\/de\/wp-json\/wp\/v2\/comments?post=241430"}],"wp:featuredmedia":[{"embeddable":true,"href":"https:\/\/www.cavedegeneve.ch\/de\/wp-json\/wp\/v2\/media\/233399"}],"wp:attachment":[{"href":"https:\/\/www.cavedegeneve.ch\/de\/wp-json\/wp\/v2\/media?parent=241430"}],"wp:term":[{"taxonomy":"product_brand","embeddable":true,"href":"https:\/\/www.cavedegeneve.ch\/de\/wp-json\/wp\/v2\/product_brand?post=241430"},{"taxonomy":"product_cat","embeddable":true,"href":"https:\/\/www.cavedegeneve.ch\/de\/wp-json\/wp\/v2\/product_cat?post=241430"},{"taxonomy":"product_tag","embeddable":true,"href":"https:\/\/www.cavedegeneve.ch\/de\/wp-json\/wp\/v2\/product_tag?post=241430"}],"curies":[{"name":"wp","href":"https:\/\/api.w.org\/{rel}","templated":true}]}}