{"id":241427,"date":"2023-03-13T11:42:10","date_gmt":"2023-03-13T10:42:10","guid":{"rendered":"https:\/\/cave2023.prz.online\/product\/belles-filles-pinot-noir-aoc-geneve\/"},"modified":"2025-03-04T14:24:29","modified_gmt":"2025-03-04T13:24:29","slug":"belles-filles-pinot-noir-aoc-geneve","status":"publish","type":"product","link":"https:\/\/www.cavedegeneve.ch\/de\/boutique\/belles-filles-pinot-noir-aoc-geneve\/","title":{"rendered":"Belles Filles Pinot Noir AOC Gen\u00e8ve"},"content":{"rendered":"<p>B\u00fchne frei f\u00fcr den Pinot Noir, einen frischen, seidigen Wein voller Charme. Diese illustre Rebsorte von weicher Struktur und aussergew\u00f6hnlichem Schmelz spricht alle Sinne an. Die Farbe ist von zur\u00fcckhaltender Intensit\u00e4t, violette Reflexe leuchten. Das Bouquet charakterisieren kr\u00e4ftige D\u00fcfte roter und schwarzer Beeren wie auch florale Noten: Himbeere, Kirsche und Veilchen sind wahrnehmbar. Der K\u00f6rper ist verf\u00fchrerisch: weicher Antrunk, elegante Tannine, eine attraktive Frische, die sich zum Schluss steigert. Damit der Pinot Noir all seine Vorz\u00fcge ausspielen kann, servieren Sie ihn am besten zu schmackhaften Fleischgerichten mit Saucen, Grilliertem oder feinem Schweinefleisch.<\/p>\n","protected":false},"excerpt":{"rendered":"<p>B\u00fchne frei f\u00fcr den Pinot Noir, einen frischen, seidigen Wein voller Charme. Diese illustre Rebsorte von weicher Struktur und aussergew\u00f6hnlichem Schmelz spricht alle Sinne an. Die Farbe ist von zur\u00fcckhaltender Intensit\u00e4t, violette Reflexe leuchten. Das Bouquet charakterisieren kr\u00e4ftige D\u00fcfte roter und schwarzer Beeren wie auch florale Noten: Himbeere, Kirsche und Veilchen sind wahrnehmbar. Der K\u00f6rper [&hellip;]<\/p>\n","protected":false},"featured_media":240732,"comment_status":"closed","ping_status":"closed","template":"","meta":{"notes-boisees":[]},"product_brand":[],"product_cat":[194,198,179,187,176,169],"product_tag":[],"class_list":{"0":"post-241427","1":"product","2":"type-product","3":"status-publish","4":"has-post-thumbnail","6":"product_cat-weinlinien","7":"product_cat-belles-filles-de","8":"product_cat-traube","9":"product_cat-pinot-noir-de","10":"product_cat-farbe","11":"product_cat-rotwein","12":"product_shipping_class-livraison-en-suisse-de","13":"pa_couleurs-rotwein","14":"pa_volume-75cl-flasche","15":"pa_volume-50cl-flasche","17":"first","18":"instock","19":"taxable","20":"shipping-taxable","21":"purchasable","22":"product-type-variable","23":"has-default-attributes"},"_links":{"self":[{"href":"https:\/\/www.cavedegeneve.ch\/de\/wp-json\/wp\/v2\/product\/241427","targetHints":{"allow":["GET"]}}],"collection":[{"href":"https:\/\/www.cavedegeneve.ch\/de\/wp-json\/wp\/v2\/product"}],"about":[{"href":"https:\/\/www.cavedegeneve.ch\/de\/wp-json\/wp\/v2\/types\/product"}],"replies":[{"embeddable":true,"href":"https:\/\/www.cavedegeneve.ch\/de\/wp-json\/wp\/v2\/comments?post=241427"}],"wp:featuredmedia":[{"embeddable":true,"href":"https:\/\/www.cavedegeneve.ch\/de\/wp-json\/wp\/v2\/media\/240732"}],"wp:attachment":[{"href":"https:\/\/www.cavedegeneve.ch\/de\/wp-json\/wp\/v2\/media?parent=241427"}],"wp:term":[{"taxonomy":"product_brand","embeddable":true,"href":"https:\/\/www.cavedegeneve.ch\/de\/wp-json\/wp\/v2\/product_brand?post=241427"},{"taxonomy":"product_cat","embeddable":true,"href":"https:\/\/www.cavedegeneve.ch\/de\/wp-json\/wp\/v2\/product_cat?post=241427"},{"taxonomy":"product_tag","embeddable":true,"href":"https:\/\/www.cavedegeneve.ch\/de\/wp-json\/wp\/v2\/product_tag?post=241427"}],"curies":[{"name":"wp","href":"https:\/\/api.w.org\/{rel}","templated":true}]}}